{"id":243,"date":"2024-08-13T13:44:46","date_gmt":"2024-08-13T13:44:46","guid":{"rendered":"https:\/\/floridaamendmentguide.com\/?page_id=243"},"modified":"2024-09-04T12:06:08","modified_gmt":"2024-09-04T12:06:08","slug":"florida-amendment-6","status":"publish","type":"page","link":"https:\/\/floridaamendmentguide.com\/ht\/florida-amendment-6\/","title":{"rendered":"Amannman 6 Florid"},"content":{"rendered":"<div data-elementor-type=\"wp-page\" data-elementor-id=\"243\" class=\"elementor elementor-243\" data-elementor-post-type=\"page\">\n\t\t\t\t<div class=\"elementor-element elementor-element-daabd59 e-flex e-con-boxed e-con e-parent\" data-id=\"daabd59\" data-element_type=\"container\">\n\t\t\t\t\t<div class=\"e-con-inner\">\n\t\t\t\t<div class=\"elementor-element elementor-element-8ea77de elementor-widget elementor-widget-heading\" data-id=\"8ea77de\" data-element_type=\"widget\" data-widget_type=\"heading.default\">\n\t\t\t\t<div class=\"elementor-widget-container\">\n\t\t\t<h2 class=\"elementor-heading-title elementor-size-default\">Anilasyon Egzijans Finansman Kanpay Piblik<\/h2>\t\t<\/div>\n\t\t\t\t<\/div>\n\t\t<div class=\"elementor-element elementor-element-cbddadf e-con-full e-flex e-con e-child\" data-id=\"cbddadf\" data-element_type=\"container\">\n\t\t\t\t<div class=\"elementor-element elementor-element-faa7726 elementor-widget elementor-widget-text-editor\" data-id=\"faa7726\" data-element_type=\"widget\" data-widget_type=\"text-editor.default\">\n\t\t\t\t<div class=\"elementor-widget-container\">\n\t\t\t<style>\/*! elementor - v3.23.0 - 05-08-2024 *\/\n.elementor-widget-text-editor.elementor-drop-cap-view-stacked .elementor-drop-cap{background-color:#69727d;color:#fff}.elementor-widget-text-editor.elementor-drop-cap-view-framed .elementor-drop-cap{color:#69727d;border:3px solid;background-color:transparent}.elementor-widget-text-editor:not(.elementor-drop-cap-view-default) .elementor-drop-cap{margin-top:8px}.elementor-widget-text-editor:not(.elementor-drop-cap-view-default) .elementor-drop-cap-letter{width:1em;height:1em}.elementor-widget-text-editor .elementor-drop-cap{float:left;text-align:center;line-height:1;font-size:50px}.elementor-widget-text-editor .elementor-drop-cap-letter{display:inline-block}<\/style>\t\t\t\t<p><strong><em>Enf\u00f2masyon ki nan paj sa a se pa moun ki pa patizan <a href=\"https:\/\/www.vote411.org\/florida\" target=\"_blank\" rel=\"noopener\">Lig Fanm Vot\u00e8 Florid yo.<\/a><\/em><\/strong><\/p>\t\t\t\t\t\t<\/div>\n\t\t\t\t<\/div>\n\t\t\t\t<\/div>\n\t\t\t\t<div class=\"elementor-element elementor-element-b0543bc elementor-widget elementor-widget-text-editor\" data-id=\"b0543bc\" data-element_type=\"widget\" data-widget_type=\"text-editor.default\">\n\t\t\t\t<div class=\"elementor-widget-container\">\n\t\t\t\t\t\t\t<p><b>Lang bilten v\u00f2t<\/b><span style=\"font-weight: 400;\"><br \/><\/span><\/p><p><span style=\"font-weight: 400;\">Pwopoze anilasyon dispozisyon ki nan Konstitisyon Eta a ki egzije finansman piblik pou kanpay kandida pou p\u00f2s elektoral nan tout eta a ki dak\u00f2 pou limit depans kanpay yo.<\/span><span style=\"font-weight: 400;\">.<\/span><\/p>\t\t\t\t\t\t<\/div>\n\t\t\t\t<\/div>\n\t\t\t\t<div class=\"elementor-element elementor-element-2d321c2 elementor-widget elementor-widget-heading\" data-id=\"2d321c2\" data-element_type=\"widget\" data-widget_type=\"heading.default\">\n\t\t\t\t<div class=\"elementor-widget-container\">\n\t\t\t<h3 class=\"elementor-heading-title elementor-size-default\">Rezime<\/h3>\t\t<\/div>\n\t\t\t\t<\/div>\n\t\t\t\t<div class=\"elementor-element elementor-element-7e0e43c elementor-widget elementor-widget-text-editor\" data-id=\"7e0e43c\" data-element_type=\"widget\" data-widget_type=\"text-editor.default\">\n\t\t\t\t<div class=\"elementor-widget-container\">\n\t\t\t\t\t\t\t<p><span style=\"font-weight: 400;\">Kounye a, gen dwa a finansman piblik dapre Seksyon 7 Atik VI Konstitisyon Florid la, ki egzije pou eta a bay yon pwogram finansman kanpay piblik pou kandida pou p\u00f2s nan tout eta a (Gouv\u00e8n\u00e8 ak Kabin\u00e8).<\/span><\/p><p><span style=\"font-weight: 400;\">Si amannman 6 pwopoze a pase, li ta anile dwa a finansman piblik pou kandida ki kandida pou biwo nan tout eta a. Enplemantasyon lejislasyon an ta antre an vig\u00e8 tou pou anile Lwa sou Finansman Kanpay Eleksyon Florid la.<\/span><\/p><p><span style=\"font-weight: 400;\">Laflorid te adopte yon lwa finansman kanpay piblik an 1986 e an 1998 Floridyen te ajoute li nan konstitisyon eta a ak 64% v\u00f2t la. Kounye a, konstitisyon an egzije pou kandida pou gouv\u00e8n\u00e8, pwokir\u00e8 jeneral, ofisye anch\u00e8f finansy\u00e8, ak komisyon\u00e8 agrikilti yo kapab jwenn aks\u00e8 nan finansman kanpay piblik si yo dak\u00f2 ak limit depans yo. Kounye a, lwa Laflorid (106.31 FS), prevwa finansman piblik pou kanpay yo ak \u201cobjektif finansman kanpay piblik la se pou rann kandida yo pi reponn a vot\u00e8 Eta Florid yo epi yo izole ke posib de gwoup enter\u00e8 espesyal yo.\u201d Lwa sa a ta anile si amannman sa a pase.<\/span><\/p><p><span style=\"font-weight: 400;\">Plis spesyalman, anba pwogram finansman kanpay piblik akty\u00e8l la, kandida yo ka jwenn aks\u00e8 nan fon matche pou kontribisyon moun ki abite nan Florid f\u00e8 ki ap kontribye $250 oswa mwens. Pou kalifye pou lajan korespondan sa yo, yon kandida dwe:<\/span><\/p><ul><li style=\"font-weight: 400;\" aria-level=\"1\"><span style=\"font-weight: 400;\">pa dwe kouri san opozisyon<\/span><\/li><li style=\"font-weight: 400;\" aria-level=\"1\"><span style=\"font-weight: 400;\">dak\u00f2 pou limite depans total yo a $2.00 pou chak elekt\u00e8 ki anrejistre nan Florid (pou kandida pou gouv\u00e8n\u00e8) oswa $1.00 pou chak elekt\u00e8 ki anrejistre nan Florid (pou kandida pou kabin\u00e8)<\/span><\/li><li style=\"font-weight: 400;\" aria-level=\"1\"><span style=\"font-weight: 400;\">ogmante $150,000 (pou kandida pou gouv\u00e8n\u00e8) oswa $100,000 (pou kandida kabin\u00e8)<\/span><\/li><li style=\"font-weight: 400;\" aria-level=\"1\"><span style=\"font-weight: 400;\">limite pr\u00e8 oswa kontribisyon nan lajan p\u00e8son\u00e8l kandida a a $25,000 epi limite kontribisyon pati politik yo a $250,000.<\/span><\/li><li style=\"font-weight: 400;\" aria-level=\"1\"><span style=\"font-weight: 400;\">rap\u00f2te done finansman kanpay yo bay divizyon eleksyon yo epi soum\u00e8t nan yon odit finansye apre eleksyon an.<\/span><\/li><\/ul><p>\u00a0<\/p><p>An 2022, limit depans pou kandida gouv\u00e8n\u00e8 ki te resevwa finansman kanpay piblik se te $30.29 milyon ($2.00 pou chak elekt\u00e8 ki anrejistre) ak limit pou kandida pou kabin\u00e8 yo te $15.14 milyon ($1.00 pou chak elekt\u00e8 ki anrejistre). Amannman sa a ta retire limit depans sa yo. Depans akty\u00e8l yo an 2022 pou finansman kanpay piblik yo te $13 milyon, apepr\u00e8 ekivalan a 0.01% nan bidj\u00e8 $109.9 milya 2022-2023 eta a.<\/p><p><span style=\"font-weight: 400;\">Lejislati 2024 Florid te refere amandman sa a bay bilten v\u00f2t la (Sena a: 85 Wi a 15 Non; Chanm nan: 82 Wi a 29 Non). An 2010, Lejislati a te refere menm amannman sa a nan bilten v\u00f2t la epi li te resevwa 52.49% nan v\u00f2t la, ki pa t rive nan 60% ki neses\u00e8 pou pasaj la.\u00a0<\/span><\/p><p><b>Opozan <\/b><span style=\"font-weight: 400;\">nan amannman sa a, ki gen ladan Common Cause ak Lig Fanm Vot\u00e8 nan Florid yo, deklare ke pwogram fon matche bay donat\u00e8 ti dola yo yon pi gwo vwa epi ankouraje kandida yo ch\u00e8che sip\u00f2 nan men gwo gwoup elekt\u00e8 yo. Anplis de sa, si yo anile pwogram nan, donat\u00e8 rich yo ak gwoup enter\u00e8 espesyal yo pa t ap limite nan kantite lajan yo ka kontribye nan kandida sa yo. Anplis de sa, finansman piblik p\u00e8m\u00e8t kandida ki pa rich oswa ki gen plis aks\u00e8 limite nan finansman kapab kandida pou yon p\u00f2s, ki mennen nan yon pisin plis div\u00e8s kandida.\u00a0\u00a0<\/span><\/p><p><b>Sip\u00f2t\u00e8 yo<\/b><span style=\"font-weight: 400;\"> nan amannman sa a, ki gen ladan majorite Lejislati Florid la, deklare ke finansman sa a, ki soti nan fon jeneral Florid la, ta ka itilize pou l\u00f2t pwogram tankou edikasyon, swen sante oswa lojman.<\/span><\/p><p><b>Yon v\u00f2t Wi ta...:\u00a0 <\/b><span style=\"font-weight: 400;\">Anile Seksyon 7, Atik VI nan Konstitisyon Florid la (ki te pase an 1998) epi anile Lwa sou Finansman Kanpay Eleksyon Florid la, ki mete fen nan pwogram finansman kanpay piblik Florid la ak limit depans pou kandida ki finanse piblikman pou Gouv\u00e8n\u00e8, Pwokir\u00e8 Jeneral, Ofisye Finansye anch\u00e8f ak Komisyon\u00e8. nan Agrikilti.\u00a0 <\/span><\/p><p><b>Yon non v\u00f2t ta...:\u00a0 <\/b><span style=\"font-weight: 400;\">Kite pwogram finansman kanpay piblik akty\u00e8l la, ki gen ladan limit depans pou kandida ki finanse piblikman an plas.<\/span><\/p>\t\t\t\t\t\t<\/div>\n\t\t\t\t<\/div>\n\t\t\t\t\t<\/div>\n\t\t\t\t<\/div>\n\t\t<div class=\"elementor-element elementor-element-7ff4fd8 e-flex e-con-boxed e-con e-parent\" data-id=\"7ff4fd8\" data-element_type=\"container\">\n\t\t\t\t\t<div class=\"e-con-inner\">\n\t\t<div class=\"elementor-element elementor-element-296e29d e-con-full e-flex e-con e-child\" data-id=\"296e29d\" data-element_type=\"container\">\n\t\t\t\t<div class=\"elementor-element elementor-element-bb8b93d elementor-icon-list--layout-traditional elementor-list-item-link-full_width elementor-widget elementor-widget-icon-list\" data-id=\"bb8b93d\" data-element_type=\"widget\" data-widget_type=\"icon-list.default\">\n\t\t\t\t<div class=\"elementor-widget-container\">\n\t\t\t<link rel=\"stylesheet\" href=\"https:\/\/floridaamendmentguide.com\/wp-content\/plugins\/elementor\/assets\/css\/widget-icon-list.min.css\">\t\t<ul class=\"elementor-icon-list-items\">\n\t\t\t\t\t\t\t<li class=\"elementor-icon-list-item\">\n\t\t\t\t\t\t\t\t\t\t\t<a href=\"https:\/\/floridaamendmentguide.com\/ht\/florida-amendment-5\/\">\n\n\t\t\t\t\t\t\t\t\t\t\t\t<span class=\"elementor-icon-list-icon\">\n\t\t\t\t\t\t\t<svg aria-hidden=\"true\" class=\"e-font-icon-svg e-fas-chevron-circle-left\" viewbox=\"0 0 512 512\" xmlns=\"http:\/\/www.w3.org\/2000\/svg\"><path d=\"M256 504C119 504 8 393 8 256S119 8 256 8s248 111 248 248-111 248-248 248zM142.1 273l135.5 135.5c9.4 9.4 24.6 9.4 33.9 0l17-17c9.4-9.4 9.4-24.6 0-33.9L226.9 256l101.6-101.6c9.4-9.4 9.4-24.6 0-33.9l-17-17c-9.4-9.4-24.6-9.4-33.9 0L142.1 239c-9.4 9.4-9.4 24.6 0 34z\"><\/path><\/svg>\t\t\t\t\t\t<\/span>\n\t\t\t\t\t\t\t\t\t\t<span class=\"elementor-icon-list-text\">Amannman 5<\/span>\n\t\t\t\t\t\t\t\t\t\t\t<\/a>\n\t\t\t\t\t\t\t\t\t<\/li>\n\t\t\t\t\t\t<\/ul>\n\t\t\t\t<\/div>\n\t\t\t\t<\/div>\n\t\t\t\t<\/div>\n\t\t<div class=\"elementor-element elementor-element-024fab2 e-con-full e-flex e-con e-child\" data-id=\"024fab2\" data-element_type=\"container\">\n\t\t\t\t<div class=\"elementor-element elementor-element-60c8e3b elementor-icon-list--layout-traditional elementor-list-item-link-full_width elementor-widget elementor-widget-icon-list\" data-id=\"60c8e3b\" data-element_type=\"widget\" data-widget_type=\"icon-list.default\">\n\t\t\t\t<div class=\"elementor-widget-container\">\n\t\t\t\t\t<ul class=\"elementor-icon-list-items\">\n\t\t\t\t\t\t\t<li class=\"elementor-icon-list-item\">\n\t\t\t\t\t\t\t\t\t\t\t<a href=\"https:\/\/floridaamendmentguide.com\/ht\/florida-amendment-1\/\">\n\n\t\t\t\t\t\t\t\t\t\t\t\t<span class=\"elementor-icon-list-icon\">\n\t\t\t\t\t\t\t<svg aria-hidden=\"true\" class=\"e-font-icon-svg e-fas-chevron-circle-right\" viewbox=\"0 0 512 512\" xmlns=\"http:\/\/www.w3.org\/2000\/svg\"><path d=\"M256 8c137 0 248 111 248 248S393 504 256 504 8 393 8 256 119 8 256 8zm113.9 231L234.4 103.5c-9.4-9.4-24.6-9.4-33.9 0l-17 17c-9.4 9.4-9.4 24.6 0 33.9L285.1 256 183.5 357.6c-9.4 9.4-9.4 24.6 0 33.9l17 17c9.4 9.4 24.6 9.4 33.9 0L369.9 273c9.4-9.4 9.4-24.6 0-34z\"><\/path><\/svg>\t\t\t\t\t\t<\/span>\n\t\t\t\t\t\t\t\t\t\t<span class=\"elementor-icon-list-text\">Amannman 1<\/span>\n\t\t\t\t\t\t\t\t\t\t\t<\/a>\n\t\t\t\t\t\t\t\t\t<\/li>\n\t\t\t\t\t\t<\/ul>\n\t\t\t\t<\/div>\n\t\t\t\t<\/div>\n\t\t\t\t<\/div>\n\t\t\t\t\t<\/div>\n\t\t\t\t<\/div>\n\t\t<div class=\"elementor-element elementor-element-36ecfc1 e-flex e-con-boxed e-con e-parent\" data-id=\"36ecfc1\" data-element_type=\"container\">\n\t\t\t\t\t<div class=\"e-con-inner\">\n\t\t\t\t<div class=\"elementor-element elementor-element-45607a6 elementor-widget elementor-widget-text-editor\" data-id=\"45607a6\" data-element_type=\"widget\" data-widget_type=\"text-editor.default\">\n\t\t\t\t<div class=\"elementor-widget-container\">\n\t\t\t\t\t\t\t<p><em>Enf\u00f2masyon ki nan paj sa a se pa moun ki pa patizan <a href=\"https:\/\/www.vote411.org\/florida\" target=\"_blank\" rel=\"noopener\">Lig Fanm Vot\u00e8 Florid yo.<\/a><\/em><\/p>\t\t\t\t\t\t<\/div>\n\t\t\t\t<\/div>\n\t\t\t\t<div class=\"elementor-element elementor-element-e2923d2 elementor-widget elementor-widget-image\" data-id=\"e2923d2\" data-element_type=\"widget\" data-widget_type=\"image.default\">\n\t\t\t\t<div class=\"elementor-widget-container\">\n\t\t\t<style>\/*! elementor - v3.23.0 - 05-08-2024 *\/\n.elementor-widget-image{text-align:center}.elementor-widget-image a{display:inline-block}.elementor-widget-image a img[src$=\".svg\"]{width:48px}.elementor-widget-image img{vertical-align:middle;display:inline-block}<\/style>\t\t\t\t\t\t\t\t\t\t\t<a href=\"https:\/\/www.vote411.org\/florida\" target=\"_blank\">\n\t\t\t\t\t\t\t<img fetchpriority=\"high\" decoding=\"async\" width=\"800\" height=\"315\" src=\"https:\/\/floridaamendmentguide.com\/wp-content\/uploads\/2024\/08\/vote411-logo.png\" class=\"attachment-full size-full wp-image-326\" alt=\"\" srcset=\"https:\/\/floridaamendmentguide.com\/wp-content\/uploads\/2024\/08\/vote411-logo.png 800w, https:\/\/floridaamendmentguide.com\/wp-content\/uploads\/2024\/08\/vote411-logo-300x118.png 300w, https:\/\/floridaamendmentguide.com\/wp-content\/uploads\/2024\/08\/vote411-logo-768x302.png 768w, https:\/\/floridaamendmentguide.com\/wp-content\/uploads\/2024\/08\/vote411-logo-18x7.png 18w\" sizes=\"(max-width: 800px) 100vw, 800px\" \/>\t\t\t\t\t\t\t\t<\/a>\n\t\t\t\t\t\t\t\t\t\t\t\t\t<\/div>\n\t\t\t\t<\/div>\n\t\t\t\t\t<\/div>\n\t\t\t\t<\/div>\n\t\t\t\t<\/div>","protected":false},"excerpt":{"rendered":"<p>Repeal of Public Campaign Financing Requirement The information on this page was provided by the nonpartisan League of Women Voters of Florida. Ballot Language Proposing the repeal of the provision in the State Constitution which requires public financing for campaigns of candidates for elective statewide office who agree to campaign spending limits. Synopsis Presently, there [&hellip;]<\/p>","protected":false},"author":1,"featured_media":0,"parent":0,"menu_order":0,"comment_status":"closed","ping_status":"closed","template":"","meta":{"footnotes":""},"class_list":["post-243","page","type-page","status-publish","hentry"],"yoast_head":"<!-- This site is optimized with the Yoast SEO plugin v23.4 - https:\/\/yoast.com\/wordpress\/plugins\/seo\/ -->\n<title>Florida Amendment 6 - Informed Voters\u2019 Guide to the Amendments<\/title>\n<meta name=\"robots\" content=\"index, follow, max-snippet:-1, max-image-preview:large, max-video-preview:-1\" \/>\n<link rel=\"canonical\" href=\"https:\/\/floridaamendmentguide.com\/ht\/florida-amendment-6\/\" \/>\n<meta property=\"og:locale\" content=\"ht_HT\" \/>\n<meta property=\"og:type\" content=\"article\" \/>\n<meta property=\"og:title\" content=\"Florida Amendment 6 - Informed Voters\u2019 Guide to the Amendments\" \/>\n<meta property=\"og:description\" content=\"Repeal of Public Campaign Financing Requirement The information on this page was provided by the nonpartisan League of Women Voters of Florida. Ballot Language Proposing the repeal of the provision in the State Constitution which requires public financing for campaigns of candidates for elective statewide office who agree to campaign spending limits. Synopsis Presently, there [&hellip;]\" \/>\n<meta property=\"og:url\" content=\"https:\/\/floridaamendmentguide.com\/ht\/florida-amendment-6\/\" \/>\n<meta property=\"og:site_name\" content=\"Informed Voters\u2019 Guide to the Amendments\" \/>\n<meta property=\"article:modified_time\" content=\"2024-09-04T12:06:08+00:00\" \/>\n<meta property=\"og:image\" content=\"https:\/\/floridaamendmentguide.com\/wp-content\/uploads\/2024\/08\/informed-voters-guide-social.jpg\" \/>\n\t<meta property=\"og:image:width\" content=\"1200\" \/>\n\t<meta property=\"og:image:height\" content=\"630\" \/>\n\t<meta property=\"og:image:type\" content=\"image\/jpeg\" \/>\n<meta name=\"twitter:card\" content=\"summary_large_image\" \/>\n<meta name=\"twitter:image\" content=\"https:\/\/floridaamendmentguide.com\/wp-content\/uploads\/2024\/08\/informed-voters-guide-social.jpg\" \/>\n<meta name=\"twitter:label1\" content=\"Est. reading time\" \/>\n\t<meta name=\"twitter:data1\" content=\"4 minutes\" \/>\n<script type=\"application\/ld+json\" class=\"yoast-schema-graph\">{\"@context\":\"https:\/\/schema.org\",\"@graph\":[{\"@type\":\"WebPage\",\"@id\":\"https:\/\/floridaamendmentguide.com\/florida-amendment-6\/\",\"url\":\"https:\/\/floridaamendmentguide.com\/florida-amendment-6\/\",\"name\":\"Florida Amendment 6 - Informed Voters\u2019 Guide to the Amendments\",\"isPartOf\":{\"@id\":\"https:\/\/floridaamendmentguide.com\/#website\"},\"primaryImageOfPage\":{\"@id\":\"https:\/\/floridaamendmentguide.com\/florida-amendment-6\/#primaryimage\"},\"image\":{\"@id\":\"https:\/\/floridaamendmentguide.com\/florida-amendment-6\/#primaryimage\"},\"thumbnailUrl\":\"https:\/\/floridaamendmentguide.com\/wp-content\/uploads\/2024\/08\/vote411-logo.png\",\"datePublished\":\"2024-08-13T13:44:46+00:00\",\"dateModified\":\"2024-09-04T12:06:08+00:00\",\"breadcrumb\":{\"@id\":\"https:\/\/floridaamendmentguide.com\/florida-amendment-6\/#breadcrumb\"},\"inLanguage\":\"ht\",\"potentialAction\":[{\"@type\":\"ReadAction\",\"target\":[\"https:\/\/floridaamendmentguide.com\/florida-amendment-6\/\"]}]},{\"@type\":\"ImageObject\",\"inLanguage\":\"ht\",\"@id\":\"https:\/\/floridaamendmentguide.com\/florida-amendment-6\/#primaryimage\",\"url\":\"https:\/\/floridaamendmentguide.com\/wp-content\/uploads\/2024\/08\/vote411-logo.png\",\"contentUrl\":\"https:\/\/floridaamendmentguide.com\/wp-content\/uploads\/2024\/08\/vote411-logo.png\"},{\"@type\":\"BreadcrumbList\",\"@id\":\"https:\/\/floridaamendmentguide.com\/florida-amendment-6\/#breadcrumb\",\"itemListElement\":[{\"@type\":\"ListItem\",\"position\":1,\"name\":\"Home\",\"item\":\"https:\/\/floridaamendmentguide.com\/\"},{\"@type\":\"ListItem\",\"position\":2,\"name\":\"Florida Amendment 6\"}]},{\"@type\":\"WebSite\",\"@id\":\"https:\/\/floridaamendmentguide.com\/#website\",\"url\":\"https:\/\/floridaamendmentguide.com\/\",\"name\":\"Informed Voters\u2019 Guide to the Amendments\",\"description\":\"\",\"publisher\":{\"@id\":\"https:\/\/floridaamendmentguide.com\/#organization\"},\"potentialAction\":[{\"@type\":\"SearchAction\",\"target\":{\"@type\":\"EntryPoint\",\"urlTemplate\":\"https:\/\/floridaamendmentguide.com\/?s={search_term_string}\"},\"query-input\":{\"@type\":\"PropertyValueSpecification\",\"valueRequired\":true,\"valueName\":\"search_term_string\"}}],\"inLanguage\":\"ht\"},{\"@type\":\"Organization\",\"@id\":\"https:\/\/floridaamendmentguide.com\/#organization\",\"name\":\"Informed Voters\u2019 Guide to the Amendments\",\"url\":\"https:\/\/floridaamendmentguide.com\/\",\"logo\":{\"@type\":\"ImageObject\",\"inLanguage\":\"ht\",\"@id\":\"https:\/\/floridaamendmentguide.com\/#\/schema\/logo\/image\/\",\"url\":\"https:\/\/floridaamendmentguide.com\/wp-content\/uploads\/2024\/08\/informevotersguide-fb-scaled.jpg\",\"contentUrl\":\"https:\/\/floridaamendmentguide.com\/wp-content\/uploads\/2024\/08\/informevotersguide-fb-scaled.jpg\",\"width\":2560,\"height\":1330,\"caption\":\"Informed Voters\u2019 Guide to the Amendments\"},\"image\":{\"@id\":\"https:\/\/floridaamendmentguide.com\/#\/schema\/logo\/image\/\"}}]}<\/script>\n<!-- \/ Yoast SEO plugin. -->","yoast_head_json":{"title":"Florida Amendment 6 - Informed Voters\u2019 Guide to the Amendments","robots":{"index":"index","follow":"follow","max-snippet":"max-snippet:-1","max-image-preview":"max-image-preview:large","max-video-preview":"max-video-preview:-1"},"canonical":"https:\/\/floridaamendmentguide.com\/ht\/florida-amendment-6\/","og_locale":"ht_HT","og_type":"article","og_title":"Florida Amendment 6 - Informed Voters\u2019 Guide to the Amendments","og_description":"Repeal of Public Campaign Financing Requirement The information on this page was provided by the nonpartisan League of Women Voters of Florida. Ballot Language Proposing the repeal of the provision in the State Constitution which requires public financing for campaigns of candidates for elective statewide office who agree to campaign spending limits. Synopsis Presently, there [&hellip;]","og_url":"https:\/\/floridaamendmentguide.com\/ht\/florida-amendment-6\/","og_site_name":"Informed Voters\u2019 Guide to the Amendments","article_modified_time":"2024-09-04T12:06:08+00:00","og_image":[{"width":1200,"height":630,"url":"https:\/\/floridaamendmentguide.com\/wp-content\/uploads\/2024\/08\/informed-voters-guide-social.jpg","type":"image\/jpeg"}],"twitter_card":"summary_large_image","twitter_image":"https:\/\/floridaamendmentguide.com\/wp-content\/uploads\/2024\/08\/informed-voters-guide-social.jpg","twitter_misc":{"Est. reading time":"4 minutes"},"schema":{"@context":"https:\/\/schema.org","@graph":[{"@type":"WebPage","@id":"https:\/\/floridaamendmentguide.com\/florida-amendment-6\/","url":"https:\/\/floridaamendmentguide.com\/florida-amendment-6\/","name":"Florida Amendment 6 - Informed Voters\u2019 Guide to the Amendments","isPartOf":{"@id":"https:\/\/floridaamendmentguide.com\/#website"},"primaryImageOfPage":{"@id":"https:\/\/floridaamendmentguide.com\/florida-amendment-6\/#primaryimage"},"image":{"@id":"https:\/\/floridaamendmentguide.com\/florida-amendment-6\/#primaryimage"},"thumbnailUrl":"https:\/\/floridaamendmentguide.com\/wp-content\/uploads\/2024\/08\/vote411-logo.png","datePublished":"2024-08-13T13:44:46+00:00","dateModified":"2024-09-04T12:06:08+00:00","breadcrumb":{"@id":"https:\/\/floridaamendmentguide.com\/florida-amendment-6\/#breadcrumb"},"inLanguage":"ht","potentialAction":[{"@type":"ReadAction","target":["https:\/\/floridaamendmentguide.com\/florida-amendment-6\/"]}]},{"@type":"ImageObject","inLanguage":"ht","@id":"https:\/\/floridaamendmentguide.com\/florida-amendment-6\/#primaryimage","url":"https:\/\/floridaamendmentguide.com\/wp-content\/uploads\/2024\/08\/vote411-logo.png","contentUrl":"https:\/\/floridaamendmentguide.com\/wp-content\/uploads\/2024\/08\/vote411-logo.png"},{"@type":"BreadcrumbList","@id":"https:\/\/floridaamendmentguide.com\/florida-amendment-6\/#breadcrumb","itemListElement":[{"@type":"ListItem","position":1,"name":"Home","item":"https:\/\/floridaamendmentguide.com\/"},{"@type":"ListItem","position":2,"name":"Florida Amendment 6"}]},{"@type":"WebSite","@id":"https:\/\/floridaamendmentguide.com\/#website","url":"https:\/\/floridaamendmentguide.com\/","name":"Informed Voters\u2019 Guide to the Amendments","description":"","publisher":{"@id":"https:\/\/floridaamendmentguide.com\/#organization"},"potentialAction":[{"@type":"SearchAction","target":{"@type":"EntryPoint","urlTemplate":"https:\/\/floridaamendmentguide.com\/?s={search_term_string}"},"query-input":{"@type":"PropertyValueSpecification","valueRequired":true,"valueName":"search_term_string"}}],"inLanguage":"ht"},{"@type":"Organization","@id":"https:\/\/floridaamendmentguide.com\/#organization","name":"Informed Voters\u2019 Guide to the Amendments","url":"https:\/\/floridaamendmentguide.com\/","logo":{"@type":"ImageObject","inLanguage":"ht","@id":"https:\/\/floridaamendmentguide.com\/#\/schema\/logo\/image\/","url":"https:\/\/floridaamendmentguide.com\/wp-content\/uploads\/2024\/08\/informevotersguide-fb-scaled.jpg","contentUrl":"https:\/\/floridaamendmentguide.com\/wp-content\/uploads\/2024\/08\/informevotersguide-fb-scaled.jpg","width":2560,"height":1330,"caption":"Informed Voters\u2019 Guide to the Amendments"},"image":{"@id":"https:\/\/floridaamendmentguide.com\/#\/schema\/logo\/image\/"}}]}},"_links":{"self":[{"href":"https:\/\/floridaamendmentguide.com\/ht\/wp-json\/wp\/v2\/pages\/243","targetHints":{"allow":["GET"]}}],"collection":[{"href":"https:\/\/floridaamendmentguide.com\/ht\/wp-json\/wp\/v2\/pages"}],"about":[{"href":"https:\/\/floridaamendmentguide.com\/ht\/wp-json\/wp\/v2\/types\/page"}],"author":[{"embeddable":true,"href":"https:\/\/floridaamendmentguide.com\/ht\/wp-json\/wp\/v2\/users\/1"}],"replies":[{"embeddable":true,"href":"https:\/\/floridaamendmentguide.com\/ht\/wp-json\/wp\/v2\/comments?post=243"}],"version-history":[{"count":16,"href":"https:\/\/floridaamendmentguide.com\/ht\/wp-json\/wp\/v2\/pages\/243\/revisions"}],"predecessor-version":[{"id":509,"href":"https:\/\/floridaamendmentguide.com\/ht\/wp-json\/wp\/v2\/pages\/243\/revisions\/509"}],"wp:attachment":[{"href":"https:\/\/floridaamendmentguide.com\/ht\/wp-json\/wp\/v2\/media?parent=243"}],"curies":[{"name":"wp","href":"https:\/\/api.w.org\/{rel}","templated":true}]}}