{"id":233,"date":"2024-08-13T13:39:15","date_gmt":"2024-08-13T13:39:15","guid":{"rendered":"https:\/\/floridaamendmentguide.com\/?page_id=233"},"modified":"2024-09-04T12:05:44","modified_gmt":"2024-09-04T12:05:44","slug":"florida-amendment-4","status":"publish","type":"page","link":"https:\/\/floridaamendmentguide.com\/ht\/florida-amendment-4\/","title":{"rendered":"Amannman 4 Florid"},"content":{"rendered":"<div data-elementor-type=\"wp-page\" data-elementor-id=\"233\" class=\"elementor elementor-233\" data-elementor-post-type=\"page\">\n\t\t\t\t<div class=\"elementor-element elementor-element-1c397d2 e-flex e-con-boxed e-con e-parent\" data-id=\"1c397d2\" data-element_type=\"container\">\n\t\t\t\t\t<div class=\"e-con-inner\">\n\t\t\t\t<div class=\"elementor-element elementor-element-682db34 elementor-widget elementor-widget-heading\" data-id=\"682db34\" data-element_type=\"widget\" data-widget_type=\"heading.default\">\n\t\t\t\t<div class=\"elementor-widget-container\">\n\t\t\t<h2 class=\"elementor-heading-title elementor-size-default\">Amannman pou Limite Ent\u00e8ferans Gouv\u00e8nman ak Av\u00f2tman<\/h2>\t\t<\/div>\n\t\t\t\t<\/div>\n\t\t<div class=\"elementor-element elementor-element-051b803 e-con-full e-flex e-con e-child\" data-id=\"051b803\" data-element_type=\"container\">\n\t\t\t\t<div class=\"elementor-element elementor-element-021b98b elementor-widget elementor-widget-text-editor\" data-id=\"021b98b\" data-element_type=\"widget\" data-widget_type=\"text-editor.default\">\n\t\t\t\t<div class=\"elementor-widget-container\">\n\t\t\t<style>\/*! elementor - v3.23.0 - 05-08-2024 *\/\n.elementor-widget-text-editor.elementor-drop-cap-view-stacked .elementor-drop-cap{background-color:#69727d;color:#fff}.elementor-widget-text-editor.elementor-drop-cap-view-framed .elementor-drop-cap{color:#69727d;border:3px solid;background-color:transparent}.elementor-widget-text-editor:not(.elementor-drop-cap-view-default) .elementor-drop-cap{margin-top:8px}.elementor-widget-text-editor:not(.elementor-drop-cap-view-default) .elementor-drop-cap-letter{width:1em;height:1em}.elementor-widget-text-editor .elementor-drop-cap{float:left;text-align:center;line-height:1;font-size:50px}.elementor-widget-text-editor .elementor-drop-cap-letter{display:inline-block}<\/style>\t\t\t\t<p><strong><em>Enf\u00f2masyon ki nan paj sa a se pa moun ki pa patizan <a href=\"https:\/\/www.vote411.org\/florida\" target=\"_blank\" rel=\"noopener\">Lig Fanm Vot\u00e8 Florid yo.<\/a><\/em><\/strong><\/p>\t\t\t\t\t\t<\/div>\n\t\t\t\t<\/div>\n\t\t\t\t<\/div>\n\t\t\t\t<div class=\"elementor-element elementor-element-2f702eb elementor-widget elementor-widget-text-editor\" data-id=\"2f702eb\" data-element_type=\"widget\" data-widget_type=\"text-editor.default\">\n\t\t\t\t<div class=\"elementor-widget-container\">\n\t\t\t\t\t\t\t<p><b>Lang bilten v\u00f2t<\/b><span style=\"font-weight: 400;\"><br \/><\/span><\/p><p><span style=\"font-weight: 400;\">Okenn lwa pa dwe ent\u00e8di, penalize, retade, oswa mete restriksyon sou av\u00f2tman anvan rantabilite oswa l\u00e8 sa neses\u00e8 pou pwoteje sante pasyan an, jan founis\u00e8 swen sante pasyan an det\u00e8mine. Amannman sa a pa chanje otorite konstitisyon\u00e8l Lejislati a pou l mande yon paran oswa yon gadyen yon notifikasyon anvan yon min\u00e8 f\u00e8 yon av\u00f2tman.<\/span><\/p>\t\t\t\t\t\t<\/div>\n\t\t\t\t<\/div>\n\t\t\t\t<div class=\"elementor-element elementor-element-cdd1fb1 elementor-widget elementor-widget-heading\" data-id=\"cdd1fb1\" data-element_type=\"widget\" data-widget_type=\"heading.default\">\n\t\t\t\t<div class=\"elementor-widget-container\">\n\t\t\t<h3 class=\"elementor-heading-title elementor-size-default\">Rezime<\/h3>\t\t<\/div>\n\t\t\t\t<\/div>\n\t\t\t\t<div class=\"elementor-element elementor-element-fb95343 elementor-widget elementor-widget-text-editor\" data-id=\"fb95343\" data-element_type=\"widget\" data-widget_type=\"text-editor.default\">\n\t\t\t\t<div class=\"elementor-widget-container\">\n\t\t\t\t\t\t\t<p><span style=\"font-weight: 400;\">Sa ki anba la a se istwa r\u00e8gleman av\u00f2tman nan Florid:\u00a0<\/span><\/p><p><span style=\"font-weight: 400;\">An 2022, nan yon v\u00f2t 5-4, Tribinal Sipr\u00e8m Etazini te jwenn pa gen okenn dwa konstitisyon\u00e8l federal pou av\u00f2tman e li te anile. <\/span><i><span style=\"font-weight: 400;\">Roe kont Wade<\/span><\/i><span style=\"font-weight: 400;\"> (1973). Li te kite nan eta yo kontwole av\u00f2tman.<\/span><\/p><p><span style=\"font-weight: 400;\">Anvan 2022, av\u00f2tman yo te legal nan Florid jiska limit federal yo <\/span><i><span style=\"font-weight: 400;\">Roe<\/span><\/i><span style=\"font-weight: 400;\">. An 2004, vot\u00e8 Florid yo te apwouve yon amannman konstitisyon\u00e8l ki mande pou paran yo notifikasyon pou min\u00e8 k ap ch\u00e8che av\u00f2tman. An 2012, vot\u00e8 yo te rejte yon amannman ki limite lajan piblik pou av\u00f2tman. An 2022, lejislati Florid la te pase yon pwoj\u00e8 lwa ki te kreye yon ent\u00e8diksyon sou pif\u00f2 av\u00f2tman apre 15 sem\u00e8n. Epi an 2023, lejislati Florid la te pase yon dezy\u00e8m pwoj\u00e8 lwa, pou ent\u00e8di av\u00f2tman apre sis sem\u00e8n (eksepsyon limite pou lavi fanm nan, vy\u00f2l, oswa ens\u00e8s). Ent\u00e8diksyon sis sem\u00e8n lan te antre an vig\u00e8 nan dat 1ye me 2024.\u00a0<\/span><\/p><p><span style=\"font-weight: 400;\">Amannman 4 pwopoze a di ke gouv\u00e8nman an pa kapab ent\u00e8fere ak desizyon yon fanm pou f\u00e8 yon av\u00f2tman jiska viabilite (gade definisyon pi ba a). Apre rantabilite, si av\u00f2tman neses\u00e8 pou pwoteje sante fanm nan, desizyon sa a se ant fanm nan ak founis\u00e8 swen medikal li.<\/span><\/p><p><span style=\"font-weight: 400;\">Amannman sa a pa egzije av\u00f2tman san limit nan Florid. Amannman an pa anile notifikasyon paran yo pou yon av\u00f2tman nan Florid. Amannman sa a p\u00e8m\u00e8t av\u00f2tman anvan viabilite fetis la (gade definisyon pi ba a) oswa l\u00e8 sa neses\u00e8 pou pwoteje sante pasyan an, jan founis\u00e8 swen sante pasyan an det\u00e8mine.<\/span><\/p><p><span style=\"font-weight: 400;\">Nan Eta Florid la, yo defini viabilite nan Tit XXIX Lwa Laflorid \u2013 Sante Piblik, Chapit 390, 390.011. &quot;Viabilite&quot; vle di etap devlopman fetis la l\u00e8 lavi yon fetis dirab dey\u00f2 matris la atrav\u00e8 mezi medikal estanda. Pandan tout ane 2021 ak 1ye mwatye 2022, anba Roe v. Wade, Ajans Florid pou Administrasyon Swen Sante rap\u00f2te ke 0% av\u00f2tman yo te f\u00e8t nan 3y\u00e8m trim\u00e8s la (k\u00f2mansman 24y\u00e8m sem\u00e8n).<\/span><\/p><p><span style=\"font-weight: 400;\">Yo te mete amannman 4 pwopoze a sou bilten v\u00f2t la atrav\u00e8 inisyativ yon sitwayen. Depi 2022, s\u00e8t Etazini te gen yon Amannman ki gen rap\u00f2 ak av\u00f2tman sou bilten v\u00f2t la. Kat nan amannman sa yo te ekri pou kreye yon dwa konstitisyon\u00e8l pou av\u00f2tman e tout kat amannman yo te pase. Twa nan amannman yo te pwopoze yo te ekri pou ent\u00e8di av\u00f2tman ak tout twa yo te bat.\u00a0<\/span><\/p><p><b>Sip\u00f2t\u00e8 yo<\/b><span style=\"font-weight: 400;\">, ki gen ladan Floridians Protecting Freedom, ACLU of Florida, Planned Parenthood, Florida Women&#039;s Freedom Coalition, Florida Rising, SEIU 1199 Florida, Women&#039;s Voices of Southwest Florida, Florida Democratic Party and League of Women Voters of Florida, di \u201cTout Floridyen merite lib\u00e8te pou pran desizyon medikal p\u00e8son\u00e8l, san entrizyon gouv\u00e8nman an.\u00a0<\/span><\/p><p><b>Opozan<\/b><span style=\"font-weight: 400;\">, ki gen ladan Pati Repibliken Florid la, Florida Voters Against Extremism, Florida Conference of Catholic Bishops, Florida Family Policy Council, Susan B. Anthony Pro-Life America, Florida Family Action, di amandman an tw\u00f2 vag epi li pral mennen nan yon r\u00e8gleman ki pa reglemante. endistri av\u00f2tman.<\/span><\/p><p><b>Yon v\u00f2t Wi ta...: <\/b><span style=\"font-weight: 400;\">Anpeche nenp\u00f2t lwa ent\u00e8di, penalize, retade, oswa mete restriksyon sou av\u00f2tman anvan rantabilite oswa l\u00e8 sa neses\u00e8 pou pwoteje sante pasyan an, jan founis\u00e8 swen sante pasyan an det\u00e8mine.\u00a0\u00a0<\/span><\/p><p><b>Yon non v\u00f2t ta...:\u00a0 <\/b><span style=\"font-weight: 400;\">Pa bay yon dwa konstitisyon\u00e8l pou av\u00f2tman anvan viabilite epi kite akty\u00e8l ent\u00e8diksyon av\u00f2tman nan 6 sem\u00e8n nan Florid an plas.<\/span><\/p>\t\t\t\t\t\t<\/div>\n\t\t\t\t<\/div>\n\t\t\t\t\t<\/div>\n\t\t\t\t<\/div>\n\t\t<div class=\"elementor-element elementor-element-8f7aade e-flex e-con-boxed e-con e-parent\" data-id=\"8f7aade\" data-element_type=\"container\">\n\t\t\t\t\t<div class=\"e-con-inner\">\n\t\t<div class=\"elementor-element elementor-element-90b10f2 e-con-full e-flex e-con e-child\" data-id=\"90b10f2\" data-element_type=\"container\">\n\t\t\t\t<div class=\"elementor-element elementor-element-fb6575c elementor-icon-list--layout-traditional elementor-list-item-link-full_width elementor-widget elementor-widget-icon-list\" data-id=\"fb6575c\" data-element_type=\"widget\" data-widget_type=\"icon-list.default\">\n\t\t\t\t<div class=\"elementor-widget-container\">\n\t\t\t<link rel=\"stylesheet\" href=\"https:\/\/floridaamendmentguide.com\/wp-content\/plugins\/elementor\/assets\/css\/widget-icon-list.min.css\">\t\t<ul class=\"elementor-icon-list-items\">\n\t\t\t\t\t\t\t<li class=\"elementor-icon-list-item\">\n\t\t\t\t\t\t\t\t\t\t\t<a href=\"https:\/\/floridaamendmentguide.com\/ht\/florida-amendment-3\/\">\n\n\t\t\t\t\t\t\t\t\t\t\t\t<span class=\"elementor-icon-list-icon\">\n\t\t\t\t\t\t\t<svg aria-hidden=\"true\" class=\"e-font-icon-svg e-fas-chevron-circle-left\" viewbox=\"0 0 512 512\" xmlns=\"http:\/\/www.w3.org\/2000\/svg\"><path d=\"M256 504C119 504 8 393 8 256S119 8 256 8s248 111 248 248-111 248-248 248zM142.1 273l135.5 135.5c9.4 9.4 24.6 9.4 33.9 0l17-17c9.4-9.4 9.4-24.6 0-33.9L226.9 256l101.6-101.6c9.4-9.4 9.4-24.6 0-33.9l-17-17c-9.4-9.4-24.6-9.4-33.9 0L142.1 239c-9.4 9.4-9.4 24.6 0 34z\"><\/path><\/svg>\t\t\t\t\t\t<\/span>\n\t\t\t\t\t\t\t\t\t\t<span class=\"elementor-icon-list-text\">Amannman 3<\/span>\n\t\t\t\t\t\t\t\t\t\t\t<\/a>\n\t\t\t\t\t\t\t\t\t<\/li>\n\t\t\t\t\t\t<\/ul>\n\t\t\t\t<\/div>\n\t\t\t\t<\/div>\n\t\t\t\t<\/div>\n\t\t<div class=\"elementor-element elementor-element-784d522 e-con-full e-flex e-con e-child\" data-id=\"784d522\" data-element_type=\"container\">\n\t\t\t\t<div class=\"elementor-element elementor-element-f56850e elementor-icon-list--layout-traditional elementor-list-item-link-full_width elementor-widget elementor-widget-icon-list\" data-id=\"f56850e\" data-element_type=\"widget\" data-widget_type=\"icon-list.default\">\n\t\t\t\t<div class=\"elementor-widget-container\">\n\t\t\t\t\t<ul class=\"elementor-icon-list-items\">\n\t\t\t\t\t\t\t<li class=\"elementor-icon-list-item\">\n\t\t\t\t\t\t\t\t\t\t\t<a href=\"https:\/\/floridaamendmentguide.com\/ht\/florida-amendment-5\/\">\n\n\t\t\t\t\t\t\t\t\t\t\t\t<span class=\"elementor-icon-list-icon\">\n\t\t\t\t\t\t\t<svg aria-hidden=\"true\" class=\"e-font-icon-svg e-fas-chevron-circle-right\" viewbox=\"0 0 512 512\" xmlns=\"http:\/\/www.w3.org\/2000\/svg\"><path d=\"M256 8c137 0 248 111 248 248S393 504 256 504 8 393 8 256 119 8 256 8zm113.9 231L234.4 103.5c-9.4-9.4-24.6-9.4-33.9 0l-17 17c-9.4 9.4-9.4 24.6 0 33.9L285.1 256 183.5 357.6c-9.4 9.4-9.4 24.6 0 33.9l17 17c9.4 9.4 24.6 9.4 33.9 0L369.9 273c9.4-9.4 9.4-24.6 0-34z\"><\/path><\/svg>\t\t\t\t\t\t<\/span>\n\t\t\t\t\t\t\t\t\t\t<span class=\"elementor-icon-list-text\">Amannman 5<\/span>\n\t\t\t\t\t\t\t\t\t\t\t<\/a>\n\t\t\t\t\t\t\t\t\t<\/li>\n\t\t\t\t\t\t<\/ul>\n\t\t\t\t<\/div>\n\t\t\t\t<\/div>\n\t\t\t\t<\/div>\n\t\t\t\t\t<\/div>\n\t\t\t\t<\/div>\n\t\t<div class=\"elementor-element elementor-element-151934b e-flex e-con-boxed e-con e-parent\" data-id=\"151934b\" data-element_type=\"container\">\n\t\t\t\t\t<div class=\"e-con-inner\">\n\t\t\t\t<div class=\"elementor-element elementor-element-8d1dd5f elementor-widget elementor-widget-text-editor\" data-id=\"8d1dd5f\" data-element_type=\"widget\" data-widget_type=\"text-editor.default\">\n\t\t\t\t<div class=\"elementor-widget-container\">\n\t\t\t\t\t\t\t<p><em>Enf\u00f2masyon ki nan paj sa a se pa moun ki pa patizan <a href=\"https:\/\/www.vote411.org\/florida\" target=\"_blank\" rel=\"noopener\">Lig Fanm Vot\u00e8 Florid yo.<\/a><\/em><\/p>\t\t\t\t\t\t<\/div>\n\t\t\t\t<\/div>\n\t\t\t\t<div class=\"elementor-element elementor-element-3f6c414 elementor-widget elementor-widget-image\" data-id=\"3f6c414\" data-element_type=\"widget\" data-widget_type=\"image.default\">\n\t\t\t\t<div class=\"elementor-widget-container\">\n\t\t\t<style>\/*! elementor - v3.23.0 - 05-08-2024 *\/\n.elementor-widget-image{text-align:center}.elementor-widget-image a{display:inline-block}.elementor-widget-image a img[src$=\".svg\"]{width:48px}.elementor-widget-image img{vertical-align:middle;display:inline-block}<\/style>\t\t\t\t\t\t\t\t\t\t\t<a href=\"https:\/\/www.vote411.org\/florida\" target=\"_blank\">\n\t\t\t\t\t\t\t<img fetchpriority=\"high\" decoding=\"async\" width=\"800\" height=\"315\" src=\"https:\/\/floridaamendmentguide.com\/wp-content\/uploads\/2024\/08\/vote411-logo.png\" class=\"attachment-full size-full wp-image-326\" alt=\"\" srcset=\"https:\/\/floridaamendmentguide.com\/wp-content\/uploads\/2024\/08\/vote411-logo.png 800w, https:\/\/floridaamendmentguide.com\/wp-content\/uploads\/2024\/08\/vote411-logo-300x118.png 300w, https:\/\/floridaamendmentguide.com\/wp-content\/uploads\/2024\/08\/vote411-logo-768x302.png 768w, https:\/\/floridaamendmentguide.com\/wp-content\/uploads\/2024\/08\/vote411-logo-18x7.png 18w\" sizes=\"(max-width: 800px) 100vw, 800px\" \/>\t\t\t\t\t\t\t\t<\/a>\n\t\t\t\t\t\t\t\t\t\t\t\t\t<\/div>\n\t\t\t\t<\/div>\n\t\t\t\t\t<\/div>\n\t\t\t\t<\/div>\n\t\t\t\t<\/div>","protected":false},"excerpt":{"rendered":"<p>Amendment to Limit Government Interference with Abortion The information on this page was provided by the nonpartisan League of Women Voters of Florida. Ballot Language No law shall prohibit, penalize, delay, or restrict abortion before viability or when necessary to protect the patient\u2019s health, as determined by the patient\u2019s healthcare provider. This amendment does not [&hellip;]<\/p>","protected":false},"author":1,"featured_media":0,"parent":0,"menu_order":0,"comment_status":"closed","ping_status":"closed","template":"","meta":{"footnotes":""},"class_list":["post-233","page","type-page","status-publish","hentry"],"yoast_head":"<!-- This site is optimized with the Yoast SEO plugin v23.4 - https:\/\/yoast.com\/wordpress\/plugins\/seo\/ -->\n<title>Florida Amendment 4 - Informed Voters\u2019 Guide to the Amendments<\/title>\n<meta name=\"robots\" content=\"index, follow, max-snippet:-1, max-image-preview:large, max-video-preview:-1\" \/>\n<link rel=\"canonical\" href=\"https:\/\/floridaamendmentguide.com\/ht\/florida-amendment-4\/\" \/>\n<meta property=\"og:locale\" content=\"ht_HT\" \/>\n<meta property=\"og:type\" content=\"article\" \/>\n<meta property=\"og:title\" content=\"Florida Amendment 4 - Informed Voters\u2019 Guide to the Amendments\" \/>\n<meta property=\"og:description\" content=\"Amendment to Limit Government Interference with Abortion The information on this page was provided by the nonpartisan League of Women Voters of Florida. Ballot Language No law shall prohibit, penalize, delay, or restrict abortion before viability or when necessary to protect the patient\u2019s health, as determined by the patient\u2019s healthcare provider. This amendment does not [&hellip;]\" \/>\n<meta property=\"og:url\" content=\"https:\/\/floridaamendmentguide.com\/ht\/florida-amendment-4\/\" \/>\n<meta property=\"og:site_name\" content=\"Informed Voters\u2019 Guide to the Amendments\" \/>\n<meta property=\"article:modified_time\" content=\"2024-09-04T12:05:44+00:00\" \/>\n<meta property=\"og:image\" content=\"https:\/\/floridaamendmentguide.com\/wp-content\/uploads\/2024\/08\/informed-voters-guide-social.jpg\" \/>\n\t<meta property=\"og:image:width\" content=\"1200\" \/>\n\t<meta property=\"og:image:height\" content=\"630\" \/>\n\t<meta property=\"og:image:type\" content=\"image\/jpeg\" \/>\n<meta name=\"twitter:card\" content=\"summary_large_image\" \/>\n<meta name=\"twitter:image\" content=\"https:\/\/floridaamendmentguide.com\/wp-content\/uploads\/2024\/08\/informed-voters-guide-social.jpg\" \/>\n<meta name=\"twitter:label1\" content=\"Est. reading time\" \/>\n\t<meta name=\"twitter:data1\" content=\"3 minutes\" \/>\n<script type=\"application\/ld+json\" class=\"yoast-schema-graph\">{\"@context\":\"https:\/\/schema.org\",\"@graph\":[{\"@type\":\"WebPage\",\"@id\":\"https:\/\/floridaamendmentguide.com\/florida-amendment-4\/\",\"url\":\"https:\/\/floridaamendmentguide.com\/florida-amendment-4\/\",\"name\":\"Florida Amendment 4 - Informed Voters\u2019 Guide to the Amendments\",\"isPartOf\":{\"@id\":\"https:\/\/floridaamendmentguide.com\/#website\"},\"primaryImageOfPage\":{\"@id\":\"https:\/\/floridaamendmentguide.com\/florida-amendment-4\/#primaryimage\"},\"image\":{\"@id\":\"https:\/\/floridaamendmentguide.com\/florida-amendment-4\/#primaryimage\"},\"thumbnailUrl\":\"https:\/\/floridaamendmentguide.com\/wp-content\/uploads\/2024\/08\/vote411-logo.png\",\"datePublished\":\"2024-08-13T13:39:15+00:00\",\"dateModified\":\"2024-09-04T12:05:44+00:00\",\"breadcrumb\":{\"@id\":\"https:\/\/floridaamendmentguide.com\/florida-amendment-4\/#breadcrumb\"},\"inLanguage\":\"ht\",\"potentialAction\":[{\"@type\":\"ReadAction\",\"target\":[\"https:\/\/floridaamendmentguide.com\/florida-amendment-4\/\"]}]},{\"@type\":\"ImageObject\",\"inLanguage\":\"ht\",\"@id\":\"https:\/\/floridaamendmentguide.com\/florida-amendment-4\/#primaryimage\",\"url\":\"https:\/\/floridaamendmentguide.com\/wp-content\/uploads\/2024\/08\/vote411-logo.png\",\"contentUrl\":\"https:\/\/floridaamendmentguide.com\/wp-content\/uploads\/2024\/08\/vote411-logo.png\"},{\"@type\":\"BreadcrumbList\",\"@id\":\"https:\/\/floridaamendmentguide.com\/florida-amendment-4\/#breadcrumb\",\"itemListElement\":[{\"@type\":\"ListItem\",\"position\":1,\"name\":\"Home\",\"item\":\"https:\/\/floridaamendmentguide.com\/\"},{\"@type\":\"ListItem\",\"position\":2,\"name\":\"Florida Amendment 4\"}]},{\"@type\":\"WebSite\",\"@id\":\"https:\/\/floridaamendmentguide.com\/#website\",\"url\":\"https:\/\/floridaamendmentguide.com\/\",\"name\":\"Informed Voters\u2019 Guide to the Amendments\",\"description\":\"\",\"publisher\":{\"@id\":\"https:\/\/floridaamendmentguide.com\/#organization\"},\"potentialAction\":[{\"@type\":\"SearchAction\",\"target\":{\"@type\":\"EntryPoint\",\"urlTemplate\":\"https:\/\/floridaamendmentguide.com\/?s={search_term_string}\"},\"query-input\":{\"@type\":\"PropertyValueSpecification\",\"valueRequired\":true,\"valueName\":\"search_term_string\"}}],\"inLanguage\":\"ht\"},{\"@type\":\"Organization\",\"@id\":\"https:\/\/floridaamendmentguide.com\/#organization\",\"name\":\"Informed Voters\u2019 Guide to the Amendments\",\"url\":\"https:\/\/floridaamendmentguide.com\/\",\"logo\":{\"@type\":\"ImageObject\",\"inLanguage\":\"ht\",\"@id\":\"https:\/\/floridaamendmentguide.com\/#\/schema\/logo\/image\/\",\"url\":\"https:\/\/floridaamendmentguide.com\/wp-content\/uploads\/2024\/08\/informevotersguide-fb-scaled.jpg\",\"contentUrl\":\"https:\/\/floridaamendmentguide.com\/wp-content\/uploads\/2024\/08\/informevotersguide-fb-scaled.jpg\",\"width\":2560,\"height\":1330,\"caption\":\"Informed Voters\u2019 Guide to the Amendments\"},\"image\":{\"@id\":\"https:\/\/floridaamendmentguide.com\/#\/schema\/logo\/image\/\"}}]}<\/script>\n<!-- \/ Yoast SEO plugin. -->","yoast_head_json":{"title":"Florida Amendment 4 - Informed Voters\u2019 Guide to the Amendments","robots":{"index":"index","follow":"follow","max-snippet":"max-snippet:-1","max-image-preview":"max-image-preview:large","max-video-preview":"max-video-preview:-1"},"canonical":"https:\/\/floridaamendmentguide.com\/ht\/florida-amendment-4\/","og_locale":"ht_HT","og_type":"article","og_title":"Florida Amendment 4 - Informed Voters\u2019 Guide to the Amendments","og_description":"Amendment to Limit Government Interference with Abortion The information on this page was provided by the nonpartisan League of Women Voters of Florida. Ballot Language No law shall prohibit, penalize, delay, or restrict abortion before viability or when necessary to protect the patient\u2019s health, as determined by the patient\u2019s healthcare provider. This amendment does not [&hellip;]","og_url":"https:\/\/floridaamendmentguide.com\/ht\/florida-amendment-4\/","og_site_name":"Informed Voters\u2019 Guide to the Amendments","article_modified_time":"2024-09-04T12:05:44+00:00","og_image":[{"width":1200,"height":630,"url":"https:\/\/floridaamendmentguide.com\/wp-content\/uploads\/2024\/08\/informed-voters-guide-social.jpg","type":"image\/jpeg"}],"twitter_card":"summary_large_image","twitter_image":"https:\/\/floridaamendmentguide.com\/wp-content\/uploads\/2024\/08\/informed-voters-guide-social.jpg","twitter_misc":{"Est. reading time":"3 minutes"},"schema":{"@context":"https:\/\/schema.org","@graph":[{"@type":"WebPage","@id":"https:\/\/floridaamendmentguide.com\/florida-amendment-4\/","url":"https:\/\/floridaamendmentguide.com\/florida-amendment-4\/","name":"Florida Amendment 4 - Informed Voters\u2019 Guide to the Amendments","isPartOf":{"@id":"https:\/\/floridaamendmentguide.com\/#website"},"primaryImageOfPage":{"@id":"https:\/\/floridaamendmentguide.com\/florida-amendment-4\/#primaryimage"},"image":{"@id":"https:\/\/floridaamendmentguide.com\/florida-amendment-4\/#primaryimage"},"thumbnailUrl":"https:\/\/floridaamendmentguide.com\/wp-content\/uploads\/2024\/08\/vote411-logo.png","datePublished":"2024-08-13T13:39:15+00:00","dateModified":"2024-09-04T12:05:44+00:00","breadcrumb":{"@id":"https:\/\/floridaamendmentguide.com\/florida-amendment-4\/#breadcrumb"},"inLanguage":"ht","potentialAction":[{"@type":"ReadAction","target":["https:\/\/floridaamendmentguide.com\/florida-amendment-4\/"]}]},{"@type":"ImageObject","inLanguage":"ht","@id":"https:\/\/floridaamendmentguide.com\/florida-amendment-4\/#primaryimage","url":"https:\/\/floridaamendmentguide.com\/wp-content\/uploads\/2024\/08\/vote411-logo.png","contentUrl":"https:\/\/floridaamendmentguide.com\/wp-content\/uploads\/2024\/08\/vote411-logo.png"},{"@type":"BreadcrumbList","@id":"https:\/\/floridaamendmentguide.com\/florida-amendment-4\/#breadcrumb","itemListElement":[{"@type":"ListItem","position":1,"name":"Home","item":"https:\/\/floridaamendmentguide.com\/"},{"@type":"ListItem","position":2,"name":"Florida Amendment 4"}]},{"@type":"WebSite","@id":"https:\/\/floridaamendmentguide.com\/#website","url":"https:\/\/floridaamendmentguide.com\/","name":"Informed Voters\u2019 Guide to the Amendments","description":"","publisher":{"@id":"https:\/\/floridaamendmentguide.com\/#organization"},"potentialAction":[{"@type":"SearchAction","target":{"@type":"EntryPoint","urlTemplate":"https:\/\/floridaamendmentguide.com\/?s={search_term_string}"},"query-input":{"@type":"PropertyValueSpecification","valueRequired":true,"valueName":"search_term_string"}}],"inLanguage":"ht"},{"@type":"Organization","@id":"https:\/\/floridaamendmentguide.com\/#organization","name":"Informed Voters\u2019 Guide to the Amendments","url":"https:\/\/floridaamendmentguide.com\/","logo":{"@type":"ImageObject","inLanguage":"ht","@id":"https:\/\/floridaamendmentguide.com\/#\/schema\/logo\/image\/","url":"https:\/\/floridaamendmentguide.com\/wp-content\/uploads\/2024\/08\/informevotersguide-fb-scaled.jpg","contentUrl":"https:\/\/floridaamendmentguide.com\/wp-content\/uploads\/2024\/08\/informevotersguide-fb-scaled.jpg","width":2560,"height":1330,"caption":"Informed Voters\u2019 Guide to the Amendments"},"image":{"@id":"https:\/\/floridaamendmentguide.com\/#\/schema\/logo\/image\/"}}]}},"_links":{"self":[{"href":"https:\/\/floridaamendmentguide.com\/ht\/wp-json\/wp\/v2\/pages\/233","targetHints":{"allow":["GET"]}}],"collection":[{"href":"https:\/\/floridaamendmentguide.com\/ht\/wp-json\/wp\/v2\/pages"}],"about":[{"href":"https:\/\/floridaamendmentguide.com\/ht\/wp-json\/wp\/v2\/types\/page"}],"author":[{"embeddable":true,"href":"https:\/\/floridaamendmentguide.com\/ht\/wp-json\/wp\/v2\/users\/1"}],"replies":[{"embeddable":true,"href":"https:\/\/floridaamendmentguide.com\/ht\/wp-json\/wp\/v2\/comments?post=233"}],"version-history":[{"count":19,"href":"https:\/\/floridaamendmentguide.com\/ht\/wp-json\/wp\/v2\/pages\/233\/revisions"}],"predecessor-version":[{"id":503,"href":"https:\/\/floridaamendmentguide.com\/ht\/wp-json\/wp\/v2\/pages\/233\/revisions\/503"}],"wp:attachment":[{"href":"https:\/\/floridaamendmentguide.com\/ht\/wp-json\/wp\/v2\/media?parent=233"}],"curies":[{"name":"wp","href":"https:\/\/api.w.org\/{rel}","templated":true}]}}