{"id":222,"date":"2024-08-13T13:35:10","date_gmt":"2024-08-13T13:35:10","guid":{"rendered":"https:\/\/floridaamendmentguide.com\/?page_id=222"},"modified":"2024-09-04T12:05:32","modified_gmt":"2024-09-04T12:05:32","slug":"florida-amendment-3","status":"publish","type":"page","link":"https:\/\/floridaamendmentguide.com\/ht\/florida-amendment-3\/","title":{"rendered":"Amannman 3 Florid"},"content":{"rendered":"<div data-elementor-type=\"wp-page\" data-elementor-id=\"222\" class=\"elementor elementor-222\" data-elementor-post-type=\"page\">\n\t\t\t\t<div class=\"elementor-element elementor-element-6315607 e-flex e-con-boxed e-con e-parent\" data-id=\"6315607\" data-element_type=\"container\">\n\t\t\t\t\t<div class=\"e-con-inner\">\n\t\t\t\t<div class=\"elementor-element elementor-element-d4479fe elementor-widget elementor-widget-heading\" data-id=\"d4479fe\" data-element_type=\"widget\" data-widget_type=\"heading.default\">\n\t\t\t\t<div class=\"elementor-widget-container\">\n\t\t\t<h2 class=\"elementor-heading-title elementor-size-default\">Itilizasyon P\u00e8son\u00e8l Marigwana pou granmoun<\/h2>\t\t<\/div>\n\t\t\t\t<\/div>\n\t\t<div class=\"elementor-element elementor-element-d3debe6 e-con-full e-flex e-con e-child\" data-id=\"d3debe6\" data-element_type=\"container\">\n\t\t\t\t<div class=\"elementor-element elementor-element-ac6c287 elementor-widget elementor-widget-text-editor\" data-id=\"ac6c287\" data-element_type=\"widget\" data-widget_type=\"text-editor.default\">\n\t\t\t\t<div class=\"elementor-widget-container\">\n\t\t\t<style>\/*! elementor - v3.23.0 - 05-08-2024 *\/\n.elementor-widget-text-editor.elementor-drop-cap-view-stacked .elementor-drop-cap{background-color:#69727d;color:#fff}.elementor-widget-text-editor.elementor-drop-cap-view-framed .elementor-drop-cap{color:#69727d;border:3px solid;background-color:transparent}.elementor-widget-text-editor:not(.elementor-drop-cap-view-default) .elementor-drop-cap{margin-top:8px}.elementor-widget-text-editor:not(.elementor-drop-cap-view-default) .elementor-drop-cap-letter{width:1em;height:1em}.elementor-widget-text-editor .elementor-drop-cap{float:left;text-align:center;line-height:1;font-size:50px}.elementor-widget-text-editor .elementor-drop-cap-letter{display:inline-block}<\/style>\t\t\t\t<p><strong><em>Enf\u00f2masyon ki nan paj sa a se pa moun ki pa patizan <a href=\"https:\/\/www.vote411.org\/florida\" target=\"_blank\" rel=\"noopener\">Lig Fanm Vot\u00e8 Florid yo.<\/a><\/em><\/strong><\/p>\t\t\t\t\t\t<\/div>\n\t\t\t\t<\/div>\n\t\t\t\t<\/div>\n\t\t\t\t<div class=\"elementor-element elementor-element-495f0df elementor-widget elementor-widget-text-editor\" data-id=\"495f0df\" data-element_type=\"widget\" data-widget_type=\"text-editor.default\">\n\t\t\t\t<div class=\"elementor-widget-container\">\n\t\t\t\t\t\t\t<p><b>Lang bilten v\u00f2t<\/b><span style=\"font-weight: 400;\"><br \/><\/span><\/p><p><span style=\"font-weight: 400;\">P\u00e8m\u00e8t granmoun 21 an oswa plis yo posede, achte, oswa itilize pwodui marigwana ak Pwodwi pou Telef\u00f2n marigwana pou konsomasyon p\u00e8son\u00e8l ki pa medikal nan fimen, enj\u00e8styon, oswa otreman; p\u00e8m\u00e8t Sant Tretman Marigwana Medikal, ak l\u00f2t antite leta ki gen lisans, jwenn, kiltive, trete, fabrike, vann, ak distribye pwodui ak Pwodwi pou Telef\u00f2n sa yo. Aplike nan lwa Florid; pa chanje, oswa iminize vyolasyon, lwa federal. Etabli limit posesyon pou itilizasyon p\u00e8son\u00e8l. P\u00e8m\u00e8t lejislasyon ki konsistan. Defini t\u00e8m. Bay dat efektif.<\/span><\/p>\t\t\t\t\t\t<\/div>\n\t\t\t\t<\/div>\n\t\t\t\t<div class=\"elementor-element elementor-element-2dd6b36 elementor-widget elementor-widget-heading\" data-id=\"2dd6b36\" data-element_type=\"widget\" data-widget_type=\"heading.default\">\n\t\t\t\t<div class=\"elementor-widget-container\">\n\t\t\t<h3 class=\"elementor-heading-title elementor-size-default\">Rezime<\/h3>\t\t<\/div>\n\t\t\t\t<\/div>\n\t\t\t\t<div class=\"elementor-element elementor-element-757ba82 elementor-widget elementor-widget-text-editor\" data-id=\"757ba82\" data-element_type=\"widget\" data-widget_type=\"text-editor.default\">\n\t\t\t\t<div class=\"elementor-widget-container\">\n\t\t\t\t\t\t\t<p><span style=\"font-weight: 400;\">Kounye a, posesyon ak itilizasyon marigwana ki pa medikal se ilegal dapre lwa leta ak federal e moun ki vyole lwa sa a yo sij\u00e8 a pouswit krimin\u00e8l selon kantite marigwana yo posede oswa itilize.<\/span><\/p><p><span style=\"font-weight: 400;\">Amannman 3 pwopoze a ta legalize marigwana lwazi pou adilt ki gen 21 an oswa plis. Moun yo ta gen dwa posede jiska twa (3) ons marigwana (apepr\u00e8 85 gram), ak jiska senk (5) gram nan f\u00f2m konsantre. Sant tretman marigwana medikal ki egziste deja ta gen otorizasyon anba inisyativ pou vann marigwana bay granmoun pou itilizasyon p\u00e8son\u00e8l. Lejislati Eta a kapab modifye lwa eta a pou p\u00e8m\u00e8t antite ki pa sant tretman marigwana medikal ki egziste deja pou yo kiltive ak vann pwodwi marigwana.<\/span><\/p><p><span style=\"font-weight: 400;\">Enpak finansye amannman an soti sitou nan koleksyon taks sou lavant yo espere. Si amannman an pase, lavant marigwana ki pa medikal ta dwe sij\u00e8 a taks sou lavant yo. Dapre eksperyans l\u00f2t eta yo, lavant an detay marigwana ki pa medikal yo te espere ta jenere ant $195.6 ak $431.3 milyon dola chak ane nan revni taks sou lavant leta ak lokal yo yon fwa ke mache Yo Vann an Detay la konpl\u00e8tman fonksyone. Si Florid ajoute yon taks endir\u00e8k, tankou k\u00e8k l\u00f2t eta ki te legalize marigwana lwazi, kantite nouvo revni yo ta ka plis pase double. Y ap bezwen yon nouvo estrikti regilasyon, men depans regilasyon yo estime $11.4 milyon dola apre premye ane a, yo pral pwobableman konpanse pa revni fr\u00e8 regilasyon.<\/span><\/p><p><span style=\"font-weight: 400;\">Amannman sa a te mete sou bilten v\u00f2t la atrav\u00e8 inisyativ yon sitwayen. Kounye a, 24 eta te legalize marigwana lwazi. Amannman sa a pa ta anpeche l\u00f2t lejislasyon mete restriksyon sou kote moun ka fimen, tankou lejislasyon ki anpeche moun fimen tabak ak vape sou plaj eta a. Anplis de sa, marigwana toujou ilegal nan nivo Federal, sa vle di li toujou pa p\u00e8m\u00e8t sou t\u00e8 Federal oswa kanpis kol\u00e8j ki resevwa finansman federal.<\/span><\/p><p><b>Sip\u00f2t\u00e8 yo<\/b><span style=\"font-weight: 400;\">, ki gen ladan Smart &amp; Safe Florida, Trulieve, Howard Bellamy ak David Bellamy, di ke revni taks ki soti nan endistri legal Cannabis pou gouv\u00e8nman federal ak leta yo prevwa yo rive nan plis pase $4 milya dola nan 2025, epi pa gen okenn pr\u00e8v ki legalize marigwana pou medikal oswa itilizasyon lwazi nan nivo eta a, jan 37 eta te deja f\u00e8, te ogmante konsomasyon min\u00e8 nan mache reglemante a.<\/span><\/p><p><b>Opozan<\/b><span style=\"font-weight: 400;\">, ki gen ladan Floridians Against Recreational Marigwana, Drug Free America, Chanm Kom\u00e8s Florid la, Pwokir\u00e8 Jeneral Laflorid, Ashley Moody, ak Pati Repibliken Florid la, di amandman ki pwopoze a twonpe e marigwana ilegal dapre lalwa federal epi li pral rete ilegal menm si yo pwopoze a. Amannman 3 pase. Anplis de sa, k\u00e8k itilizasyon laper\u00e8z ka mennen nan itilizasyon dw\u00f2g ki pi grav depandans ilegal.<\/span><\/p><p><b>Yon v\u00f2t Wi ta...: <\/b><span style=\"font-weight: 400;\">Legalize itilizasyon marigwana lwazi nan Florid pa adilt ki gen 21 an oswa plis, sa ki p\u00e8m\u00e8t moun yo posede jiska twa ons marigwana epi otorize Sant Tretman Marigwana Medikal ki egziste deja pou yo jwenn, kiltive, trete, fabrike, vann, ak distribye pwodwi marigwana ak Pwodwi pou Telef\u00f2n. P\u00e8m\u00e8t Lejislati Florid la adopte l\u00f2t lejislasyon ki mete restriksyon sou kote moun ka fimen epi bay l\u00f2t antite lisans pou yo achte, kiltive, trete, fabrike, vann, ak distribye pwodwi ak akseswa marigwana.<\/span><\/p><p><b>Yon non v\u00f2t ta...: <\/b><span style=\"font-weight: 400;\">Pa legalize marigwana pou adilt itilize lwazi nan Florid epi kenbe r\u00e8gleman akty\u00e8l yo pou itilizasyon medikal.<\/span><\/p>\t\t\t\t\t\t<\/div>\n\t\t\t\t<\/div>\n\t\t\t\t\t<\/div>\n\t\t\t\t<\/div>\n\t\t<div class=\"elementor-element elementor-element-5ee564b e-flex e-con-boxed e-con e-parent\" data-id=\"5ee564b\" data-element_type=\"container\">\n\t\t\t\t\t<div class=\"e-con-inner\">\n\t\t<div class=\"elementor-element elementor-element-c387d19 e-con-full e-flex e-con e-child\" data-id=\"c387d19\" data-element_type=\"container\">\n\t\t\t\t<div class=\"elementor-element elementor-element-22780d7 elementor-icon-list--layout-traditional elementor-list-item-link-full_width elementor-widget elementor-widget-icon-list\" data-id=\"22780d7\" data-element_type=\"widget\" data-widget_type=\"icon-list.default\">\n\t\t\t\t<div class=\"elementor-widget-container\">\n\t\t\t<link rel=\"stylesheet\" href=\"https:\/\/floridaamendmentguide.com\/wp-content\/plugins\/elementor\/assets\/css\/widget-icon-list.min.css\">\t\t<ul class=\"elementor-icon-list-items\">\n\t\t\t\t\t\t\t<li class=\"elementor-icon-list-item\">\n\t\t\t\t\t\t\t\t\t\t\t<a href=\"https:\/\/floridaamendmentguide.com\/ht\/florida-amendment-2\/\">\n\n\t\t\t\t\t\t\t\t\t\t\t\t<span class=\"elementor-icon-list-icon\">\n\t\t\t\t\t\t\t<svg aria-hidden=\"true\" class=\"e-font-icon-svg e-fas-chevron-circle-left\" viewbox=\"0 0 512 512\" xmlns=\"http:\/\/www.w3.org\/2000\/svg\"><path d=\"M256 504C119 504 8 393 8 256S119 8 256 8s248 111 248 248-111 248-248 248zM142.1 273l135.5 135.5c9.4 9.4 24.6 9.4 33.9 0l17-17c9.4-9.4 9.4-24.6 0-33.9L226.9 256l101.6-101.6c9.4-9.4 9.4-24.6 0-33.9l-17-17c-9.4-9.4-24.6-9.4-33.9 0L142.1 239c-9.4 9.4-9.4 24.6 0 34z\"><\/path><\/svg>\t\t\t\t\t\t<\/span>\n\t\t\t\t\t\t\t\t\t\t<span class=\"elementor-icon-list-text\">Amannman 2<\/span>\n\t\t\t\t\t\t\t\t\t\t\t<\/a>\n\t\t\t\t\t\t\t\t\t<\/li>\n\t\t\t\t\t\t<\/ul>\n\t\t\t\t<\/div>\n\t\t\t\t<\/div>\n\t\t\t\t<\/div>\n\t\t<div class=\"elementor-element elementor-element-ea0cfa1 e-con-full e-flex e-con e-child\" data-id=\"ea0cfa1\" data-element_type=\"container\">\n\t\t\t\t<div class=\"elementor-element elementor-element-92b6f6b elementor-icon-list--layout-traditional elementor-list-item-link-full_width elementor-widget elementor-widget-icon-list\" data-id=\"92b6f6b\" data-element_type=\"widget\" data-widget_type=\"icon-list.default\">\n\t\t\t\t<div class=\"elementor-widget-container\">\n\t\t\t\t\t<ul class=\"elementor-icon-list-items\">\n\t\t\t\t\t\t\t<li class=\"elementor-icon-list-item\">\n\t\t\t\t\t\t\t\t\t\t\t<a href=\"https:\/\/floridaamendmentguide.com\/ht\/florida-amendment-4\/\">\n\n\t\t\t\t\t\t\t\t\t\t\t\t<span class=\"elementor-icon-list-icon\">\n\t\t\t\t\t\t\t<svg aria-hidden=\"true\" class=\"e-font-icon-svg e-fas-chevron-circle-right\" viewbox=\"0 0 512 512\" xmlns=\"http:\/\/www.w3.org\/2000\/svg\"><path d=\"M256 8c137 0 248 111 248 248S393 504 256 504 8 393 8 256 119 8 256 8zm113.9 231L234.4 103.5c-9.4-9.4-24.6-9.4-33.9 0l-17 17c-9.4 9.4-9.4 24.6 0 33.9L285.1 256 183.5 357.6c-9.4 9.4-9.4 24.6 0 33.9l17 17c9.4 9.4 24.6 9.4 33.9 0L369.9 273c9.4-9.4 9.4-24.6 0-34z\"><\/path><\/svg>\t\t\t\t\t\t<\/span>\n\t\t\t\t\t\t\t\t\t\t<span class=\"elementor-icon-list-text\">Amannman 4<\/span>\n\t\t\t\t\t\t\t\t\t\t\t<\/a>\n\t\t\t\t\t\t\t\t\t<\/li>\n\t\t\t\t\t\t<\/ul>\n\t\t\t\t<\/div>\n\t\t\t\t<\/div>\n\t\t\t\t<\/div>\n\t\t\t\t\t<\/div>\n\t\t\t\t<\/div>\n\t\t<div class=\"elementor-element elementor-element-6189b77 e-flex e-con-boxed e-con e-parent\" data-id=\"6189b77\" data-element_type=\"container\">\n\t\t\t\t\t<div class=\"e-con-inner\">\n\t\t\t\t<div class=\"elementor-element elementor-element-0383d33 elementor-widget elementor-widget-text-editor\" data-id=\"0383d33\" data-element_type=\"widget\" data-widget_type=\"text-editor.default\">\n\t\t\t\t<div class=\"elementor-widget-container\">\n\t\t\t\t\t\t\t<p><em>Enf\u00f2masyon ki nan paj sa a se pa moun ki pa patizan <a href=\"https:\/\/www.vote411.org\/florida\" target=\"_blank\" rel=\"noopener\">Lig Fanm Vot\u00e8 Florid yo.<\/a><\/em><\/p>\t\t\t\t\t\t<\/div>\n\t\t\t\t<\/div>\n\t\t\t\t<div class=\"elementor-element elementor-element-a0f9c98 elementor-widget elementor-widget-image\" data-id=\"a0f9c98\" data-element_type=\"widget\" data-widget_type=\"image.default\">\n\t\t\t\t<div class=\"elementor-widget-container\">\n\t\t\t<style>\/*! elementor - v3.23.0 - 05-08-2024 *\/\n.elementor-widget-image{text-align:center}.elementor-widget-image a{display:inline-block}.elementor-widget-image a img[src$=\".svg\"]{width:48px}.elementor-widget-image img{vertical-align:middle;display:inline-block}<\/style>\t\t\t\t\t\t\t\t\t\t\t<a href=\"https:\/\/www.vote411.org\/florida\" target=\"_blank\">\n\t\t\t\t\t\t\t<img fetchpriority=\"high\" decoding=\"async\" width=\"800\" height=\"315\" src=\"https:\/\/floridaamendmentguide.com\/wp-content\/uploads\/2024\/08\/vote411-logo.png\" class=\"attachment-full size-full wp-image-326\" alt=\"\" srcset=\"https:\/\/floridaamendmentguide.com\/wp-content\/uploads\/2024\/08\/vote411-logo.png 800w, https:\/\/floridaamendmentguide.com\/wp-content\/uploads\/2024\/08\/vote411-logo-300x118.png 300w, https:\/\/floridaamendmentguide.com\/wp-content\/uploads\/2024\/08\/vote411-logo-768x302.png 768w, https:\/\/floridaamendmentguide.com\/wp-content\/uploads\/2024\/08\/vote411-logo-18x7.png 18w\" sizes=\"(max-width: 800px) 100vw, 800px\" \/>\t\t\t\t\t\t\t\t<\/a>\n\t\t\t\t\t\t\t\t\t\t\t\t\t<\/div>\n\t\t\t\t<\/div>\n\t\t\t\t\t<\/div>\n\t\t\t\t<\/div>\n\t\t\t\t<\/div>","protected":false},"excerpt":{"rendered":"<p>Adult Personal Use of Marijuana The information on this page was provided by the nonpartisan League of Women Voters of Florida. Ballot Language Allows adults 21 years or older to possess, purchase, or use marijuana products and marijuana accessories for non-medical personal consumption by smoking, ingestion, or otherwise; allows Medical Marijuana Treatment Centers, and other [&hellip;]<\/p>","protected":false},"author":1,"featured_media":0,"parent":0,"menu_order":0,"comment_status":"closed","ping_status":"closed","template":"","meta":{"footnotes":""},"class_list":["post-222","page","type-page","status-publish","hentry"],"yoast_head":"<!-- This site is optimized with the Yoast SEO plugin v23.4 - https:\/\/yoast.com\/wordpress\/plugins\/seo\/ -->\n<title>Florida Amendment 3 - Informed Voters\u2019 Guide to the Amendments<\/title>\n<meta name=\"robots\" content=\"index, follow, max-snippet:-1, max-image-preview:large, max-video-preview:-1\" \/>\n<link rel=\"canonical\" href=\"https:\/\/floridaamendmentguide.com\/ht\/florida-amendment-3\/\" \/>\n<meta property=\"og:locale\" content=\"ht_HT\" \/>\n<meta property=\"og:type\" content=\"article\" \/>\n<meta property=\"og:title\" content=\"Florida Amendment 3 - Informed Voters\u2019 Guide to the Amendments\" \/>\n<meta property=\"og:description\" content=\"Adult Personal Use of Marijuana The information on this page was provided by the nonpartisan League of Women Voters of Florida. Ballot Language Allows adults 21 years or older to possess, purchase, or use marijuana products and marijuana accessories for non-medical personal consumption by smoking, ingestion, or otherwise; allows Medical Marijuana Treatment Centers, and other [&hellip;]\" \/>\n<meta property=\"og:url\" content=\"https:\/\/floridaamendmentguide.com\/ht\/florida-amendment-3\/\" \/>\n<meta property=\"og:site_name\" content=\"Informed Voters\u2019 Guide to the Amendments\" \/>\n<meta property=\"article:modified_time\" content=\"2024-09-04T12:05:32+00:00\" \/>\n<meta property=\"og:image\" content=\"https:\/\/floridaamendmentguide.com\/wp-content\/uploads\/2024\/08\/informed-voters-guide-social.jpg\" \/>\n\t<meta property=\"og:image:width\" content=\"1200\" \/>\n\t<meta property=\"og:image:height\" content=\"630\" \/>\n\t<meta property=\"og:image:type\" content=\"image\/jpeg\" \/>\n<meta name=\"twitter:card\" content=\"summary_large_image\" \/>\n<meta name=\"twitter:image\" content=\"https:\/\/floridaamendmentguide.com\/wp-content\/uploads\/2024\/08\/informed-voters-guide-social.jpg\" \/>\n<meta name=\"twitter:label1\" content=\"Est. reading time\" \/>\n\t<meta name=\"twitter:data1\" content=\"4 minutes\" \/>\n<script type=\"application\/ld+json\" class=\"yoast-schema-graph\">{\"@context\":\"https:\/\/schema.org\",\"@graph\":[{\"@type\":\"WebPage\",\"@id\":\"https:\/\/floridaamendmentguide.com\/florida-amendment-3\/\",\"url\":\"https:\/\/floridaamendmentguide.com\/florida-amendment-3\/\",\"name\":\"Florida Amendment 3 - Informed Voters\u2019 Guide to the Amendments\",\"isPartOf\":{\"@id\":\"https:\/\/floridaamendmentguide.com\/#website\"},\"primaryImageOfPage\":{\"@id\":\"https:\/\/floridaamendmentguide.com\/florida-amendment-3\/#primaryimage\"},\"image\":{\"@id\":\"https:\/\/floridaamendmentguide.com\/florida-amendment-3\/#primaryimage\"},\"thumbnailUrl\":\"https:\/\/floridaamendmentguide.com\/wp-content\/uploads\/2024\/08\/vote411-logo.png\",\"datePublished\":\"2024-08-13T13:35:10+00:00\",\"dateModified\":\"2024-09-04T12:05:32+00:00\",\"breadcrumb\":{\"@id\":\"https:\/\/floridaamendmentguide.com\/florida-amendment-3\/#breadcrumb\"},\"inLanguage\":\"ht\",\"potentialAction\":[{\"@type\":\"ReadAction\",\"target\":[\"https:\/\/floridaamendmentguide.com\/florida-amendment-3\/\"]}]},{\"@type\":\"ImageObject\",\"inLanguage\":\"ht\",\"@id\":\"https:\/\/floridaamendmentguide.com\/florida-amendment-3\/#primaryimage\",\"url\":\"https:\/\/floridaamendmentguide.com\/wp-content\/uploads\/2024\/08\/vote411-logo.png\",\"contentUrl\":\"https:\/\/floridaamendmentguide.com\/wp-content\/uploads\/2024\/08\/vote411-logo.png\"},{\"@type\":\"BreadcrumbList\",\"@id\":\"https:\/\/floridaamendmentguide.com\/florida-amendment-3\/#breadcrumb\",\"itemListElement\":[{\"@type\":\"ListItem\",\"position\":1,\"name\":\"Home\",\"item\":\"https:\/\/floridaamendmentguide.com\/\"},{\"@type\":\"ListItem\",\"position\":2,\"name\":\"Florida Amendment 3\"}]},{\"@type\":\"WebSite\",\"@id\":\"https:\/\/floridaamendmentguide.com\/#website\",\"url\":\"https:\/\/floridaamendmentguide.com\/\",\"name\":\"Informed Voters\u2019 Guide to the Amendments\",\"description\":\"\",\"publisher\":{\"@id\":\"https:\/\/floridaamendmentguide.com\/#organization\"},\"potentialAction\":[{\"@type\":\"SearchAction\",\"target\":{\"@type\":\"EntryPoint\",\"urlTemplate\":\"https:\/\/floridaamendmentguide.com\/?s={search_term_string}\"},\"query-input\":{\"@type\":\"PropertyValueSpecification\",\"valueRequired\":true,\"valueName\":\"search_term_string\"}}],\"inLanguage\":\"ht\"},{\"@type\":\"Organization\",\"@id\":\"https:\/\/floridaamendmentguide.com\/#organization\",\"name\":\"Informed Voters\u2019 Guide to the Amendments\",\"url\":\"https:\/\/floridaamendmentguide.com\/\",\"logo\":{\"@type\":\"ImageObject\",\"inLanguage\":\"ht\",\"@id\":\"https:\/\/floridaamendmentguide.com\/#\/schema\/logo\/image\/\",\"url\":\"https:\/\/floridaamendmentguide.com\/wp-content\/uploads\/2024\/08\/informevotersguide-fb-scaled.jpg\",\"contentUrl\":\"https:\/\/floridaamendmentguide.com\/wp-content\/uploads\/2024\/08\/informevotersguide-fb-scaled.jpg\",\"width\":2560,\"height\":1330,\"caption\":\"Informed Voters\u2019 Guide to the Amendments\"},\"image\":{\"@id\":\"https:\/\/floridaamendmentguide.com\/#\/schema\/logo\/image\/\"}}]}<\/script>\n<!-- \/ Yoast SEO plugin. -->","yoast_head_json":{"title":"Florida Amendment 3 - Informed Voters\u2019 Guide to the Amendments","robots":{"index":"index","follow":"follow","max-snippet":"max-snippet:-1","max-image-preview":"max-image-preview:large","max-video-preview":"max-video-preview:-1"},"canonical":"https:\/\/floridaamendmentguide.com\/ht\/florida-amendment-3\/","og_locale":"ht_HT","og_type":"article","og_title":"Florida Amendment 3 - Informed Voters\u2019 Guide to the Amendments","og_description":"Adult Personal Use of Marijuana The information on this page was provided by the nonpartisan League of Women Voters of Florida. Ballot Language Allows adults 21 years or older to possess, purchase, or use marijuana products and marijuana accessories for non-medical personal consumption by smoking, ingestion, or otherwise; allows Medical Marijuana Treatment Centers, and other [&hellip;]","og_url":"https:\/\/floridaamendmentguide.com\/ht\/florida-amendment-3\/","og_site_name":"Informed Voters\u2019 Guide to the Amendments","article_modified_time":"2024-09-04T12:05:32+00:00","og_image":[{"width":1200,"height":630,"url":"https:\/\/floridaamendmentguide.com\/wp-content\/uploads\/2024\/08\/informed-voters-guide-social.jpg","type":"image\/jpeg"}],"twitter_card":"summary_large_image","twitter_image":"https:\/\/floridaamendmentguide.com\/wp-content\/uploads\/2024\/08\/informed-voters-guide-social.jpg","twitter_misc":{"Est. reading time":"4 minutes"},"schema":{"@context":"https:\/\/schema.org","@graph":[{"@type":"WebPage","@id":"https:\/\/floridaamendmentguide.com\/florida-amendment-3\/","url":"https:\/\/floridaamendmentguide.com\/florida-amendment-3\/","name":"Florida Amendment 3 - Informed Voters\u2019 Guide to the Amendments","isPartOf":{"@id":"https:\/\/floridaamendmentguide.com\/#website"},"primaryImageOfPage":{"@id":"https:\/\/floridaamendmentguide.com\/florida-amendment-3\/#primaryimage"},"image":{"@id":"https:\/\/floridaamendmentguide.com\/florida-amendment-3\/#primaryimage"},"thumbnailUrl":"https:\/\/floridaamendmentguide.com\/wp-content\/uploads\/2024\/08\/vote411-logo.png","datePublished":"2024-08-13T13:35:10+00:00","dateModified":"2024-09-04T12:05:32+00:00","breadcrumb":{"@id":"https:\/\/floridaamendmentguide.com\/florida-amendment-3\/#breadcrumb"},"inLanguage":"ht","potentialAction":[{"@type":"ReadAction","target":["https:\/\/floridaamendmentguide.com\/florida-amendment-3\/"]}]},{"@type":"ImageObject","inLanguage":"ht","@id":"https:\/\/floridaamendmentguide.com\/florida-amendment-3\/#primaryimage","url":"https:\/\/floridaamendmentguide.com\/wp-content\/uploads\/2024\/08\/vote411-logo.png","contentUrl":"https:\/\/floridaamendmentguide.com\/wp-content\/uploads\/2024\/08\/vote411-logo.png"},{"@type":"BreadcrumbList","@id":"https:\/\/floridaamendmentguide.com\/florida-amendment-3\/#breadcrumb","itemListElement":[{"@type":"ListItem","position":1,"name":"Home","item":"https:\/\/floridaamendmentguide.com\/"},{"@type":"ListItem","position":2,"name":"Florida Amendment 3"}]},{"@type":"WebSite","@id":"https:\/\/floridaamendmentguide.com\/#website","url":"https:\/\/floridaamendmentguide.com\/","name":"Informed Voters\u2019 Guide to the Amendments","description":"","publisher":{"@id":"https:\/\/floridaamendmentguide.com\/#organization"},"potentialAction":[{"@type":"SearchAction","target":{"@type":"EntryPoint","urlTemplate":"https:\/\/floridaamendmentguide.com\/?s={search_term_string}"},"query-input":{"@type":"PropertyValueSpecification","valueRequired":true,"valueName":"search_term_string"}}],"inLanguage":"ht"},{"@type":"Organization","@id":"https:\/\/floridaamendmentguide.com\/#organization","name":"Informed Voters\u2019 Guide to the Amendments","url":"https:\/\/floridaamendmentguide.com\/","logo":{"@type":"ImageObject","inLanguage":"ht","@id":"https:\/\/floridaamendmentguide.com\/#\/schema\/logo\/image\/","url":"https:\/\/floridaamendmentguide.com\/wp-content\/uploads\/2024\/08\/informevotersguide-fb-scaled.jpg","contentUrl":"https:\/\/floridaamendmentguide.com\/wp-content\/uploads\/2024\/08\/informevotersguide-fb-scaled.jpg","width":2560,"height":1330,"caption":"Informed Voters\u2019 Guide to the Amendments"},"image":{"@id":"https:\/\/floridaamendmentguide.com\/#\/schema\/logo\/image\/"}}]}},"_links":{"self":[{"href":"https:\/\/floridaamendmentguide.com\/ht\/wp-json\/wp\/v2\/pages\/222","targetHints":{"allow":["GET"]}}],"collection":[{"href":"https:\/\/floridaamendmentguide.com\/ht\/wp-json\/wp\/v2\/pages"}],"about":[{"href":"https:\/\/floridaamendmentguide.com\/ht\/wp-json\/wp\/v2\/types\/page"}],"author":[{"embeddable":true,"href":"https:\/\/floridaamendmentguide.com\/ht\/wp-json\/wp\/v2\/users\/1"}],"replies":[{"embeddable":true,"href":"https:\/\/floridaamendmentguide.com\/ht\/wp-json\/wp\/v2\/comments?post=222"}],"version-history":[{"count":22,"href":"https:\/\/floridaamendmentguide.com\/ht\/wp-json\/wp\/v2\/pages\/222\/revisions"}],"predecessor-version":[{"id":500,"href":"https:\/\/floridaamendmentguide.com\/ht\/wp-json\/wp\/v2\/pages\/222\/revisions\/500"}],"wp:attachment":[{"href":"https:\/\/floridaamendmentguide.com\/ht\/wp-json\/wp\/v2\/media?parent=222"}],"curies":[{"name":"wp","href":"https:\/\/api.w.org\/{rel}","templated":true}]}}