{"id":211,"date":"2024-08-13T13:31:17","date_gmt":"2024-08-13T13:31:17","guid":{"rendered":"https:\/\/floridaamendmentguide.com\/?page_id=211"},"modified":"2024-09-04T12:05:13","modified_gmt":"2024-09-04T12:05:13","slug":"florida-amendment-2","status":"publish","type":"page","link":"https:\/\/floridaamendmentguide.com\/ht\/florida-amendment-2\/","title":{"rendered":"Amannman 2 Florid"},"content":{"rendered":"<div data-elementor-type=\"wp-page\" data-elementor-id=\"211\" class=\"elementor elementor-211\" data-elementor-post-type=\"page\">\n\t\t\t\t<div class=\"elementor-element elementor-element-c023c53 e-flex e-con-boxed e-con e-parent\" data-id=\"c023c53\" data-element_type=\"container\">\n\t\t\t\t\t<div class=\"e-con-inner\">\n\t\t\t\t<div class=\"elementor-element elementor-element-8583df5 elementor-widget elementor-widget-heading\" data-id=\"8583df5\" data-element_type=\"widget\" data-widget_type=\"heading.default\">\n\t\t\t\t<div class=\"elementor-widget-container\">\n\t\t\t<h2 class=\"elementor-heading-title elementor-size-default\">Dwa pou lap\u00e8ch ak lachas<\/h2>\t\t<\/div>\n\t\t\t\t<\/div>\n\t\t<div class=\"elementor-element elementor-element-7ad6e76 e-con-full e-flex e-con e-child\" data-id=\"7ad6e76\" data-element_type=\"container\">\n\t\t\t\t<div class=\"elementor-element elementor-element-f4bb65f elementor-widget elementor-widget-text-editor\" data-id=\"f4bb65f\" data-element_type=\"widget\" data-widget_type=\"text-editor.default\">\n\t\t\t\t<div class=\"elementor-widget-container\">\n\t\t\t<style>\/*! elementor - v3.23.0 - 05-08-2024 *\/\n.elementor-widget-text-editor.elementor-drop-cap-view-stacked .elementor-drop-cap{background-color:#69727d;color:#fff}.elementor-widget-text-editor.elementor-drop-cap-view-framed .elementor-drop-cap{color:#69727d;border:3px solid;background-color:transparent}.elementor-widget-text-editor:not(.elementor-drop-cap-view-default) .elementor-drop-cap{margin-top:8px}.elementor-widget-text-editor:not(.elementor-drop-cap-view-default) .elementor-drop-cap-letter{width:1em;height:1em}.elementor-widget-text-editor .elementor-drop-cap{float:left;text-align:center;line-height:1;font-size:50px}.elementor-widget-text-editor .elementor-drop-cap-letter{display:inline-block}<\/style>\t\t\t\t<p><strong><em>Enf\u00f2masyon ki nan paj sa a se pa moun ki pa patizan <a href=\"https:\/\/www.vote411.org\/florida\" target=\"_blank\" rel=\"noopener\">Lig Fanm Vot\u00e8 Florid yo.<\/a><\/em><\/strong><\/p>\t\t\t\t\t\t<\/div>\n\t\t\t\t<\/div>\n\t\t\t\t<\/div>\n\t\t\t\t<div class=\"elementor-element elementor-element-b076bfe elementor-widget elementor-widget-text-editor\" data-id=\"b076bfe\" data-element_type=\"widget\" data-widget_type=\"text-editor.default\">\n\t\t\t\t<div class=\"elementor-widget-container\">\n\t\t\t\t\t\t\t<p><b>Lang bilten v\u00f2t<\/b><span style=\"font-weight: 400;\"><br \/><\/span><\/p><p><span style=\"font-weight: 400;\">Pwopoze yon amannman nan Konstitisyon Eta a pou kons\u00e8ve pou tout tan lap\u00e8ch ak lachas, ki gen ladan pa itilizasyon met\u00f2d tradisyon\u00e8l yo, k\u00f2m yon dwa piblik ak mwayen pi pito pou jere ak kontwole pwason ak b\u00e8t sovaj. Espesifye ke amannman an pa limite otorite yo bay Komisyon Kons\u00e8vasyon Pwason ak Faune Sovaj dapre Seksyon Atik IV Konstitisyon Eta a.<\/span><\/p>\t\t\t\t\t\t<\/div>\n\t\t\t\t<\/div>\n\t\t\t\t<div class=\"elementor-element elementor-element-4b5108f elementor-widget elementor-widget-heading\" data-id=\"4b5108f\" data-element_type=\"widget\" data-widget_type=\"heading.default\">\n\t\t\t\t<div class=\"elementor-widget-container\">\n\t\t\t<h3 class=\"elementor-heading-title elementor-size-default\">Rezime<\/h3>\t\t<\/div>\n\t\t\t\t<\/div>\n\t\t\t\t<div class=\"elementor-element elementor-element-3012fb9 elementor-widget elementor-widget-text-editor\" data-id=\"3012fb9\" data-element_type=\"widget\" data-widget_type=\"text-editor.default\">\n\t\t\t\t<div class=\"elementor-widget-container\">\n\t\t\t\t\t\t\t<p><span style=\"font-weight: 400;\">Dwa pou lachas ak lap\u00e8ch kounye a nan Lwa Laflorid yo. An 2002, Lwa Laflorid Tit XXVIII, Chapit 372 te rekon\u00e8t ke \u201clachas, lap\u00e8ch, ak pran jw\u00e8t se yon pati enp\u00f2tan nan eritaj kiltir\u00e8l Florid la, e k\u00f2m sa, yo ta dwe kons\u00e8ve pou Floridyen yo\u201d.\u00a0<\/span><\/p><p><span style=\"font-weight: 400;\">Amannman 2 ki pwopoze a gen de dispozisyon. Youn ta bay ak prez\u00e8ve pou tout tan yon dwa konstitisyon\u00e8l eta a lachas ak lap\u00e8ch. Dezy\u00e8m nan ta deklare ke lachas ak lap\u00e8ch se pi bon mwayen pou \u201cjere ak kontwole pwason ak b\u00e8t sovaj yon fason responsab.\u201d\u00a0<\/span><\/p><p><span style=\"font-weight: 400;\">Yo te refere amannman sa a nan bilten v\u00f2t la pa yon v\u00f2t majorite nan Lejislati 2023 la. (Sena a: 38 Wi a 1 Non; Kay: 116 Wi a 0 Non)<\/span><span style=\"font-weight: 400;\">\u00a0<\/span><\/p><p><span style=\"font-weight: 400;\">Apati 2023, yon total de 23 eta te gen dispozisyon konstitisyon\u00e8l ki pwoteje dwa pou lachas ak lap\u00e8ch. Sepandan, se s\u00e8lman 11 nan 23 eta sa yo ki presize nan konstitisyon yo ke lachas ak lap\u00e8ch dwe pi pito mwayen pou jere ak kontwole b\u00e8t sovaj ak pwason.\u00a0<\/span><span style=\"font-weight: 400;\">\u00a0<\/span><\/p><p><b>Sip\u00f2t\u00e8 yo<\/b><span style=\"font-weight: 400;\"> nan amannman sa a, ki gen ladan tout Florid, Asosyasyon Ameriken Sportfishing, Backcountry Hunters and Anglers, Bonefish &amp; Tarpon Trust, Coastal Conservation Association, Congressional Sportsman Foundation, Delta Waterfowl, Everglades Coordinating Council, Florida Airboat Association, Florida Guides Association, Florida Sportsman&#039;s Conservation Association, Future Hunting in Florida, International Order of T. Roosevelt, National Deer Association, National Shooting Sports Foundation, ak Safari Club International, deklare val\u00e8 ekonomik lap\u00e8ch ak lachas bay Laflorid apepr\u00e8 $15 milya dola chak ane epi ki mete dwa a nan konstitisyon yo pral asire ke pa gen okenn ent\u00e8diksyon nan lavni sou lap\u00e8ch ak lachas.\u00a0<\/span><\/p><p><b>Opozan<\/b><span style=\"font-weight: 400;\">, ki gen ladan Humane Wildlife Consulting of South Florida, American Ecosystems, Inc., Animal Wellness Action, Bear Defenders, Center for a Humane Economy, Florida Bar Animal Law Section, Humane Society of the US, League of Humane Voters of Florida, One Protest, Paws and Recreation, Rutgers New Jersey Medical School, Save-a-Turtle.org, Speak Up for Wildlife, World Animal Protection, gen enkyetid ke met\u00f2d ki baze sou syans pou jere ak kontwole b\u00e8t sovaj ak pwason yo pral vin segond\u00e8 nan lachas ak lap\u00e8ch. Fraz &quot;met\u00f2d tradisyon\u00e8l yo&quot; ta ka ent\u00e8prete k\u00f2m yon retounen nan met\u00f2d lachas ak lap\u00e8ch kounye a ent\u00e8di, tankou py\u00e8j asye, spearfishing ak fil\u00e8t branch. Yo di tou, si nou gen yon lwa ki pwoteje dwa lachas ak lap\u00e8ch deja, poukisa sa a bezwen mete nan Konstitisyon an kounye a? Opozan yo av\u00e8ti sou ent\u00e8ferans potansy\u00e8l ak dwa pwopriyete prive pa chas\u00e8 entwodiksyon.<\/span><\/p><p><b>Yon v\u00f2t Wi ta...:\u00a0 <\/b><span style=\"font-weight: 400;\">Etabli yon dwa konstitisyon\u00e8l pou lachas ak lap\u00e8ch nan Florid ak mwayen pi pito pou jere ak kontwole pwason ak b\u00e8t sovaj yon fason responsab.<\/span><\/p><p><b>Yon non v\u00f2t ta...:\u00a0 <\/b><span style=\"font-weight: 400;\">Pa etabli yon dwa konstitisyon\u00e8l pou lachas ak lap\u00e8ch, men lwa 2002 Laflorid ki prez\u00e8ve dwa pou lachas ak pwason ta rete an plas.<\/span><\/p>\t\t\t\t\t\t<\/div>\n\t\t\t\t<\/div>\n\t\t\t\t\t<\/div>\n\t\t\t\t<\/div>\n\t\t<div class=\"elementor-element elementor-element-098aaef e-flex e-con-boxed e-con e-parent\" data-id=\"098aaef\" data-element_type=\"container\">\n\t\t\t\t\t<div class=\"e-con-inner\">\n\t\t<div class=\"elementor-element elementor-element-1b340ba e-con-full e-flex e-con e-child\" data-id=\"1b340ba\" data-element_type=\"container\">\n\t\t\t\t<div class=\"elementor-element elementor-element-554f430 elementor-icon-list--layout-traditional elementor-list-item-link-full_width elementor-widget elementor-widget-icon-list\" data-id=\"554f430\" data-element_type=\"widget\" data-widget_type=\"icon-list.default\">\n\t\t\t\t<div class=\"elementor-widget-container\">\n\t\t\t<link rel=\"stylesheet\" href=\"https:\/\/floridaamendmentguide.com\/wp-content\/plugins\/elementor\/assets\/css\/widget-icon-list.min.css\">\t\t<ul class=\"elementor-icon-list-items\">\n\t\t\t\t\t\t\t<li class=\"elementor-icon-list-item\">\n\t\t\t\t\t\t\t\t\t\t\t<a href=\"https:\/\/floridaamendmentguide.com\/ht\/florida-amendment-1\/\">\n\n\t\t\t\t\t\t\t\t\t\t\t\t<span class=\"elementor-icon-list-icon\">\n\t\t\t\t\t\t\t<svg aria-hidden=\"true\" class=\"e-font-icon-svg e-fas-chevron-circle-left\" viewbox=\"0 0 512 512\" xmlns=\"http:\/\/www.w3.org\/2000\/svg\"><path d=\"M256 504C119 504 8 393 8 256S119 8 256 8s248 111 248 248-111 248-248 248zM142.1 273l135.5 135.5c9.4 9.4 24.6 9.4 33.9 0l17-17c9.4-9.4 9.4-24.6 0-33.9L226.9 256l101.6-101.6c9.4-9.4 9.4-24.6 0-33.9l-17-17c-9.4-9.4-24.6-9.4-33.9 0L142.1 239c-9.4 9.4-9.4 24.6 0 34z\"><\/path><\/svg>\t\t\t\t\t\t<\/span>\n\t\t\t\t\t\t\t\t\t\t<span class=\"elementor-icon-list-text\">Amannman 1<\/span>\n\t\t\t\t\t\t\t\t\t\t\t<\/a>\n\t\t\t\t\t\t\t\t\t<\/li>\n\t\t\t\t\t\t<\/ul>\n\t\t\t\t<\/div>\n\t\t\t\t<\/div>\n\t\t\t\t<\/div>\n\t\t<div class=\"elementor-element elementor-element-50ab828 e-con-full e-flex e-con e-child\" data-id=\"50ab828\" data-element_type=\"container\">\n\t\t\t\t<div class=\"elementor-element elementor-element-860d6b9 elementor-icon-list--layout-traditional elementor-list-item-link-full_width elementor-widget elementor-widget-icon-list\" data-id=\"860d6b9\" data-element_type=\"widget\" data-widget_type=\"icon-list.default\">\n\t\t\t\t<div class=\"elementor-widget-container\">\n\t\t\t\t\t<ul class=\"elementor-icon-list-items\">\n\t\t\t\t\t\t\t<li class=\"elementor-icon-list-item\">\n\t\t\t\t\t\t\t\t\t\t\t<a href=\"https:\/\/floridaamendmentguide.com\/ht\/florida-amendment-3\/\">\n\n\t\t\t\t\t\t\t\t\t\t\t\t<span class=\"elementor-icon-list-icon\">\n\t\t\t\t\t\t\t<svg aria-hidden=\"true\" class=\"e-font-icon-svg e-fas-chevron-circle-right\" viewbox=\"0 0 512 512\" xmlns=\"http:\/\/www.w3.org\/2000\/svg\"><path d=\"M256 8c137 0 248 111 248 248S393 504 256 504 8 393 8 256 119 8 256 8zm113.9 231L234.4 103.5c-9.4-9.4-24.6-9.4-33.9 0l-17 17c-9.4 9.4-9.4 24.6 0 33.9L285.1 256 183.5 357.6c-9.4 9.4-9.4 24.6 0 33.9l17 17c9.4 9.4 24.6 9.4 33.9 0L369.9 273c9.4-9.4 9.4-24.6 0-34z\"><\/path><\/svg>\t\t\t\t\t\t<\/span>\n\t\t\t\t\t\t\t\t\t\t<span class=\"elementor-icon-list-text\">Amannman 3<\/span>\n\t\t\t\t\t\t\t\t\t\t\t<\/a>\n\t\t\t\t\t\t\t\t\t<\/li>\n\t\t\t\t\t\t<\/ul>\n\t\t\t\t<\/div>\n\t\t\t\t<\/div>\n\t\t\t\t<\/div>\n\t\t\t\t\t<\/div>\n\t\t\t\t<\/div>\n\t\t<div class=\"elementor-element elementor-element-422d8a7 e-flex e-con-boxed e-con e-parent\" data-id=\"422d8a7\" data-element_type=\"container\">\n\t\t\t\t\t<div class=\"e-con-inner\">\n\t\t\t\t<div class=\"elementor-element elementor-element-697db4b elementor-widget elementor-widget-text-editor\" data-id=\"697db4b\" data-element_type=\"widget\" data-widget_type=\"text-editor.default\">\n\t\t\t\t<div class=\"elementor-widget-container\">\n\t\t\t\t\t\t\t<p><em>Enf\u00f2masyon ki nan paj sa a se pa moun ki pa patizan <a href=\"https:\/\/www.vote411.org\/florida\" target=\"_blank\" rel=\"noopener\">Lig Fanm Vot\u00e8 Florid yo.<\/a><\/em><\/p>\t\t\t\t\t\t<\/div>\n\t\t\t\t<\/div>\n\t\t\t\t<div class=\"elementor-element elementor-element-1f96c46 elementor-widget elementor-widget-image\" data-id=\"1f96c46\" data-element_type=\"widget\" data-widget_type=\"image.default\">\n\t\t\t\t<div class=\"elementor-widget-container\">\n\t\t\t<style>\/*! elementor - v3.23.0 - 05-08-2024 *\/\n.elementor-widget-image{text-align:center}.elementor-widget-image a{display:inline-block}.elementor-widget-image a img[src$=\".svg\"]{width:48px}.elementor-widget-image img{vertical-align:middle;display:inline-block}<\/style>\t\t\t\t\t\t\t\t\t\t\t<a href=\"https:\/\/www.vote411.org\/florida\" target=\"_blank\">\n\t\t\t\t\t\t\t<img fetchpriority=\"high\" decoding=\"async\" width=\"800\" height=\"315\" src=\"https:\/\/floridaamendmentguide.com\/wp-content\/uploads\/2024\/08\/vote411-logo.png\" class=\"attachment-full size-full wp-image-326\" alt=\"\" srcset=\"https:\/\/floridaamendmentguide.com\/wp-content\/uploads\/2024\/08\/vote411-logo.png 800w, https:\/\/floridaamendmentguide.com\/wp-content\/uploads\/2024\/08\/vote411-logo-300x118.png 300w, https:\/\/floridaamendmentguide.com\/wp-content\/uploads\/2024\/08\/vote411-logo-768x302.png 768w, https:\/\/floridaamendmentguide.com\/wp-content\/uploads\/2024\/08\/vote411-logo-18x7.png 18w\" sizes=\"(max-width: 800px) 100vw, 800px\" \/>\t\t\t\t\t\t\t\t<\/a>\n\t\t\t\t\t\t\t\t\t\t\t\t\t<\/div>\n\t\t\t\t<\/div>\n\t\t\t\t\t<\/div>\n\t\t\t\t<\/div>\n\t\t\t\t<\/div>","protected":false},"excerpt":{"rendered":"<p>Right to Fish and Hunt The information on this page was provided by the nonpartisan League of Women Voters of Florida. Ballot Language Proposing an amendment to the State Constitution to preserve forever fishing and hunting, including by the use of traditional methods, as a public right and preferred means of responsibly managing and controlling [&hellip;]<\/p>","protected":false},"author":1,"featured_media":0,"parent":0,"menu_order":0,"comment_status":"closed","ping_status":"closed","template":"","meta":{"footnotes":""},"class_list":["post-211","page","type-page","status-publish","hentry"],"yoast_head":"<!-- This site is optimized with the Yoast SEO plugin v23.4 - https:\/\/yoast.com\/wordpress\/plugins\/seo\/ -->\n<title>Florida Amendment 2 - Informed Voters\u2019 Guide to the Amendments<\/title>\n<meta name=\"robots\" content=\"index, follow, max-snippet:-1, max-image-preview:large, max-video-preview:-1\" \/>\n<link rel=\"canonical\" href=\"https:\/\/floridaamendmentguide.com\/ht\/florida-amendment-2\/\" \/>\n<meta property=\"og:locale\" content=\"ht_HT\" \/>\n<meta property=\"og:type\" content=\"article\" \/>\n<meta property=\"og:title\" content=\"Florida Amendment 2 - Informed Voters\u2019 Guide to the Amendments\" \/>\n<meta property=\"og:description\" content=\"Right to Fish and Hunt The information on this page was provided by the nonpartisan League of Women Voters of Florida. Ballot Language Proposing an amendment to the State Constitution to preserve forever fishing and hunting, including by the use of traditional methods, as a public right and preferred means of responsibly managing and controlling [&hellip;]\" \/>\n<meta property=\"og:url\" content=\"https:\/\/floridaamendmentguide.com\/ht\/florida-amendment-2\/\" \/>\n<meta property=\"og:site_name\" content=\"Informed Voters\u2019 Guide to the Amendments\" \/>\n<meta property=\"article:modified_time\" content=\"2024-09-04T12:05:13+00:00\" \/>\n<meta property=\"og:image\" content=\"https:\/\/floridaamendmentguide.com\/wp-content\/uploads\/2024\/08\/informed-voters-guide-social.jpg\" \/>\n\t<meta property=\"og:image:width\" content=\"1200\" \/>\n\t<meta property=\"og:image:height\" content=\"630\" \/>\n\t<meta property=\"og:image:type\" content=\"image\/jpeg\" \/>\n<meta name=\"twitter:card\" content=\"summary_large_image\" \/>\n<meta name=\"twitter:image\" content=\"https:\/\/floridaamendmentguide.com\/wp-content\/uploads\/2024\/08\/informed-voters-guide-social.jpg\" \/>\n<meta name=\"twitter:label1\" content=\"Est. reading time\" \/>\n\t<meta name=\"twitter:data1\" content=\"3 minutes\" \/>\n<script type=\"application\/ld+json\" class=\"yoast-schema-graph\">{\"@context\":\"https:\/\/schema.org\",\"@graph\":[{\"@type\":\"WebPage\",\"@id\":\"https:\/\/floridaamendmentguide.com\/florida-amendment-2\/\",\"url\":\"https:\/\/floridaamendmentguide.com\/florida-amendment-2\/\",\"name\":\"Florida Amendment 2 - Informed Voters\u2019 Guide to the Amendments\",\"isPartOf\":{\"@id\":\"https:\/\/floridaamendmentguide.com\/#website\"},\"primaryImageOfPage\":{\"@id\":\"https:\/\/floridaamendmentguide.com\/florida-amendment-2\/#primaryimage\"},\"image\":{\"@id\":\"https:\/\/floridaamendmentguide.com\/florida-amendment-2\/#primaryimage\"},\"thumbnailUrl\":\"https:\/\/floridaamendmentguide.com\/wp-content\/uploads\/2024\/08\/vote411-logo.png\",\"datePublished\":\"2024-08-13T13:31:17+00:00\",\"dateModified\":\"2024-09-04T12:05:13+00:00\",\"breadcrumb\":{\"@id\":\"https:\/\/floridaamendmentguide.com\/florida-amendment-2\/#breadcrumb\"},\"inLanguage\":\"ht\",\"potentialAction\":[{\"@type\":\"ReadAction\",\"target\":[\"https:\/\/floridaamendmentguide.com\/florida-amendment-2\/\"]}]},{\"@type\":\"ImageObject\",\"inLanguage\":\"ht\",\"@id\":\"https:\/\/floridaamendmentguide.com\/florida-amendment-2\/#primaryimage\",\"url\":\"https:\/\/floridaamendmentguide.com\/wp-content\/uploads\/2024\/08\/vote411-logo.png\",\"contentUrl\":\"https:\/\/floridaamendmentguide.com\/wp-content\/uploads\/2024\/08\/vote411-logo.png\"},{\"@type\":\"BreadcrumbList\",\"@id\":\"https:\/\/floridaamendmentguide.com\/florida-amendment-2\/#breadcrumb\",\"itemListElement\":[{\"@type\":\"ListItem\",\"position\":1,\"name\":\"Home\",\"item\":\"https:\/\/floridaamendmentguide.com\/\"},{\"@type\":\"ListItem\",\"position\":2,\"name\":\"Florida Amendment 2\"}]},{\"@type\":\"WebSite\",\"@id\":\"https:\/\/floridaamendmentguide.com\/#website\",\"url\":\"https:\/\/floridaamendmentguide.com\/\",\"name\":\"Informed Voters\u2019 Guide to the Amendments\",\"description\":\"\",\"publisher\":{\"@id\":\"https:\/\/floridaamendmentguide.com\/#organization\"},\"potentialAction\":[{\"@type\":\"SearchAction\",\"target\":{\"@type\":\"EntryPoint\",\"urlTemplate\":\"https:\/\/floridaamendmentguide.com\/?s={search_term_string}\"},\"query-input\":{\"@type\":\"PropertyValueSpecification\",\"valueRequired\":true,\"valueName\":\"search_term_string\"}}],\"inLanguage\":\"ht\"},{\"@type\":\"Organization\",\"@id\":\"https:\/\/floridaamendmentguide.com\/#organization\",\"name\":\"Informed Voters\u2019 Guide to the Amendments\",\"url\":\"https:\/\/floridaamendmentguide.com\/\",\"logo\":{\"@type\":\"ImageObject\",\"inLanguage\":\"ht\",\"@id\":\"https:\/\/floridaamendmentguide.com\/#\/schema\/logo\/image\/\",\"url\":\"https:\/\/floridaamendmentguide.com\/wp-content\/uploads\/2024\/08\/informevotersguide-fb-scaled.jpg\",\"contentUrl\":\"https:\/\/floridaamendmentguide.com\/wp-content\/uploads\/2024\/08\/informevotersguide-fb-scaled.jpg\",\"width\":2560,\"height\":1330,\"caption\":\"Informed Voters\u2019 Guide to the Amendments\"},\"image\":{\"@id\":\"https:\/\/floridaamendmentguide.com\/#\/schema\/logo\/image\/\"}}]}<\/script>\n<!-- \/ Yoast SEO plugin. -->","yoast_head_json":{"title":"Florida Amendment 2 - Informed Voters\u2019 Guide to the Amendments","robots":{"index":"index","follow":"follow","max-snippet":"max-snippet:-1","max-image-preview":"max-image-preview:large","max-video-preview":"max-video-preview:-1"},"canonical":"https:\/\/floridaamendmentguide.com\/ht\/florida-amendment-2\/","og_locale":"ht_HT","og_type":"article","og_title":"Florida Amendment 2 - Informed Voters\u2019 Guide to the Amendments","og_description":"Right to Fish and Hunt The information on this page was provided by the nonpartisan League of Women Voters of Florida. Ballot Language Proposing an amendment to the State Constitution to preserve forever fishing and hunting, including by the use of traditional methods, as a public right and preferred means of responsibly managing and controlling [&hellip;]","og_url":"https:\/\/floridaamendmentguide.com\/ht\/florida-amendment-2\/","og_site_name":"Informed Voters\u2019 Guide to the Amendments","article_modified_time":"2024-09-04T12:05:13+00:00","og_image":[{"width":1200,"height":630,"url":"https:\/\/floridaamendmentguide.com\/wp-content\/uploads\/2024\/08\/informed-voters-guide-social.jpg","type":"image\/jpeg"}],"twitter_card":"summary_large_image","twitter_image":"https:\/\/floridaamendmentguide.com\/wp-content\/uploads\/2024\/08\/informed-voters-guide-social.jpg","twitter_misc":{"Est. reading time":"3 minutes"},"schema":{"@context":"https:\/\/schema.org","@graph":[{"@type":"WebPage","@id":"https:\/\/floridaamendmentguide.com\/florida-amendment-2\/","url":"https:\/\/floridaamendmentguide.com\/florida-amendment-2\/","name":"Florida Amendment 2 - Informed Voters\u2019 Guide to the Amendments","isPartOf":{"@id":"https:\/\/floridaamendmentguide.com\/#website"},"primaryImageOfPage":{"@id":"https:\/\/floridaamendmentguide.com\/florida-amendment-2\/#primaryimage"},"image":{"@id":"https:\/\/floridaamendmentguide.com\/florida-amendment-2\/#primaryimage"},"thumbnailUrl":"https:\/\/floridaamendmentguide.com\/wp-content\/uploads\/2024\/08\/vote411-logo.png","datePublished":"2024-08-13T13:31:17+00:00","dateModified":"2024-09-04T12:05:13+00:00","breadcrumb":{"@id":"https:\/\/floridaamendmentguide.com\/florida-amendment-2\/#breadcrumb"},"inLanguage":"ht","potentialAction":[{"@type":"ReadAction","target":["https:\/\/floridaamendmentguide.com\/florida-amendment-2\/"]}]},{"@type":"ImageObject","inLanguage":"ht","@id":"https:\/\/floridaamendmentguide.com\/florida-amendment-2\/#primaryimage","url":"https:\/\/floridaamendmentguide.com\/wp-content\/uploads\/2024\/08\/vote411-logo.png","contentUrl":"https:\/\/floridaamendmentguide.com\/wp-content\/uploads\/2024\/08\/vote411-logo.png"},{"@type":"BreadcrumbList","@id":"https:\/\/floridaamendmentguide.com\/florida-amendment-2\/#breadcrumb","itemListElement":[{"@type":"ListItem","position":1,"name":"Home","item":"https:\/\/floridaamendmentguide.com\/"},{"@type":"ListItem","position":2,"name":"Florida Amendment 2"}]},{"@type":"WebSite","@id":"https:\/\/floridaamendmentguide.com\/#website","url":"https:\/\/floridaamendmentguide.com\/","name":"Informed Voters\u2019 Guide to the Amendments","description":"","publisher":{"@id":"https:\/\/floridaamendmentguide.com\/#organization"},"potentialAction":[{"@type":"SearchAction","target":{"@type":"EntryPoint","urlTemplate":"https:\/\/floridaamendmentguide.com\/?s={search_term_string}"},"query-input":{"@type":"PropertyValueSpecification","valueRequired":true,"valueName":"search_term_string"}}],"inLanguage":"ht"},{"@type":"Organization","@id":"https:\/\/floridaamendmentguide.com\/#organization","name":"Informed Voters\u2019 Guide to the Amendments","url":"https:\/\/floridaamendmentguide.com\/","logo":{"@type":"ImageObject","inLanguage":"ht","@id":"https:\/\/floridaamendmentguide.com\/#\/schema\/logo\/image\/","url":"https:\/\/floridaamendmentguide.com\/wp-content\/uploads\/2024\/08\/informevotersguide-fb-scaled.jpg","contentUrl":"https:\/\/floridaamendmentguide.com\/wp-content\/uploads\/2024\/08\/informevotersguide-fb-scaled.jpg","width":2560,"height":1330,"caption":"Informed Voters\u2019 Guide to the Amendments"},"image":{"@id":"https:\/\/floridaamendmentguide.com\/#\/schema\/logo\/image\/"}}]}},"_links":{"self":[{"href":"https:\/\/floridaamendmentguide.com\/ht\/wp-json\/wp\/v2\/pages\/211","targetHints":{"allow":["GET"]}}],"collection":[{"href":"https:\/\/floridaamendmentguide.com\/ht\/wp-json\/wp\/v2\/pages"}],"about":[{"href":"https:\/\/floridaamendmentguide.com\/ht\/wp-json\/wp\/v2\/types\/page"}],"author":[{"embeddable":true,"href":"https:\/\/floridaamendmentguide.com\/ht\/wp-json\/wp\/v2\/users\/1"}],"replies":[{"embeddable":true,"href":"https:\/\/floridaamendmentguide.com\/ht\/wp-json\/wp\/v2\/comments?post=211"}],"version-history":[{"count":25,"href":"https:\/\/floridaamendmentguide.com\/ht\/wp-json\/wp\/v2\/pages\/211\/revisions"}],"predecessor-version":[{"id":497,"href":"https:\/\/floridaamendmentguide.com\/ht\/wp-json\/wp\/v2\/pages\/211\/revisions\/497"}],"wp:attachment":[{"href":"https:\/\/floridaamendmentguide.com\/ht\/wp-json\/wp\/v2\/media?parent=211"}],"curies":[{"name":"wp","href":"https:\/\/api.w.org\/{rel}","templated":true}]}}