{"id":172,"date":"2024-08-12T17:52:17","date_gmt":"2024-08-12T17:52:17","guid":{"rendered":"https:\/\/floridaamendmentguide.com\/?page_id=172"},"modified":"2024-09-25T19:10:23","modified_gmt":"2024-09-25T19:10:23","slug":"florida-amendment-1","status":"publish","type":"page","link":"https:\/\/floridaamendmentguide.com\/ht\/florida-amendment-1\/","title":{"rendered":"Amannman Florid 1"},"content":{"rendered":"<div data-elementor-type=\"wp-page\" data-elementor-id=\"172\" class=\"elementor elementor-172\" data-elementor-post-type=\"page\">\n\t\t\t\t<div class=\"elementor-element elementor-element-c89820b e-flex e-con-boxed e-con e-parent\" data-id=\"c89820b\" data-element_type=\"container\">\n\t\t\t\t\t<div class=\"e-con-inner\">\n\t\t\t\t<div class=\"elementor-element elementor-element-de4d1df elementor-widget elementor-widget-heading\" data-id=\"de4d1df\" data-element_type=\"widget\" data-widget_type=\"heading.default\">\n\t\t\t\t<div class=\"elementor-widget-container\">\n\t\t\t<h2 class=\"elementor-heading-title elementor-size-default\">Eleksyon Patizan Manm Kons\u00e8y Lek\u00f2l Distri yo<\/h2>\t\t<\/div>\n\t\t\t\t<\/div>\n\t\t<div class=\"elementor-element elementor-element-2b8dc82 e-con-full e-flex e-con e-child\" data-id=\"2b8dc82\" data-element_type=\"container\">\n\t\t\t\t<div class=\"elementor-element elementor-element-85f32a3 elementor-widget elementor-widget-text-editor\" data-id=\"85f32a3\" data-element_type=\"widget\" data-widget_type=\"text-editor.default\">\n\t\t\t\t<div class=\"elementor-widget-container\">\n\t\t\t<style>\/*! elementor - v3.23.0 - 05-08-2024 *\/\n.elementor-widget-text-editor.elementor-drop-cap-view-stacked .elementor-drop-cap{background-color:#69727d;color:#fff}.elementor-widget-text-editor.elementor-drop-cap-view-framed .elementor-drop-cap{color:#69727d;border:3px solid;background-color:transparent}.elementor-widget-text-editor:not(.elementor-drop-cap-view-default) .elementor-drop-cap{margin-top:8px}.elementor-widget-text-editor:not(.elementor-drop-cap-view-default) .elementor-drop-cap-letter{width:1em;height:1em}.elementor-widget-text-editor .elementor-drop-cap{float:left;text-align:center;line-height:1;font-size:50px}.elementor-widget-text-editor .elementor-drop-cap-letter{display:inline-block}<\/style>\t\t\t\t<p><strong><em>Enf\u00f2masyon ki nan paj sa a se pa moun ki pa patizan <a href=\"https:\/\/www.vote411.org\/florida\" target=\"_blank\" rel=\"noopener\">Lig Fanm Vot\u00e8 Florid yo.<\/a><\/em><\/strong><\/p>\t\t\t\t\t\t<\/div>\n\t\t\t\t<\/div>\n\t\t\t\t<\/div>\n\t\t\t\t<div class=\"elementor-element elementor-element-e672b85 elementor-widget elementor-widget-text-editor\" data-id=\"e672b85\" data-element_type=\"widget\" data-widget_type=\"text-editor.default\">\n\t\t\t\t<div class=\"elementor-widget-container\">\n\t\t\t\t\t\t\t<p><b>Lang bilten v\u00f2t<\/b><span style=\"font-weight: 400;\"><br \/><\/span><\/p><p><span style=\"font-weight: 400;\">Pwopoze amannman nan Konstitisyon Eta a pou egzije manm yon kons\u00e8y lek\u00f2l distri yo eli nan yon eleksyon patizan olye ke nan yon eleksyon ki pa patizan epi presize ke amannman an aplike s\u00e8lman nan eleksyon ki te f\u00e8t nan eleksyon jeneral Novanm 2026 la oswa apre. Sepandan, eleksyon prim\u00e8 patizan yo ka f\u00e8t anvan eleksyon jeneral 2026 la nan objektif pou nominasyon kandida pati politik yo nan biwo sa a pou plase sou bilten v\u00f2t eleksyon jeneral 2026 la.<\/span><\/p>\t\t\t\t\t\t<\/div>\n\t\t\t\t<\/div>\n\t\t\t\t<div class=\"elementor-element elementor-element-f366600 elementor-widget elementor-widget-heading\" data-id=\"f366600\" data-element_type=\"widget\" data-widget_type=\"heading.default\">\n\t\t\t\t<div class=\"elementor-widget-container\">\n\t\t\t<h3 class=\"elementor-heading-title elementor-size-default\">Rezime<\/h3>\t\t<\/div>\n\t\t\t\t<\/div>\n\t\t\t\t<div class=\"elementor-element elementor-element-2a3c456 elementor-widget elementor-widget-text-editor\" data-id=\"2a3c456\" data-element_type=\"widget\" data-widget_type=\"text-editor.default\">\n\t\t\t\t<div class=\"elementor-widget-container\">\n\t\t\t\t\t\t\t<p>Eleksyon kons\u00e8y lek\u00f2l nan Florid yo kounye a pa patizan. Sa vle di tout elekt\u00e8 ki anrejistre yo, k\u00e8lkeswa afilyasyon yo nan pati yo, kapab kounye a vote pou kandida kons\u00e8y yo chwazi nan eleksyon prim\u00e8 ak eleksyon jeneral yo. Anplis de sa, kandida pou kous komite lek\u00f2l la, tankou kandida pou tout biwo ki pa patizan, yo akty\u00e8lman ent\u00e8di pou f\u00e8 kanpay ki baze sou afilyasyon pati.<\/p><p>Eta Florid te f\u00e8 eleksyon patizan kons\u00e8y lek\u00f2l yo jiska 1998 l\u00e8 vot\u00e8 yo te apwouve Amannman 11 ak 64% v\u00f2t la. Amannman 11 ent\u00e8di prim\u00e8 patizan ak etik\u00e8t pati nan eleksyon kons\u00e8y lek\u00f2l yo. Komisyon Revizyon Konstitisyon Florid la te refere amannman 11 la bay bilten v\u00f2t la. Laflorid se youn nan 41 eta ki gen lwa eta ki bay eleksyon kons\u00e8y lek\u00f2l ki pa patizan.\u00a0<\/p><p>Yo te refere amannman 1 pwopoze a nan bilten v\u00f2t la pa yon v\u00f2t majorite nan Lejislati 2023 la. (Sena: 29 Wi a 11 Non; Kay: 79 Wi a 34 Non).<\/p><p>Amannman 1 pwopoze a ta mande pou yo eli manm kons\u00e8y lek\u00f2l distri yo nan eleksyon patizan yo, ak pati politik yo deziyen sou bilten v\u00f2t la.<\/p><p>Piske Florid se yon eta prensipal \u201cf\u00e8men\u201d, se s\u00e8lman vot\u00e8 ki anrejistre nan yon pati politik ki ka vote pou kandida nan eleksyon prim\u00e8 pati yo a. Vot\u00e8 ki anrejistre k\u00f2m No Party Affiliation (NPA) pa kapab, dapre lalwa, vote nan okenn eleksyon prim\u00e8 patizan. L\u00f2t biwo lokal tankou komisyon\u00e8 konte yo, sip\u00e8viz\u00e8 eleksyon yo, avoka leta yo ak defans\u00e8 piblik yo se kous patizan kounye a, al\u00f2ske jij ak anpil kons\u00e8y vil yo se ras ki pa patizan. Prim\u00e8 patizan f\u00e8men yo eskli pr\u00e8ske 30% elekt\u00e8 ki anrejistre ki klase k\u00f2m NPA, pr\u00e8ske 4 milyon vot\u00e8.<\/p><p><b>Opozan <\/b>to this amendment, including Common Cause Florida, Florida for All, NAACP FL State Conference, Florida NOW, Mi Familia en Accion, SEIU 1199 Florida and the League of Women Voters of Florida, argue that partisan school board races would exclude NPAs from voting in primaries and increase political polarization. Schools should not be politicized and everyone should be welcome at schools regardless of party affiliation. \u00a0<\/p><p><b>Sip\u00f2t\u00e8 yo <\/b>nan amannman an, ki gen ladan majorite Lejislati Florid la, deklare ke depi edikasyon piblik te vin polarize atrav\u00e8 pwobl\u00e8m kiltir\u00e8l ki reflete nan nouvo lejislasyon ke eleksyon kons\u00e8y lek\u00f2l yo te deja vin patizan. Anplis de sa, afilyasyon yon pati kandida ka predi ki jan yo pral vote sou pwobl\u00e8m kontwov\u00e8syal kons\u00e8y lek\u00f2l la.<\/p><p><b>Yon v\u00f2t Wi ta...: <\/b>Chanje eleksyon Komisyon Kons\u00e8y Lek\u00f2l la an eleksyon patizan apati 2026, ki mande pou yo deziyen pati politik kandida a nan bilten v\u00f2t la epi deklanche eleksyon prim\u00e8 f\u00e8men.\u00a0<\/p><p><b>Yon non v\u00f2t ta...:\u00a0 <\/b>Kite eleksyon Komisyon Kons\u00e8y Lek\u00f2l yo k\u00f2m eleksyon ki pa patizan san yo pa gen eleksyon prim\u00e8 f\u00e8men, sa ki p\u00e8m\u00e8t tout elekt\u00e8 yo vote pou nenp\u00f2t kandida.<\/p>\t\t\t\t\t\t<\/div>\n\t\t\t\t<\/div>\n\t\t\t\t\t<\/div>\n\t\t\t\t<\/div>\n\t\t<div class=\"elementor-element elementor-element-b504a52 e-flex e-con-boxed e-con e-parent\" data-id=\"b504a52\" data-element_type=\"container\">\n\t\t\t\t\t<div class=\"e-con-inner\">\n\t\t<div class=\"elementor-element elementor-element-0e2e693 e-con-full e-flex e-con e-child\" data-id=\"0e2e693\" data-element_type=\"container\">\n\t\t\t\t<div class=\"elementor-element elementor-element-78eb434 elementor-icon-list--layout-traditional elementor-list-item-link-full_width elementor-widget elementor-widget-icon-list\" data-id=\"78eb434\" data-element_type=\"widget\" data-widget_type=\"icon-list.default\">\n\t\t\t\t<div class=\"elementor-widget-container\">\n\t\t\t<link rel=\"stylesheet\" href=\"https:\/\/floridaamendmentguide.com\/wp-content\/plugins\/elementor\/assets\/css\/widget-icon-list.min.css\">\t\t<ul class=\"elementor-icon-list-items\">\n\t\t\t\t\t\t\t<li class=\"elementor-icon-list-item\">\n\t\t\t\t\t\t\t\t\t\t\t<a href=\"https:\/\/floridaamendmentguide.com\/ht\/florida-amendment-6\/\">\n\n\t\t\t\t\t\t\t\t\t\t\t\t<span class=\"elementor-icon-list-icon\">\n\t\t\t\t\t\t\t<svg aria-hidden=\"true\" class=\"e-font-icon-svg e-fas-chevron-circle-left\" viewbox=\"0 0 512 512\" xmlns=\"http:\/\/www.w3.org\/2000\/svg\"><path d=\"M256 504C119 504 8 393 8 256S119 8 256 8s248 111 248 248-111 248-248 248zM142.1 273l135.5 135.5c9.4 9.4 24.6 9.4 33.9 0l17-17c9.4-9.4 9.4-24.6 0-33.9L226.9 256l101.6-101.6c9.4-9.4 9.4-24.6 0-33.9l-17-17c-9.4-9.4-24.6-9.4-33.9 0L142.1 239c-9.4 9.4-9.4 24.6 0 34z\"><\/path><\/svg>\t\t\t\t\t\t<\/span>\n\t\t\t\t\t\t\t\t\t\t<span class=\"elementor-icon-list-text\">Amannman 6<\/span>\n\t\t\t\t\t\t\t\t\t\t\t<\/a>\n\t\t\t\t\t\t\t\t\t<\/li>\n\t\t\t\t\t\t<\/ul>\n\t\t\t\t<\/div>\n\t\t\t\t<\/div>\n\t\t\t\t<\/div>\n\t\t<div class=\"elementor-element elementor-element-dad7c97 e-con-full e-flex e-con e-child\" data-id=\"dad7c97\" data-element_type=\"container\">\n\t\t\t\t<div class=\"elementor-element elementor-element-571f23e elementor-icon-list--layout-traditional elementor-list-item-link-full_width elementor-widget elementor-widget-icon-list\" data-id=\"571f23e\" data-element_type=\"widget\" data-widget_type=\"icon-list.default\">\n\t\t\t\t<div class=\"elementor-widget-container\">\n\t\t\t\t\t<ul class=\"elementor-icon-list-items\">\n\t\t\t\t\t\t\t<li class=\"elementor-icon-list-item\">\n\t\t\t\t\t\t\t\t\t\t\t<a href=\"https:\/\/floridaamendmentguide.com\/ht\/florida-amendment-2\/\">\n\n\t\t\t\t\t\t\t\t\t\t\t\t<span class=\"elementor-icon-list-icon\">\n\t\t\t\t\t\t\t<svg aria-hidden=\"true\" class=\"e-font-icon-svg e-fas-chevron-circle-right\" viewbox=\"0 0 512 512\" xmlns=\"http:\/\/www.w3.org\/2000\/svg\"><path d=\"M256 8c137 0 248 111 248 248S393 504 256 504 8 393 8 256 119 8 256 8zm113.9 231L234.4 103.5c-9.4-9.4-24.6-9.4-33.9 0l-17 17c-9.4 9.4-9.4 24.6 0 33.9L285.1 256 183.5 357.6c-9.4 9.4-9.4 24.6 0 33.9l17 17c9.4 9.4 24.6 9.4 33.9 0L369.9 273c9.4-9.4 9.4-24.6 0-34z\"><\/path><\/svg>\t\t\t\t\t\t<\/span>\n\t\t\t\t\t\t\t\t\t\t<span class=\"elementor-icon-list-text\">Amannman 2<\/span>\n\t\t\t\t\t\t\t\t\t\t\t<\/a>\n\t\t\t\t\t\t\t\t\t<\/li>\n\t\t\t\t\t\t<\/ul>\n\t\t\t\t<\/div>\n\t\t\t\t<\/div>\n\t\t\t\t<\/div>\n\t\t\t\t\t<\/div>\n\t\t\t\t<\/div>\n\t\t<div class=\"elementor-element elementor-element-f83106e e-flex e-con-boxed e-con e-parent\" data-id=\"f83106e\" data-element_type=\"container\">\n\t\t\t\t\t<div class=\"e-con-inner\">\n\t\t\t\t<div class=\"elementor-element elementor-element-9cff964 elementor-widget elementor-widget-text-editor\" data-id=\"9cff964\" data-element_type=\"widget\" data-widget_type=\"text-editor.default\">\n\t\t\t\t<div class=\"elementor-widget-container\">\n\t\t\t\t\t\t\t<p><em>Enf\u00f2masyon ki nan paj sa a se pa moun ki pa patizan <a href=\"https:\/\/www.vote411.org\/florida\" target=\"_blank\" rel=\"noopener\">Lig Fanm Vot\u00e8 Florid yo.<\/a><\/em><\/p>\t\t\t\t\t\t<\/div>\n\t\t\t\t<\/div>\n\t\t\t\t<div class=\"elementor-element elementor-element-13676d0 elementor-widget elementor-widget-image\" data-id=\"13676d0\" data-element_type=\"widget\" data-widget_type=\"image.default\">\n\t\t\t\t<div class=\"elementor-widget-container\">\n\t\t\t<style>\/*! elementor - v3.23.0 - 05-08-2024 *\/\n.elementor-widget-image{text-align:center}.elementor-widget-image a{display:inline-block}.elementor-widget-image a img[src$=\".svg\"]{width:48px}.elementor-widget-image img{vertical-align:middle;display:inline-block}<\/style>\t\t\t\t\t\t\t\t\t\t\t<a href=\"https:\/\/www.vote411.org\/florida\" target=\"_blank\">\n\t\t\t\t\t\t\t<img fetchpriority=\"high\" decoding=\"async\" width=\"800\" height=\"315\" src=\"https:\/\/floridaamendmentguide.com\/wp-content\/uploads\/2024\/08\/vote411-logo.png\" class=\"attachment-full size-full wp-image-326\" alt=\"\" srcset=\"https:\/\/floridaamendmentguide.com\/wp-content\/uploads\/2024\/08\/vote411-logo.png 800w, https:\/\/floridaamendmentguide.com\/wp-content\/uploads\/2024\/08\/vote411-logo-300x118.png 300w, https:\/\/floridaamendmentguide.com\/wp-content\/uploads\/2024\/08\/vote411-logo-768x302.png 768w, https:\/\/floridaamendmentguide.com\/wp-content\/uploads\/2024\/08\/vote411-logo-18x7.png 18w\" sizes=\"(max-width: 800px) 100vw, 800px\" \/>\t\t\t\t\t\t\t\t<\/a>\n\t\t\t\t\t\t\t\t\t\t\t\t\t<\/div>\n\t\t\t\t<\/div>\n\t\t\t\t\t<\/div>\n\t\t\t\t<\/div>\n\t\t\t\t<\/div>","protected":false},"excerpt":{"rendered":"<p>Partisan Election of Members of District School Boards The information on this page was provided by the nonpartisan League of Women Voters of Florida. Ballot Language Proposing amendments to the State Constitution to require members of a district school board to be elected in a partisan election rather than a nonpartisan election and to specify [&hellip;]<\/p>","protected":false},"author":1,"featured_media":0,"parent":0,"menu_order":0,"comment_status":"closed","ping_status":"closed","template":"","meta":{"footnotes":""},"class_list":["post-172","page","type-page","status-publish","hentry"],"yoast_head":"<!-- This site is optimized with the Yoast SEO plugin v23.4 - https:\/\/yoast.com\/wordpress\/plugins\/seo\/ -->\n<title>Florida Amendment 1 - Informed Voters\u2019 Guide to the Amendments<\/title>\n<meta name=\"robots\" content=\"index, follow, max-snippet:-1, max-image-preview:large, max-video-preview:-1\" \/>\n<link rel=\"canonical\" href=\"https:\/\/floridaamendmentguide.com\/ht\/florida-amendment-1\/\" \/>\n<meta property=\"og:locale\" content=\"ht_HT\" \/>\n<meta property=\"og:type\" content=\"article\" \/>\n<meta property=\"og:title\" content=\"Florida Amendment 1 - Informed Voters\u2019 Guide to the Amendments\" \/>\n<meta property=\"og:description\" content=\"Partisan Election of Members of District School Boards The information on this page was provided by the nonpartisan League of Women Voters of Florida. Ballot Language Proposing amendments to the State Constitution to require members of a district school board to be elected in a partisan election rather than a nonpartisan election and to specify [&hellip;]\" \/>\n<meta property=\"og:url\" content=\"https:\/\/floridaamendmentguide.com\/ht\/florida-amendment-1\/\" \/>\n<meta property=\"og:site_name\" content=\"Informed Voters\u2019 Guide to the Amendments\" \/>\n<meta property=\"article:modified_time\" content=\"2024-09-25T19:10:23+00:00\" \/>\n<meta property=\"og:image\" content=\"https:\/\/floridaamendmentguide.com\/wp-content\/uploads\/2024\/08\/informed-voters-guide-social.jpg\" \/>\n\t<meta property=\"og:image:width\" content=\"1200\" \/>\n\t<meta property=\"og:image:height\" content=\"630\" \/>\n\t<meta property=\"og:image:type\" content=\"image\/jpeg\" \/>\n<meta name=\"twitter:card\" content=\"summary_large_image\" \/>\n<meta name=\"twitter:image\" content=\"https:\/\/floridaamendmentguide.com\/wp-content\/uploads\/2024\/08\/informed-voters-guide-social.jpg\" \/>\n<meta name=\"twitter:label1\" content=\"Est. reading time\" \/>\n\t<meta name=\"twitter:data1\" content=\"3 minutes\" \/>\n<script type=\"application\/ld+json\" class=\"yoast-schema-graph\">{\"@context\":\"https:\/\/schema.org\",\"@graph\":[{\"@type\":\"WebPage\",\"@id\":\"https:\/\/floridaamendmentguide.com\/florida-amendment-1\/\",\"url\":\"https:\/\/floridaamendmentguide.com\/florida-amendment-1\/\",\"name\":\"Florida Amendment 1 - Informed Voters\u2019 Guide to the Amendments\",\"isPartOf\":{\"@id\":\"https:\/\/floridaamendmentguide.com\/#website\"},\"primaryImageOfPage\":{\"@id\":\"https:\/\/floridaamendmentguide.com\/florida-amendment-1\/#primaryimage\"},\"image\":{\"@id\":\"https:\/\/floridaamendmentguide.com\/florida-amendment-1\/#primaryimage\"},\"thumbnailUrl\":\"https:\/\/floridaamendmentguide.com\/wp-content\/uploads\/2024\/08\/vote411-logo.png\",\"datePublished\":\"2024-08-12T17:52:17+00:00\",\"dateModified\":\"2024-09-25T19:10:23+00:00\",\"breadcrumb\":{\"@id\":\"https:\/\/floridaamendmentguide.com\/florida-amendment-1\/#breadcrumb\"},\"inLanguage\":\"ht\",\"potentialAction\":[{\"@type\":\"ReadAction\",\"target\":[\"https:\/\/floridaamendmentguide.com\/florida-amendment-1\/\"]}]},{\"@type\":\"ImageObject\",\"inLanguage\":\"ht\",\"@id\":\"https:\/\/floridaamendmentguide.com\/florida-amendment-1\/#primaryimage\",\"url\":\"https:\/\/floridaamendmentguide.com\/wp-content\/uploads\/2024\/08\/vote411-logo.png\",\"contentUrl\":\"https:\/\/floridaamendmentguide.com\/wp-content\/uploads\/2024\/08\/vote411-logo.png\"},{\"@type\":\"BreadcrumbList\",\"@id\":\"https:\/\/floridaamendmentguide.com\/florida-amendment-1\/#breadcrumb\",\"itemListElement\":[{\"@type\":\"ListItem\",\"position\":1,\"name\":\"Home\",\"item\":\"https:\/\/floridaamendmentguide.com\/\"},{\"@type\":\"ListItem\",\"position\":2,\"name\":\"Florida Amendment 1\"}]},{\"@type\":\"WebSite\",\"@id\":\"https:\/\/floridaamendmentguide.com\/#website\",\"url\":\"https:\/\/floridaamendmentguide.com\/\",\"name\":\"Informed Voters\u2019 Guide to the Amendments\",\"description\":\"\",\"publisher\":{\"@id\":\"https:\/\/floridaamendmentguide.com\/#organization\"},\"potentialAction\":[{\"@type\":\"SearchAction\",\"target\":{\"@type\":\"EntryPoint\",\"urlTemplate\":\"https:\/\/floridaamendmentguide.com\/?s={search_term_string}\"},\"query-input\":{\"@type\":\"PropertyValueSpecification\",\"valueRequired\":true,\"valueName\":\"search_term_string\"}}],\"inLanguage\":\"ht\"},{\"@type\":\"Organization\",\"@id\":\"https:\/\/floridaamendmentguide.com\/#organization\",\"name\":\"Informed Voters\u2019 Guide to the Amendments\",\"url\":\"https:\/\/floridaamendmentguide.com\/\",\"logo\":{\"@type\":\"ImageObject\",\"inLanguage\":\"ht\",\"@id\":\"https:\/\/floridaamendmentguide.com\/#\/schema\/logo\/image\/\",\"url\":\"https:\/\/floridaamendmentguide.com\/wp-content\/uploads\/2024\/08\/informevotersguide-fb-scaled.jpg\",\"contentUrl\":\"https:\/\/floridaamendmentguide.com\/wp-content\/uploads\/2024\/08\/informevotersguide-fb-scaled.jpg\",\"width\":2560,\"height\":1330,\"caption\":\"Informed Voters\u2019 Guide to the Amendments\"},\"image\":{\"@id\":\"https:\/\/floridaamendmentguide.com\/#\/schema\/logo\/image\/\"}}]}<\/script>\n<!-- \/ Yoast SEO plugin. -->","yoast_head_json":{"title":"Florida Amendment 1 - Informed Voters\u2019 Guide to the Amendments","robots":{"index":"index","follow":"follow","max-snippet":"max-snippet:-1","max-image-preview":"max-image-preview:large","max-video-preview":"max-video-preview:-1"},"canonical":"https:\/\/floridaamendmentguide.com\/ht\/florida-amendment-1\/","og_locale":"ht_HT","og_type":"article","og_title":"Florida Amendment 1 - Informed Voters\u2019 Guide to the Amendments","og_description":"Partisan Election of Members of District School Boards The information on this page was provided by the nonpartisan League of Women Voters of Florida. Ballot Language Proposing amendments to the State Constitution to require members of a district school board to be elected in a partisan election rather than a nonpartisan election and to specify [&hellip;]","og_url":"https:\/\/floridaamendmentguide.com\/ht\/florida-amendment-1\/","og_site_name":"Informed Voters\u2019 Guide to the Amendments","article_modified_time":"2024-09-25T19:10:23+00:00","og_image":[{"width":1200,"height":630,"url":"https:\/\/floridaamendmentguide.com\/wp-content\/uploads\/2024\/08\/informed-voters-guide-social.jpg","type":"image\/jpeg"}],"twitter_card":"summary_large_image","twitter_image":"https:\/\/floridaamendmentguide.com\/wp-content\/uploads\/2024\/08\/informed-voters-guide-social.jpg","twitter_misc":{"Est. reading time":"3 minutes"},"schema":{"@context":"https:\/\/schema.org","@graph":[{"@type":"WebPage","@id":"https:\/\/floridaamendmentguide.com\/florida-amendment-1\/","url":"https:\/\/floridaamendmentguide.com\/florida-amendment-1\/","name":"Florida Amendment 1 - Informed Voters\u2019 Guide to the Amendments","isPartOf":{"@id":"https:\/\/floridaamendmentguide.com\/#website"},"primaryImageOfPage":{"@id":"https:\/\/floridaamendmentguide.com\/florida-amendment-1\/#primaryimage"},"image":{"@id":"https:\/\/floridaamendmentguide.com\/florida-amendment-1\/#primaryimage"},"thumbnailUrl":"https:\/\/floridaamendmentguide.com\/wp-content\/uploads\/2024\/08\/vote411-logo.png","datePublished":"2024-08-12T17:52:17+00:00","dateModified":"2024-09-25T19:10:23+00:00","breadcrumb":{"@id":"https:\/\/floridaamendmentguide.com\/florida-amendment-1\/#breadcrumb"},"inLanguage":"ht","potentialAction":[{"@type":"ReadAction","target":["https:\/\/floridaamendmentguide.com\/florida-amendment-1\/"]}]},{"@type":"ImageObject","inLanguage":"ht","@id":"https:\/\/floridaamendmentguide.com\/florida-amendment-1\/#primaryimage","url":"https:\/\/floridaamendmentguide.com\/wp-content\/uploads\/2024\/08\/vote411-logo.png","contentUrl":"https:\/\/floridaamendmentguide.com\/wp-content\/uploads\/2024\/08\/vote411-logo.png"},{"@type":"BreadcrumbList","@id":"https:\/\/floridaamendmentguide.com\/florida-amendment-1\/#breadcrumb","itemListElement":[{"@type":"ListItem","position":1,"name":"Home","item":"https:\/\/floridaamendmentguide.com\/"},{"@type":"ListItem","position":2,"name":"Florida Amendment 1"}]},{"@type":"WebSite","@id":"https:\/\/floridaamendmentguide.com\/#website","url":"https:\/\/floridaamendmentguide.com\/","name":"Informed Voters\u2019 Guide to the Amendments","description":"","publisher":{"@id":"https:\/\/floridaamendmentguide.com\/#organization"},"potentialAction":[{"@type":"SearchAction","target":{"@type":"EntryPoint","urlTemplate":"https:\/\/floridaamendmentguide.com\/?s={search_term_string}"},"query-input":{"@type":"PropertyValueSpecification","valueRequired":true,"valueName":"search_term_string"}}],"inLanguage":"ht"},{"@type":"Organization","@id":"https:\/\/floridaamendmentguide.com\/#organization","name":"Informed Voters\u2019 Guide to the Amendments","url":"https:\/\/floridaamendmentguide.com\/","logo":{"@type":"ImageObject","inLanguage":"ht","@id":"https:\/\/floridaamendmentguide.com\/#\/schema\/logo\/image\/","url":"https:\/\/floridaamendmentguide.com\/wp-content\/uploads\/2024\/08\/informevotersguide-fb-scaled.jpg","contentUrl":"https:\/\/floridaamendmentguide.com\/wp-content\/uploads\/2024\/08\/informevotersguide-fb-scaled.jpg","width":2560,"height":1330,"caption":"Informed Voters\u2019 Guide to the Amendments"},"image":{"@id":"https:\/\/floridaamendmentguide.com\/#\/schema\/logo\/image\/"}}]}},"_links":{"self":[{"href":"https:\/\/floridaamendmentguide.com\/ht\/wp-json\/wp\/v2\/pages\/172","targetHints":{"allow":["GET"]}}],"collection":[{"href":"https:\/\/floridaamendmentguide.com\/ht\/wp-json\/wp\/v2\/pages"}],"about":[{"href":"https:\/\/floridaamendmentguide.com\/ht\/wp-json\/wp\/v2\/types\/page"}],"author":[{"embeddable":true,"href":"https:\/\/floridaamendmentguide.com\/ht\/wp-json\/wp\/v2\/users\/1"}],"replies":[{"embeddable":true,"href":"https:\/\/floridaamendmentguide.com\/ht\/wp-json\/wp\/v2\/comments?post=172"}],"version-history":[{"count":67,"href":"https:\/\/floridaamendmentguide.com\/ht\/wp-json\/wp\/v2\/pages\/172\/revisions"}],"predecessor-version":[{"id":580,"href":"https:\/\/floridaamendmentguide.com\/ht\/wp-json\/wp\/v2\/pages\/172\/revisions\/580"}],"wp:attachment":[{"href":"https:\/\/floridaamendmentguide.com\/ht\/wp-json\/wp\/v2\/media?parent=172"}],"curies":[{"name":"wp","href":"https:\/\/api.w.org\/{rel}","templated":true}]}}