{"id":233,"date":"2024-08-13T13:39:15","date_gmt":"2024-08-13T13:39:15","guid":{"rendered":"https:\/\/floridaamendmentguide.com\/?page_id=233"},"modified":"2024-09-04T12:05:44","modified_gmt":"2024-09-04T12:05:44","slug":"florida-amendment-4","status":"publish","type":"page","link":"https:\/\/floridaamendmentguide.com\/es\/florida-amendment-4\/","title":{"rendered":"Enmienda 4 de Florida"},"content":{"rendered":"<div data-elementor-type=\"wp-page\" data-elementor-id=\"233\" class=\"elementor elementor-233\" data-elementor-post-type=\"page\">\n\t\t\t\t<div class=\"elementor-element elementor-element-1c397d2 e-flex e-con-boxed e-con e-parent\" data-id=\"1c397d2\" data-element_type=\"container\">\n\t\t\t\t\t<div class=\"e-con-inner\">\n\t\t\t\t<div class=\"elementor-element elementor-element-682db34 elementor-widget elementor-widget-heading\" data-id=\"682db34\" data-element_type=\"widget\" data-widget_type=\"heading.default\">\n\t\t\t\t<div class=\"elementor-widget-container\">\n\t\t\t<h2 class=\"elementor-heading-title elementor-size-default\">Enmienda para limitar la interferencia del gobierno en el aborto<\/h2>\t\t<\/div>\n\t\t\t\t<\/div>\n\t\t<div class=\"elementor-element elementor-element-051b803 e-con-full e-flex e-con e-child\" data-id=\"051b803\" data-element_type=\"container\">\n\t\t\t\t<div class=\"elementor-element elementor-element-021b98b elementor-widget elementor-widget-text-editor\" data-id=\"021b98b\" data-element_type=\"widget\" data-widget_type=\"text-editor.default\">\n\t\t\t\t<div class=\"elementor-widget-container\">\n\t\t\t<style>\/*! elementor - v3.23.0 - 05-08-2024 *\/\n.elementor-widget-text-editor.elementor-drop-cap-view-stacked .elementor-drop-cap{background-color:#69727d;color:#fff}.elementor-widget-text-editor.elementor-drop-cap-view-framed .elementor-drop-cap{color:#69727d;border:3px solid;background-color:transparent}.elementor-widget-text-editor:not(.elementor-drop-cap-view-default) .elementor-drop-cap{margin-top:8px}.elementor-widget-text-editor:not(.elementor-drop-cap-view-default) .elementor-drop-cap-letter{width:1em;height:1em}.elementor-widget-text-editor .elementor-drop-cap{float:left;text-align:center;line-height:1;font-size:50px}.elementor-widget-text-editor .elementor-drop-cap-letter{display:inline-block}<\/style>\t\t\t\t<p><strong><em>La informaci\u00f3n de esta p\u00e1gina fue proporcionada por el no partidista <a href=\"https:\/\/www.vote411.org\/florida\" target=\"_blank\" rel=\"noopener\">Liga de Mujeres Votantes de Florida.<\/a><\/em><\/strong><\/p>\t\t\t\t\t\t<\/div>\n\t\t\t\t<\/div>\n\t\t\t\t<\/div>\n\t\t\t\t<div class=\"elementor-element elementor-element-2f702eb elementor-widget elementor-widget-text-editor\" data-id=\"2f702eb\" data-element_type=\"widget\" data-widget_type=\"text-editor.default\">\n\t\t\t\t<div class=\"elementor-widget-container\">\n\t\t\t\t\t\t\t<p><b>Lenguaje de la boleta<\/b><span style=\"font-weight: 400;\"><br \/><\/span><\/p><p><span style=\"font-weight: 400;\">Ninguna ley prohibir\u00e1, penalizar\u00e1, retrasar\u00e1 ni restringir\u00e1 el aborto antes de la viabilidad o cuando sea necesario para proteger la salud de la paciente, seg\u00fan lo determine el proveedor de atenci\u00f3n m\u00e9dica de la paciente. Esta enmienda no cambia la autoridad constitucional de la Legislatura para exigir la notificaci\u00f3n a un padre o tutor antes de que una menor se someta a un aborto.<\/span><\/p>\t\t\t\t\t\t<\/div>\n\t\t\t\t<\/div>\n\t\t\t\t<div class=\"elementor-element elementor-element-cdd1fb1 elementor-widget elementor-widget-heading\" data-id=\"cdd1fb1\" data-element_type=\"widget\" data-widget_type=\"heading.default\">\n\t\t\t\t<div class=\"elementor-widget-container\">\n\t\t\t<h3 class=\"elementor-heading-title elementor-size-default\">Sinopsis<\/h3>\t\t<\/div>\n\t\t\t\t<\/div>\n\t\t\t\t<div class=\"elementor-element elementor-element-fb95343 elementor-widget elementor-widget-text-editor\" data-id=\"fb95343\" data-element_type=\"widget\" data-widget_type=\"text-editor.default\">\n\t\t\t\t<div class=\"elementor-widget-container\">\n\t\t\t\t\t\t\t<p><span style=\"font-weight: 400;\">La siguiente es la historia de las regulaciones del aborto en Florida:\u00a0<\/span><\/p><p><span style=\"font-weight: 400;\">En 2022, en una votaci\u00f3n de 5 a 4, la Corte Suprema de los Estados Unidos determin\u00f3 que no exist\u00eda un derecho constitucional federal al aborto y anul\u00f3 <\/span><i><span style=\"font-weight: 400;\">Roe contra Wade<\/span><\/i><span style=\"font-weight: 400;\"> (1973) La regulaci\u00f3n del aborto qued\u00f3 en manos de los estados.<\/span><\/p><p><span style=\"font-weight: 400;\">Antes de 2022, los abortos eran legales en Florida hasta los l\u00edmites federales de <\/span><i><span style=\"font-weight: 400;\">Roe<\/span><\/i><span style=\"font-weight: 400;\">. En 2004, los votantes de Florida aprobaron una enmienda constitucional que exige la notificaci\u00f3n a los padres de las menores que deseen abortar. En 2012, los votantes rechazaron una enmienda que limitaba los fondos p\u00fablicos para el aborto. En 2022, la legislatura de Florida aprob\u00f3 un proyecto de ley que prohib\u00eda la mayor\u00eda de los abortos despu\u00e9s de las 15 semanas. Y en 2023, la legislatura de Florida aprob\u00f3 un segundo proyecto de ley para prohibir el aborto despu\u00e9s de las seis semanas (con excepciones limitadas por la vida de la mujer, violaci\u00f3n o incesto). La prohibici\u00f3n de las seis semanas entr\u00f3 en vigor el 1 de mayo de 2024.\u00a0<\/span><\/p><p><span style=\"font-weight: 400;\">La enmienda propuesta 4 establece que el gobierno no puede interferir en la decisi\u00f3n de una mujer de abortar hasta que alcance la viabilidad (v\u00e9ase la definici\u00f3n a continuaci\u00f3n). Despu\u00e9s de la viabilidad, si el aborto es necesario para proteger la salud de la mujer, esa decisi\u00f3n queda entre la mujer y su proveedor de atenci\u00f3n m\u00e9dica.<\/span><\/p><p><span style=\"font-weight: 400;\">Esta enmienda no obliga a realizar abortos ilimitados en Florida. La enmienda no anula la notificaci\u00f3n a los padres para un aborto en Florida. Esta enmienda permite el aborto antes de la viabilidad fetal (ver la definici\u00f3n a continuaci\u00f3n) o cuando sea necesario para proteger la salud de la paciente, seg\u00fan lo determine el proveedor de atenci\u00f3n m\u00e9dica de la paciente.<\/span><\/p><p><span style=\"font-weight: 400;\">En el estado de Florida, la viabilidad se define en el T\u00edtulo XXIX del Estatuto de Florida \u2013 Salud P\u00fablica, Cap\u00edtulo 390, 390.011. \u201cViabilidad\u201d significa la etapa del desarrollo fetal en la que la vida de un feto es sostenible fuera del \u00fatero mediante medidas m\u00e9dicas est\u00e1ndar. Durante todo el a\u00f1o 2021 y la primera mitad de 2022, en virtud del caso Roe v. Wade, la Agencia para la Administraci\u00f3n de la Atenci\u00f3n M\u00e9dica de Florida inform\u00f3 que el 0% de los abortos se realizaron en el tercer trimestre (principios de la semana 24).<\/span><\/p><p><span style=\"font-weight: 400;\">La Enmienda 4 propuesta se incluy\u00f3 en la boleta electoral a trav\u00e9s de una iniciativa ciudadana. Desde 2022, siete estados de EE. UU. han tenido una Enmienda relacionada con el aborto en la boleta electoral. Cuatro de esas enmiendas se redactaron para crear un derecho constitucional al aborto y las cuatro enmiendas se aprobaron. Tres de las enmiendas propuestas se redactaron para prohibir el aborto y las tres fueron rechazadas.\u00a0<\/span><\/p><p><b>Partidarios<\/b><span style=\"font-weight: 400;\">, incluidos Floridians Protecting Freedom, ACLU of Florida, Planned Parenthood, Florida Women&#039;s Freedom Coalition, Florida Rising, SEIU 1199 Florida, Women&#039;s Voices of Southwest Florida, Florida Democratic Party y la League of Women Voters of Florida, dicen: &quot;Todos los floridanos merecen la libertad de tomar decisiones m\u00e9dicas personales, libres de la intrusi\u00f3n del gobierno.\u00a0<\/span><\/p><p><b>Oponentes<\/b><span style=\"font-weight: 400;\">, incluido el Partido Republicano de Florida, Florida Voters Against Extremism, la Conferencia de Obispos Cat\u00f3licos de Florida, Florida Family Policy Council, Susan B. Anthony Pro-Life America y Florida Family Action, dicen que la enmienda es demasiado vaga y conducir\u00e1 a una industria del aborto no regulada.<\/span><\/p><p><b>Un voto por el s\u00ed significar\u00eda\u2026: <\/b><span style=\"font-weight: 400;\">Impedir que cualquier ley proh\u00edba, penalice, retrase o restrinja el aborto antes de la viabilidad o cuando sea necesario para proteger la salud de la paciente, seg\u00fan lo determine el proveedor de atenci\u00f3n m\u00e9dica de la paciente.\u00a0\u00a0<\/span><\/p><p><b>Un voto por el No significar\u00eda\u2026:\u00a0 <\/b><span style=\"font-weight: 400;\">No otorgar un derecho constitucional al aborto antes de la viabilidad y dejar vigente la actual prohibici\u00f3n del aborto a las seis semanas de embarazo en Florida.<\/span><\/p>\t\t\t\t\t\t<\/div>\n\t\t\t\t<\/div>\n\t\t\t\t\t<\/div>\n\t\t\t\t<\/div>\n\t\t<div class=\"elementor-element elementor-element-8f7aade e-flex e-con-boxed e-con e-parent\" data-id=\"8f7aade\" data-element_type=\"container\">\n\t\t\t\t\t<div class=\"e-con-inner\">\n\t\t<div class=\"elementor-element elementor-element-90b10f2 e-con-full e-flex e-con e-child\" data-id=\"90b10f2\" data-element_type=\"container\">\n\t\t\t\t<div class=\"elementor-element elementor-element-fb6575c elementor-icon-list--layout-traditional elementor-list-item-link-full_width elementor-widget elementor-widget-icon-list\" data-id=\"fb6575c\" data-element_type=\"widget\" data-widget_type=\"icon-list.default\">\n\t\t\t\t<div class=\"elementor-widget-container\">\n\t\t\t<link rel=\"stylesheet\" href=\"https:\/\/floridaamendmentguide.com\/wp-content\/plugins\/elementor\/assets\/css\/widget-icon-list.min.css\">\t\t<ul class=\"elementor-icon-list-items\">\n\t\t\t\t\t\t\t<li class=\"elementor-icon-list-item\">\n\t\t\t\t\t\t\t\t\t\t\t<a href=\"https:\/\/floridaamendmentguide.com\/es\/florida-amendment-3\/\">\n\n\t\t\t\t\t\t\t\t\t\t\t\t<span class=\"elementor-icon-list-icon\">\n\t\t\t\t\t\t\t<svg aria-hidden=\"true\" class=\"e-font-icon-svg e-fas-chevron-circle-left\" viewbox=\"0 0 512 512\" xmlns=\"http:\/\/www.w3.org\/2000\/svg\"><path d=\"M256 504C119 504 8 393 8 256S119 8 256 8s248 111 248 248-111 248-248 248zM142.1 273l135.5 135.5c9.4 9.4 24.6 9.4 33.9 0l17-17c9.4-9.4 9.4-24.6 0-33.9L226.9 256l101.6-101.6c9.4-9.4 9.4-24.6 0-33.9l-17-17c-9.4-9.4-24.6-9.4-33.9 0L142.1 239c-9.4 9.4-9.4 24.6 0 34z\"><\/path><\/svg>\t\t\t\t\t\t<\/span>\n\t\t\t\t\t\t\t\t\t\t<span class=\"elementor-icon-list-text\">Enmienda 3<\/span>\n\t\t\t\t\t\t\t\t\t\t\t<\/a>\n\t\t\t\t\t\t\t\t\t<\/li>\n\t\t\t\t\t\t<\/ul>\n\t\t\t\t<\/div>\n\t\t\t\t<\/div>\n\t\t\t\t<\/div>\n\t\t<div class=\"elementor-element elementor-element-784d522 e-con-full e-flex e-con e-child\" data-id=\"784d522\" data-element_type=\"container\">\n\t\t\t\t<div class=\"elementor-element elementor-element-f56850e elementor-icon-list--layout-traditional elementor-list-item-link-full_width elementor-widget elementor-widget-icon-list\" data-id=\"f56850e\" data-element_type=\"widget\" data-widget_type=\"icon-list.default\">\n\t\t\t\t<div class=\"elementor-widget-container\">\n\t\t\t\t\t<ul class=\"elementor-icon-list-items\">\n\t\t\t\t\t\t\t<li class=\"elementor-icon-list-item\">\n\t\t\t\t\t\t\t\t\t\t\t<a href=\"https:\/\/floridaamendmentguide.com\/es\/florida-amendment-5\/\">\n\n\t\t\t\t\t\t\t\t\t\t\t\t<span class=\"elementor-icon-list-icon\">\n\t\t\t\t\t\t\t<svg aria-hidden=\"true\" class=\"e-font-icon-svg e-fas-chevron-circle-right\" viewbox=\"0 0 512 512\" xmlns=\"http:\/\/www.w3.org\/2000\/svg\"><path d=\"M256 8c137 0 248 111 248 248S393 504 256 504 8 393 8 256 119 8 256 8zm113.9 231L234.4 103.5c-9.4-9.4-24.6-9.4-33.9 0l-17 17c-9.4 9.4-9.4 24.6 0 33.9L285.1 256 183.5 357.6c-9.4 9.4-9.4 24.6 0 33.9l17 17c9.4 9.4 24.6 9.4 33.9 0L369.9 273c9.4-9.4 9.4-24.6 0-34z\"><\/path><\/svg>\t\t\t\t\t\t<\/span>\n\t\t\t\t\t\t\t\t\t\t<span class=\"elementor-icon-list-text\">Enmienda 5<\/span>\n\t\t\t\t\t\t\t\t\t\t\t<\/a>\n\t\t\t\t\t\t\t\t\t<\/li>\n\t\t\t\t\t\t<\/ul>\n\t\t\t\t<\/div>\n\t\t\t\t<\/div>\n\t\t\t\t<\/div>\n\t\t\t\t\t<\/div>\n\t\t\t\t<\/div>\n\t\t<div class=\"elementor-element elementor-element-151934b e-flex e-con-boxed e-con e-parent\" data-id=\"151934b\" data-element_type=\"container\">\n\t\t\t\t\t<div class=\"e-con-inner\">\n\t\t\t\t<div class=\"elementor-element elementor-element-8d1dd5f elementor-widget elementor-widget-text-editor\" data-id=\"8d1dd5f\" data-element_type=\"widget\" data-widget_type=\"text-editor.default\">\n\t\t\t\t<div class=\"elementor-widget-container\">\n\t\t\t\t\t\t\t<p><em>La informaci\u00f3n de esta p\u00e1gina fue proporcionada por el no partidista <a href=\"https:\/\/www.vote411.org\/florida\" target=\"_blank\" rel=\"noopener\">Liga de Mujeres Votantes de Florida.<\/a><\/em><\/p>\t\t\t\t\t\t<\/div>\n\t\t\t\t<\/div>\n\t\t\t\t<div class=\"elementor-element elementor-element-3f6c414 elementor-widget elementor-widget-image\" data-id=\"3f6c414\" data-element_type=\"widget\" data-widget_type=\"image.default\">\n\t\t\t\t<div class=\"elementor-widget-container\">\n\t\t\t<style>\/*! elementor - v3.23.0 - 05-08-2024 *\/\n.elementor-widget-image{text-align:center}.elementor-widget-image a{display:inline-block}.elementor-widget-image a img[src$=\".svg\"]{width:48px}.elementor-widget-image img{vertical-align:middle;display:inline-block}<\/style>\t\t\t\t\t\t\t\t\t\t\t<a href=\"https:\/\/www.vote411.org\/florida\" target=\"_blank\">\n\t\t\t\t\t\t\t<img fetchpriority=\"high\" decoding=\"async\" width=\"800\" height=\"315\" src=\"https:\/\/floridaamendmentguide.com\/wp-content\/uploads\/2024\/08\/vote411-logo.png\" class=\"attachment-full size-full wp-image-326\" alt=\"\" srcset=\"https:\/\/floridaamendmentguide.com\/wp-content\/uploads\/2024\/08\/vote411-logo.png 800w, https:\/\/floridaamendmentguide.com\/wp-content\/uploads\/2024\/08\/vote411-logo-300x118.png 300w, https:\/\/floridaamendmentguide.com\/wp-content\/uploads\/2024\/08\/vote411-logo-768x302.png 768w, https:\/\/floridaamendmentguide.com\/wp-content\/uploads\/2024\/08\/vote411-logo-18x7.png 18w\" sizes=\"(max-width: 800px) 100vw, 800px\" \/>\t\t\t\t\t\t\t\t<\/a>\n\t\t\t\t\t\t\t\t\t\t\t\t\t<\/div>\n\t\t\t\t<\/div>\n\t\t\t\t\t<\/div>\n\t\t\t\t<\/div>\n\t\t\t\t<\/div>","protected":false},"excerpt":{"rendered":"<p>Amendment to Limit Government Interference with Abortion The information on this page was provided by the nonpartisan League of Women Voters of Florida. Ballot Language No law shall prohibit, penalize, delay, or restrict abortion before viability or when necessary to protect the patient\u2019s health, as determined by the patient\u2019s healthcare provider. This amendment does not [&hellip;]<\/p>","protected":false},"author":1,"featured_media":0,"parent":0,"menu_order":0,"comment_status":"closed","ping_status":"closed","template":"","meta":{"footnotes":""},"class_list":["post-233","page","type-page","status-publish","hentry"],"yoast_head":"<!-- This site is optimized with the Yoast SEO plugin v23.4 - https:\/\/yoast.com\/wordpress\/plugins\/seo\/ -->\n<title>Florida Amendment 4 - Informed Voters\u2019 Guide to the Amendments<\/title>\n<meta name=\"robots\" content=\"index, follow, max-snippet:-1, max-image-preview:large, max-video-preview:-1\" \/>\n<link rel=\"canonical\" href=\"https:\/\/floridaamendmentguide.com\/es\/florida-amendment-4\/\" \/>\n<meta property=\"og:locale\" content=\"es_MX\" \/>\n<meta property=\"og:type\" content=\"article\" \/>\n<meta property=\"og:title\" content=\"Florida Amendment 4 - Informed Voters\u2019 Guide to the Amendments\" \/>\n<meta property=\"og:description\" content=\"Amendment to Limit Government Interference with Abortion The information on this page was provided by the nonpartisan League of Women Voters of Florida. Ballot Language No law shall prohibit, penalize, delay, or restrict abortion before viability or when necessary to protect the patient\u2019s health, as determined by the patient\u2019s healthcare provider. This amendment does not [&hellip;]\" \/>\n<meta property=\"og:url\" content=\"https:\/\/floridaamendmentguide.com\/es\/florida-amendment-4\/\" \/>\n<meta property=\"og:site_name\" content=\"Informed Voters\u2019 Guide to the Amendments\" \/>\n<meta property=\"article:modified_time\" content=\"2024-09-04T12:05:44+00:00\" \/>\n<meta property=\"og:image\" content=\"https:\/\/floridaamendmentguide.com\/wp-content\/uploads\/2024\/08\/informed-voters-guide-social.jpg\" \/>\n\t<meta property=\"og:image:width\" content=\"1200\" \/>\n\t<meta property=\"og:image:height\" content=\"630\" \/>\n\t<meta property=\"og:image:type\" content=\"image\/jpeg\" \/>\n<meta name=\"twitter:card\" content=\"summary_large_image\" \/>\n<meta name=\"twitter:image\" content=\"https:\/\/floridaamendmentguide.com\/wp-content\/uploads\/2024\/08\/informed-voters-guide-social.jpg\" \/>\n<meta name=\"twitter:label1\" content=\"Tiempo de lectura\" \/>\n\t<meta name=\"twitter:data1\" content=\"3 minutos\" \/>\n<script type=\"application\/ld+json\" class=\"yoast-schema-graph\">{\"@context\":\"https:\/\/schema.org\",\"@graph\":[{\"@type\":\"WebPage\",\"@id\":\"https:\/\/floridaamendmentguide.com\/florida-amendment-4\/\",\"url\":\"https:\/\/floridaamendmentguide.com\/florida-amendment-4\/\",\"name\":\"Florida Amendment 4 - Informed Voters\u2019 Guide to the Amendments\",\"isPartOf\":{\"@id\":\"https:\/\/floridaamendmentguide.com\/#website\"},\"primaryImageOfPage\":{\"@id\":\"https:\/\/floridaamendmentguide.com\/florida-amendment-4\/#primaryimage\"},\"image\":{\"@id\":\"https:\/\/floridaamendmentguide.com\/florida-amendment-4\/#primaryimage\"},\"thumbnailUrl\":\"https:\/\/floridaamendmentguide.com\/wp-content\/uploads\/2024\/08\/vote411-logo.png\",\"datePublished\":\"2024-08-13T13:39:15+00:00\",\"dateModified\":\"2024-09-04T12:05:44+00:00\",\"breadcrumb\":{\"@id\":\"https:\/\/floridaamendmentguide.com\/florida-amendment-4\/#breadcrumb\"},\"inLanguage\":\"es\",\"potentialAction\":[{\"@type\":\"ReadAction\",\"target\":[\"https:\/\/floridaamendmentguide.com\/florida-amendment-4\/\"]}]},{\"@type\":\"ImageObject\",\"inLanguage\":\"es\",\"@id\":\"https:\/\/floridaamendmentguide.com\/florida-amendment-4\/#primaryimage\",\"url\":\"https:\/\/floridaamendmentguide.com\/wp-content\/uploads\/2024\/08\/vote411-logo.png\",\"contentUrl\":\"https:\/\/floridaamendmentguide.com\/wp-content\/uploads\/2024\/08\/vote411-logo.png\"},{\"@type\":\"BreadcrumbList\",\"@id\":\"https:\/\/floridaamendmentguide.com\/florida-amendment-4\/#breadcrumb\",\"itemListElement\":[{\"@type\":\"ListItem\",\"position\":1,\"name\":\"Home\",\"item\":\"https:\/\/floridaamendmentguide.com\/\"},{\"@type\":\"ListItem\",\"position\":2,\"name\":\"Florida Amendment 4\"}]},{\"@type\":\"WebSite\",\"@id\":\"https:\/\/floridaamendmentguide.com\/#website\",\"url\":\"https:\/\/floridaamendmentguide.com\/\",\"name\":\"Informed Voters\u2019 Guide to the Amendments\",\"description\":\"\",\"publisher\":{\"@id\":\"https:\/\/floridaamendmentguide.com\/#organization\"},\"potentialAction\":[{\"@type\":\"SearchAction\",\"target\":{\"@type\":\"EntryPoint\",\"urlTemplate\":\"https:\/\/floridaamendmentguide.com\/?s={search_term_string}\"},\"query-input\":{\"@type\":\"PropertyValueSpecification\",\"valueRequired\":true,\"valueName\":\"search_term_string\"}}],\"inLanguage\":\"es\"},{\"@type\":\"Organization\",\"@id\":\"https:\/\/floridaamendmentguide.com\/#organization\",\"name\":\"Informed Voters\u2019 Guide to the Amendments\",\"url\":\"https:\/\/floridaamendmentguide.com\/\",\"logo\":{\"@type\":\"ImageObject\",\"inLanguage\":\"es\",\"@id\":\"https:\/\/floridaamendmentguide.com\/#\/schema\/logo\/image\/\",\"url\":\"https:\/\/floridaamendmentguide.com\/wp-content\/uploads\/2024\/08\/informevotersguide-fb-scaled.jpg\",\"contentUrl\":\"https:\/\/floridaamendmentguide.com\/wp-content\/uploads\/2024\/08\/informevotersguide-fb-scaled.jpg\",\"width\":2560,\"height\":1330,\"caption\":\"Informed Voters\u2019 Guide to the Amendments\"},\"image\":{\"@id\":\"https:\/\/floridaamendmentguide.com\/#\/schema\/logo\/image\/\"}}]}<\/script>\n<!-- \/ Yoast SEO plugin. -->","yoast_head_json":{"title":"Florida Amendment 4 - Informed Voters\u2019 Guide to the Amendments","robots":{"index":"index","follow":"follow","max-snippet":"max-snippet:-1","max-image-preview":"max-image-preview:large","max-video-preview":"max-video-preview:-1"},"canonical":"https:\/\/floridaamendmentguide.com\/es\/florida-amendment-4\/","og_locale":"es_MX","og_type":"article","og_title":"Florida Amendment 4 - Informed Voters\u2019 Guide to the Amendments","og_description":"Amendment to Limit Government Interference with Abortion The information on this page was provided by the nonpartisan League of Women Voters of Florida. Ballot Language No law shall prohibit, penalize, delay, or restrict abortion before viability or when necessary to protect the patient\u2019s health, as determined by the patient\u2019s healthcare provider. This amendment does not [&hellip;]","og_url":"https:\/\/floridaamendmentguide.com\/es\/florida-amendment-4\/","og_site_name":"Informed Voters\u2019 Guide to the Amendments","article_modified_time":"2024-09-04T12:05:44+00:00","og_image":[{"width":1200,"height":630,"url":"https:\/\/floridaamendmentguide.com\/wp-content\/uploads\/2024\/08\/informed-voters-guide-social.jpg","type":"image\/jpeg"}],"twitter_card":"summary_large_image","twitter_image":"https:\/\/floridaamendmentguide.com\/wp-content\/uploads\/2024\/08\/informed-voters-guide-social.jpg","twitter_misc":{"Tiempo de lectura":"3 minutos"},"schema":{"@context":"https:\/\/schema.org","@graph":[{"@type":"WebPage","@id":"https:\/\/floridaamendmentguide.com\/florida-amendment-4\/","url":"https:\/\/floridaamendmentguide.com\/florida-amendment-4\/","name":"Florida Amendment 4 - Informed Voters\u2019 Guide to the Amendments","isPartOf":{"@id":"https:\/\/floridaamendmentguide.com\/#website"},"primaryImageOfPage":{"@id":"https:\/\/floridaamendmentguide.com\/florida-amendment-4\/#primaryimage"},"image":{"@id":"https:\/\/floridaamendmentguide.com\/florida-amendment-4\/#primaryimage"},"thumbnailUrl":"https:\/\/floridaamendmentguide.com\/wp-content\/uploads\/2024\/08\/vote411-logo.png","datePublished":"2024-08-13T13:39:15+00:00","dateModified":"2024-09-04T12:05:44+00:00","breadcrumb":{"@id":"https:\/\/floridaamendmentguide.com\/florida-amendment-4\/#breadcrumb"},"inLanguage":"es","potentialAction":[{"@type":"ReadAction","target":["https:\/\/floridaamendmentguide.com\/florida-amendment-4\/"]}]},{"@type":"ImageObject","inLanguage":"es","@id":"https:\/\/floridaamendmentguide.com\/florida-amendment-4\/#primaryimage","url":"https:\/\/floridaamendmentguide.com\/wp-content\/uploads\/2024\/08\/vote411-logo.png","contentUrl":"https:\/\/floridaamendmentguide.com\/wp-content\/uploads\/2024\/08\/vote411-logo.png"},{"@type":"BreadcrumbList","@id":"https:\/\/floridaamendmentguide.com\/florida-amendment-4\/#breadcrumb","itemListElement":[{"@type":"ListItem","position":1,"name":"Home","item":"https:\/\/floridaamendmentguide.com\/"},{"@type":"ListItem","position":2,"name":"Florida Amendment 4"}]},{"@type":"WebSite","@id":"https:\/\/floridaamendmentguide.com\/#website","url":"https:\/\/floridaamendmentguide.com\/","name":"Informed Voters\u2019 Guide to the Amendments","description":"","publisher":{"@id":"https:\/\/floridaamendmentguide.com\/#organization"},"potentialAction":[{"@type":"SearchAction","target":{"@type":"EntryPoint","urlTemplate":"https:\/\/floridaamendmentguide.com\/?s={search_term_string}"},"query-input":{"@type":"PropertyValueSpecification","valueRequired":true,"valueName":"search_term_string"}}],"inLanguage":"es"},{"@type":"Organization","@id":"https:\/\/floridaamendmentguide.com\/#organization","name":"Informed Voters\u2019 Guide to the Amendments","url":"https:\/\/floridaamendmentguide.com\/","logo":{"@type":"ImageObject","inLanguage":"es","@id":"https:\/\/floridaamendmentguide.com\/#\/schema\/logo\/image\/","url":"https:\/\/floridaamendmentguide.com\/wp-content\/uploads\/2024\/08\/informevotersguide-fb-scaled.jpg","contentUrl":"https:\/\/floridaamendmentguide.com\/wp-content\/uploads\/2024\/08\/informevotersguide-fb-scaled.jpg","width":2560,"height":1330,"caption":"Informed Voters\u2019 Guide to the Amendments"},"image":{"@id":"https:\/\/floridaamendmentguide.com\/#\/schema\/logo\/image\/"}}]}},"_links":{"self":[{"href":"https:\/\/floridaamendmentguide.com\/es\/wp-json\/wp\/v2\/pages\/233","targetHints":{"allow":["GET"]}}],"collection":[{"href":"https:\/\/floridaamendmentguide.com\/es\/wp-json\/wp\/v2\/pages"}],"about":[{"href":"https:\/\/floridaamendmentguide.com\/es\/wp-json\/wp\/v2\/types\/page"}],"author":[{"embeddable":true,"href":"https:\/\/floridaamendmentguide.com\/es\/wp-json\/wp\/v2\/users\/1"}],"replies":[{"embeddable":true,"href":"https:\/\/floridaamendmentguide.com\/es\/wp-json\/wp\/v2\/comments?post=233"}],"version-history":[{"count":19,"href":"https:\/\/floridaamendmentguide.com\/es\/wp-json\/wp\/v2\/pages\/233\/revisions"}],"predecessor-version":[{"id":503,"href":"https:\/\/floridaamendmentguide.com\/es\/wp-json\/wp\/v2\/pages\/233\/revisions\/503"}],"wp:attachment":[{"href":"https:\/\/floridaamendmentguide.com\/es\/wp-json\/wp\/v2\/media?parent=233"}],"curies":[{"name":"wp","href":"https:\/\/api.w.org\/{rel}","templated":true}]}}