{"id":222,"date":"2024-08-13T13:35:10","date_gmt":"2024-08-13T13:35:10","guid":{"rendered":"https:\/\/floridaamendmentguide.com\/?page_id=222"},"modified":"2024-09-04T12:05:32","modified_gmt":"2024-09-04T12:05:32","slug":"florida-amendment-3","status":"publish","type":"page","link":"https:\/\/floridaamendmentguide.com\/es\/florida-amendment-3\/","title":{"rendered":"Enmienda 3 de Florida"},"content":{"rendered":"<div data-elementor-type=\"wp-page\" data-elementor-id=\"222\" class=\"elementor elementor-222\" data-elementor-post-type=\"page\">\n\t\t\t\t<div class=\"elementor-element elementor-element-6315607 e-flex e-con-boxed e-con e-parent\" data-id=\"6315607\" data-element_type=\"container\">\n\t\t\t\t\t<div class=\"e-con-inner\">\n\t\t\t\t<div class=\"elementor-element elementor-element-d4479fe elementor-widget elementor-widget-heading\" data-id=\"d4479fe\" data-element_type=\"widget\" data-widget_type=\"heading.default\">\n\t\t\t\t<div class=\"elementor-widget-container\">\n\t\t\t<h2 class=\"elementor-heading-title elementor-size-default\">Uso personal de marihuana por parte de adultos<\/h2>\t\t<\/div>\n\t\t\t\t<\/div>\n\t\t<div class=\"elementor-element elementor-element-d3debe6 e-con-full e-flex e-con e-child\" data-id=\"d3debe6\" data-element_type=\"container\">\n\t\t\t\t<div class=\"elementor-element elementor-element-ac6c287 elementor-widget elementor-widget-text-editor\" data-id=\"ac6c287\" data-element_type=\"widget\" data-widget_type=\"text-editor.default\">\n\t\t\t\t<div class=\"elementor-widget-container\">\n\t\t\t<style>\/*! elementor - v3.23.0 - 05-08-2024 *\/\n.elementor-widget-text-editor.elementor-drop-cap-view-stacked .elementor-drop-cap{background-color:#69727d;color:#fff}.elementor-widget-text-editor.elementor-drop-cap-view-framed .elementor-drop-cap{color:#69727d;border:3px solid;background-color:transparent}.elementor-widget-text-editor:not(.elementor-drop-cap-view-default) .elementor-drop-cap{margin-top:8px}.elementor-widget-text-editor:not(.elementor-drop-cap-view-default) .elementor-drop-cap-letter{width:1em;height:1em}.elementor-widget-text-editor .elementor-drop-cap{float:left;text-align:center;line-height:1;font-size:50px}.elementor-widget-text-editor .elementor-drop-cap-letter{display:inline-block}<\/style>\t\t\t\t<p><strong><em>La informaci\u00f3n de esta p\u00e1gina fue proporcionada por el no partidista <a href=\"https:\/\/www.vote411.org\/florida\" target=\"_blank\" rel=\"noopener\">Liga de Mujeres Votantes de Florida.<\/a><\/em><\/strong><\/p>\t\t\t\t\t\t<\/div>\n\t\t\t\t<\/div>\n\t\t\t\t<\/div>\n\t\t\t\t<div class=\"elementor-element elementor-element-495f0df elementor-widget elementor-widget-text-editor\" data-id=\"495f0df\" data-element_type=\"widget\" data-widget_type=\"text-editor.default\">\n\t\t\t\t<div class=\"elementor-widget-container\">\n\t\t\t\t\t\t\t<p><b>Lenguaje de la boleta<\/b><span style=\"font-weight: 400;\"><br \/><\/span><\/p><p><span style=\"font-weight: 400;\">Permite a los adultos de 21 a\u00f1os o m\u00e1s poseer, comprar o usar productos de marihuana y accesorios de marihuana para consumo personal no m\u00e9dico, ya sea fumando, ingiriendo o de otra manera; permite a los Centros de Tratamiento de Marihuana Medicinal y otras entidades con licencia estatal adquirir, cultivar, procesar, fabricar, vender y distribuir dichos productos y accesorios. Se aplica a la ley de Florida; no cambia ni inmuniza las violaciones de la ley federal. Establece l\u00edmites de posesi\u00f3n para uso personal. Permite una legislaci\u00f3n consistente. Define t\u00e9rminos. Proporciona fecha de vigencia.<\/span><\/p>\t\t\t\t\t\t<\/div>\n\t\t\t\t<\/div>\n\t\t\t\t<div class=\"elementor-element elementor-element-2dd6b36 elementor-widget elementor-widget-heading\" data-id=\"2dd6b36\" data-element_type=\"widget\" data-widget_type=\"heading.default\">\n\t\t\t\t<div class=\"elementor-widget-container\">\n\t\t\t<h3 class=\"elementor-heading-title elementor-size-default\">Sinopsis<\/h3>\t\t<\/div>\n\t\t\t\t<\/div>\n\t\t\t\t<div class=\"elementor-element elementor-element-757ba82 elementor-widget elementor-widget-text-editor\" data-id=\"757ba82\" data-element_type=\"widget\" data-widget_type=\"text-editor.default\">\n\t\t\t\t<div class=\"elementor-widget-container\">\n\t\t\t\t\t\t\t<p><span style=\"font-weight: 400;\">Actualmente, la posesi\u00f3n y el uso de marihuana sin fines m\u00e9dicos es ilegal seg\u00fan las leyes estatales y federales, y los infractores de esas leyes est\u00e1n sujetos a procesamiento penal dependiendo de la cantidad de marihuana que posean o usen.<\/span><\/p><p><span style=\"font-weight: 400;\">La Enmienda 3 propuesta legalizar\u00eda la marihuana recreativa para adultos mayores de 21 a\u00f1os. Se permitir\u00eda a las personas poseer hasta tres (3) onzas de marihuana (aproximadamente 85 gramos), con hasta cinco (5) gramos en forma de concentrado. Los centros de tratamiento de marihuana medicinal existentes estar\u00edan autorizados bajo la iniciativa a vender marihuana a adultos para uso personal. La Legislatura estatal podr\u00eda modificar la ley estatal para permitir la concesi\u00f3n de licencias a entidades distintas a los centros de tratamiento de marihuana medicinal existentes para cultivar y vender productos de marihuana.<\/span><\/p><p><span style=\"font-weight: 400;\">El impacto financiero de la enmienda proviene principalmente de las recaudaciones esperadas del impuesto a las ventas. Si la enmienda se aprueba, las ventas de marihuana no medicinal estar\u00edan sujetas al impuesto a las ventas. Seg\u00fan las experiencias de otros estados, las ventas minoristas esperadas de marihuana no medicinal generar\u00edan entre 195,6 y 431,3 millones de d\u00f3lares anuales en ingresos por impuestos a las ventas estatales y locales una vez que el mercado minorista est\u00e9 en pleno funcionamiento. Si Florida agrega un impuesto especial, como algunos otros estados que han legalizado la marihuana recreativa, la cantidad de nuevos ingresos podr\u00eda m\u00e1s del doble. Se necesitar\u00e1 una nueva estructura regulatoria, pero los costos regulatorios estimados en 11,4 millones de d\u00f3lares despu\u00e9s del primer a\u00f1o, probablemente se compensar\u00e1n con los ingresos por tarifas regulatorias.<\/span><\/p><p><span style=\"font-weight: 400;\">Esta enmienda se present\u00f3 a votaci\u00f3n a trav\u00e9s de una iniciativa ciudadana. Actualmente, 24 estados han legalizado la marihuana recreativa. Esta enmienda no impedir\u00eda que se aprobaran leyes adicionales para restringir los lugares donde se puede fumar, como por ejemplo leyes que proh\u00edban fumar tabaco y vapear en las playas estatales. Adem\u00e1s, la marihuana sigue siendo ilegal a nivel federal, lo que significa que todav\u00eda no est\u00e1 permitida en terrenos federales ni en campus universitarios que reciben fondos federales.<\/span><\/p><p><b>Partidarios<\/b><span style=\"font-weight: 400;\">, incluidos Smart &amp; Safe Florida, Trulieve, Howard Bellamy y David Bellamy, dicen que se proyecta que los ingresos fiscales de la industria legal del cannabis para los gobiernos federal y estatal alcancen m\u00e1s de 1.400 millones de d\u00f3lares en 2025, y no hay evidencia de que la legalizaci\u00f3n de la marihuana para uso m\u00e9dico o recreativo a nivel estatal, como ya lo han hecho 37 estados, haya impulsado el consumo por parte de menores del mercado regulado.<\/span><\/p><p><b>Oponentes<\/b><span style=\"font-weight: 400;\">, entre los activistas, entre ellos los floridanos contra la marihuana recreativa, Drug Free America, la C\u00e1mara de Comercio de Florida, la fiscal general de Florida, Ashley Moody, y el Partido Republicano de Florida, se dice que la enmienda propuesta es enga\u00f1osa y que la marihuana es ilegal seg\u00fan la ley federal y seguir\u00e1 siendo ilegal incluso si se aprueba la enmienda propuesta 3. Adem\u00e1s, algunos temen que su uso pueda llevar al consumo de drogas ilegales adictivas m\u00e1s graves.<\/span><\/p><p><b>Un voto por el S\u00ed\u2026: <\/b><span style=\"font-weight: 400;\">Legalizar el uso recreativo de la marihuana en Florida para adultos mayores de 21 a\u00f1os, lo que permitir\u00e1 a las personas poseer hasta tres onzas de marihuana y autorizar a los Centros de Tratamiento de Marihuana Medicinal existentes a adquirir, cultivar, procesar, fabricar, vender y distribuir productos y accesorios de marihuana. Permitir que la Legislatura de Florida promulgue legislaci\u00f3n adicional que restrinja los lugares donde las personas pueden fumar y que autorice a otras entidades a adquirir, cultivar, procesar, fabricar, vender y distribuir productos y accesorios de marihuana.<\/span><\/p><p><b>Un voto por el No significar\u00eda\u2026: <\/b><span style=\"font-weight: 400;\">No legalizar la marihuana para uso recreativo de adultos en Florida y mantener las regulaciones actuales para uso m\u00e9dico.<\/span><\/p>\t\t\t\t\t\t<\/div>\n\t\t\t\t<\/div>\n\t\t\t\t\t<\/div>\n\t\t\t\t<\/div>\n\t\t<div class=\"elementor-element elementor-element-5ee564b e-flex e-con-boxed e-con e-parent\" data-id=\"5ee564b\" data-element_type=\"container\">\n\t\t\t\t\t<div class=\"e-con-inner\">\n\t\t<div class=\"elementor-element elementor-element-c387d19 e-con-full e-flex e-con e-child\" data-id=\"c387d19\" data-element_type=\"container\">\n\t\t\t\t<div class=\"elementor-element elementor-element-22780d7 elementor-icon-list--layout-traditional elementor-list-item-link-full_width elementor-widget elementor-widget-icon-list\" data-id=\"22780d7\" data-element_type=\"widget\" data-widget_type=\"icon-list.default\">\n\t\t\t\t<div class=\"elementor-widget-container\">\n\t\t\t<link rel=\"stylesheet\" href=\"https:\/\/floridaamendmentguide.com\/wp-content\/plugins\/elementor\/assets\/css\/widget-icon-list.min.css\">\t\t<ul class=\"elementor-icon-list-items\">\n\t\t\t\t\t\t\t<li class=\"elementor-icon-list-item\">\n\t\t\t\t\t\t\t\t\t\t\t<a href=\"https:\/\/floridaamendmentguide.com\/es\/florida-amendment-2\/\">\n\n\t\t\t\t\t\t\t\t\t\t\t\t<span class=\"elementor-icon-list-icon\">\n\t\t\t\t\t\t\t<svg aria-hidden=\"true\" class=\"e-font-icon-svg e-fas-chevron-circle-left\" viewbox=\"0 0 512 512\" xmlns=\"http:\/\/www.w3.org\/2000\/svg\"><path d=\"M256 504C119 504 8 393 8 256S119 8 256 8s248 111 248 248-111 248-248 248zM142.1 273l135.5 135.5c9.4 9.4 24.6 9.4 33.9 0l17-17c9.4-9.4 9.4-24.6 0-33.9L226.9 256l101.6-101.6c9.4-9.4 9.4-24.6 0-33.9l-17-17c-9.4-9.4-24.6-9.4-33.9 0L142.1 239c-9.4 9.4-9.4 24.6 0 34z\"><\/path><\/svg>\t\t\t\t\t\t<\/span>\n\t\t\t\t\t\t\t\t\t\t<span class=\"elementor-icon-list-text\">Enmienda 2<\/span>\n\t\t\t\t\t\t\t\t\t\t\t<\/a>\n\t\t\t\t\t\t\t\t\t<\/li>\n\t\t\t\t\t\t<\/ul>\n\t\t\t\t<\/div>\n\t\t\t\t<\/div>\n\t\t\t\t<\/div>\n\t\t<div class=\"elementor-element elementor-element-ea0cfa1 e-con-full e-flex e-con e-child\" data-id=\"ea0cfa1\" data-element_type=\"container\">\n\t\t\t\t<div class=\"elementor-element elementor-element-92b6f6b elementor-icon-list--layout-traditional elementor-list-item-link-full_width elementor-widget elementor-widget-icon-list\" data-id=\"92b6f6b\" data-element_type=\"widget\" data-widget_type=\"icon-list.default\">\n\t\t\t\t<div class=\"elementor-widget-container\">\n\t\t\t\t\t<ul class=\"elementor-icon-list-items\">\n\t\t\t\t\t\t\t<li class=\"elementor-icon-list-item\">\n\t\t\t\t\t\t\t\t\t\t\t<a href=\"https:\/\/floridaamendmentguide.com\/es\/florida-amendment-4\/\">\n\n\t\t\t\t\t\t\t\t\t\t\t\t<span class=\"elementor-icon-list-icon\">\n\t\t\t\t\t\t\t<svg aria-hidden=\"true\" class=\"e-font-icon-svg e-fas-chevron-circle-right\" viewbox=\"0 0 512 512\" xmlns=\"http:\/\/www.w3.org\/2000\/svg\"><path d=\"M256 8c137 0 248 111 248 248S393 504 256 504 8 393 8 256 119 8 256 8zm113.9 231L234.4 103.5c-9.4-9.4-24.6-9.4-33.9 0l-17 17c-9.4 9.4-9.4 24.6 0 33.9L285.1 256 183.5 357.6c-9.4 9.4-9.4 24.6 0 33.9l17 17c9.4 9.4 24.6 9.4 33.9 0L369.9 273c9.4-9.4 9.4-24.6 0-34z\"><\/path><\/svg>\t\t\t\t\t\t<\/span>\n\t\t\t\t\t\t\t\t\t\t<span class=\"elementor-icon-list-text\">Enmienda 4<\/span>\n\t\t\t\t\t\t\t\t\t\t\t<\/a>\n\t\t\t\t\t\t\t\t\t<\/li>\n\t\t\t\t\t\t<\/ul>\n\t\t\t\t<\/div>\n\t\t\t\t<\/div>\n\t\t\t\t<\/div>\n\t\t\t\t\t<\/div>\n\t\t\t\t<\/div>\n\t\t<div class=\"elementor-element elementor-element-6189b77 e-flex e-con-boxed e-con e-parent\" data-id=\"6189b77\" data-element_type=\"container\">\n\t\t\t\t\t<div class=\"e-con-inner\">\n\t\t\t\t<div class=\"elementor-element elementor-element-0383d33 elementor-widget elementor-widget-text-editor\" data-id=\"0383d33\" data-element_type=\"widget\" data-widget_type=\"text-editor.default\">\n\t\t\t\t<div class=\"elementor-widget-container\">\n\t\t\t\t\t\t\t<p><em>La informaci\u00f3n de esta p\u00e1gina fue proporcionada por el no partidista <a href=\"https:\/\/www.vote411.org\/florida\" target=\"_blank\" rel=\"noopener\">Liga de Mujeres Votantes de Florida.<\/a><\/em><\/p>\t\t\t\t\t\t<\/div>\n\t\t\t\t<\/div>\n\t\t\t\t<div class=\"elementor-element elementor-element-a0f9c98 elementor-widget elementor-widget-image\" data-id=\"a0f9c98\" data-element_type=\"widget\" data-widget_type=\"image.default\">\n\t\t\t\t<div class=\"elementor-widget-container\">\n\t\t\t<style>\/*! elementor - v3.23.0 - 05-08-2024 *\/\n.elementor-widget-image{text-align:center}.elementor-widget-image a{display:inline-block}.elementor-widget-image a img[src$=\".svg\"]{width:48px}.elementor-widget-image img{vertical-align:middle;display:inline-block}<\/style>\t\t\t\t\t\t\t\t\t\t\t<a href=\"https:\/\/www.vote411.org\/florida\" target=\"_blank\">\n\t\t\t\t\t\t\t<img fetchpriority=\"high\" decoding=\"async\" width=\"800\" height=\"315\" src=\"https:\/\/floridaamendmentguide.com\/wp-content\/uploads\/2024\/08\/vote411-logo.png\" class=\"attachment-full size-full wp-image-326\" alt=\"\" srcset=\"https:\/\/floridaamendmentguide.com\/wp-content\/uploads\/2024\/08\/vote411-logo.png 800w, https:\/\/floridaamendmentguide.com\/wp-content\/uploads\/2024\/08\/vote411-logo-300x118.png 300w, https:\/\/floridaamendmentguide.com\/wp-content\/uploads\/2024\/08\/vote411-logo-768x302.png 768w, https:\/\/floridaamendmentguide.com\/wp-content\/uploads\/2024\/08\/vote411-logo-18x7.png 18w\" sizes=\"(max-width: 800px) 100vw, 800px\" \/>\t\t\t\t\t\t\t\t<\/a>\n\t\t\t\t\t\t\t\t\t\t\t\t\t<\/div>\n\t\t\t\t<\/div>\n\t\t\t\t\t<\/div>\n\t\t\t\t<\/div>\n\t\t\t\t<\/div>","protected":false},"excerpt":{"rendered":"<p>Adult Personal Use of Marijuana The information on this page was provided by the nonpartisan League of Women Voters of Florida. Ballot Language Allows adults 21 years or older to possess, purchase, or use marijuana products and marijuana accessories for non-medical personal consumption by smoking, ingestion, or otherwise; allows Medical Marijuana Treatment Centers, and other [&hellip;]<\/p>","protected":false},"author":1,"featured_media":0,"parent":0,"menu_order":0,"comment_status":"closed","ping_status":"closed","template":"","meta":{"footnotes":""},"class_list":["post-222","page","type-page","status-publish","hentry"],"yoast_head":"<!-- This site is optimized with the Yoast SEO plugin v23.4 - https:\/\/yoast.com\/wordpress\/plugins\/seo\/ -->\n<title>Florida Amendment 3 - Informed Voters\u2019 Guide to the Amendments<\/title>\n<meta name=\"robots\" content=\"index, follow, max-snippet:-1, max-image-preview:large, max-video-preview:-1\" \/>\n<link rel=\"canonical\" href=\"https:\/\/floridaamendmentguide.com\/es\/florida-amendment-3\/\" \/>\n<meta property=\"og:locale\" content=\"es_MX\" \/>\n<meta property=\"og:type\" content=\"article\" \/>\n<meta property=\"og:title\" content=\"Florida Amendment 3 - Informed Voters\u2019 Guide to the Amendments\" \/>\n<meta property=\"og:description\" content=\"Adult Personal Use of Marijuana The information on this page was provided by the nonpartisan League of Women Voters of Florida. Ballot Language Allows adults 21 years or older to possess, purchase, or use marijuana products and marijuana accessories for non-medical personal consumption by smoking, ingestion, or otherwise; allows Medical Marijuana Treatment Centers, and other [&hellip;]\" \/>\n<meta property=\"og:url\" content=\"https:\/\/floridaamendmentguide.com\/es\/florida-amendment-3\/\" \/>\n<meta property=\"og:site_name\" content=\"Informed Voters\u2019 Guide to the Amendments\" \/>\n<meta property=\"article:modified_time\" content=\"2024-09-04T12:05:32+00:00\" \/>\n<meta property=\"og:image\" content=\"https:\/\/floridaamendmentguide.com\/wp-content\/uploads\/2024\/08\/informed-voters-guide-social.jpg\" \/>\n\t<meta property=\"og:image:width\" content=\"1200\" \/>\n\t<meta property=\"og:image:height\" content=\"630\" \/>\n\t<meta property=\"og:image:type\" content=\"image\/jpeg\" \/>\n<meta name=\"twitter:card\" content=\"summary_large_image\" \/>\n<meta name=\"twitter:image\" content=\"https:\/\/floridaamendmentguide.com\/wp-content\/uploads\/2024\/08\/informed-voters-guide-social.jpg\" \/>\n<meta name=\"twitter:label1\" content=\"Tiempo de lectura\" \/>\n\t<meta name=\"twitter:data1\" content=\"4 minutos\" \/>\n<script type=\"application\/ld+json\" class=\"yoast-schema-graph\">{\"@context\":\"https:\/\/schema.org\",\"@graph\":[{\"@type\":\"WebPage\",\"@id\":\"https:\/\/floridaamendmentguide.com\/florida-amendment-3\/\",\"url\":\"https:\/\/floridaamendmentguide.com\/florida-amendment-3\/\",\"name\":\"Florida Amendment 3 - Informed Voters\u2019 Guide to the Amendments\",\"isPartOf\":{\"@id\":\"https:\/\/floridaamendmentguide.com\/#website\"},\"primaryImageOfPage\":{\"@id\":\"https:\/\/floridaamendmentguide.com\/florida-amendment-3\/#primaryimage\"},\"image\":{\"@id\":\"https:\/\/floridaamendmentguide.com\/florida-amendment-3\/#primaryimage\"},\"thumbnailUrl\":\"https:\/\/floridaamendmentguide.com\/wp-content\/uploads\/2024\/08\/vote411-logo.png\",\"datePublished\":\"2024-08-13T13:35:10+00:00\",\"dateModified\":\"2024-09-04T12:05:32+00:00\",\"breadcrumb\":{\"@id\":\"https:\/\/floridaamendmentguide.com\/florida-amendment-3\/#breadcrumb\"},\"inLanguage\":\"es\",\"potentialAction\":[{\"@type\":\"ReadAction\",\"target\":[\"https:\/\/floridaamendmentguide.com\/florida-amendment-3\/\"]}]},{\"@type\":\"ImageObject\",\"inLanguage\":\"es\",\"@id\":\"https:\/\/floridaamendmentguide.com\/florida-amendment-3\/#primaryimage\",\"url\":\"https:\/\/floridaamendmentguide.com\/wp-content\/uploads\/2024\/08\/vote411-logo.png\",\"contentUrl\":\"https:\/\/floridaamendmentguide.com\/wp-content\/uploads\/2024\/08\/vote411-logo.png\"},{\"@type\":\"BreadcrumbList\",\"@id\":\"https:\/\/floridaamendmentguide.com\/florida-amendment-3\/#breadcrumb\",\"itemListElement\":[{\"@type\":\"ListItem\",\"position\":1,\"name\":\"Home\",\"item\":\"https:\/\/floridaamendmentguide.com\/\"},{\"@type\":\"ListItem\",\"position\":2,\"name\":\"Florida Amendment 3\"}]},{\"@type\":\"WebSite\",\"@id\":\"https:\/\/floridaamendmentguide.com\/#website\",\"url\":\"https:\/\/floridaamendmentguide.com\/\",\"name\":\"Informed Voters\u2019 Guide to the Amendments\",\"description\":\"\",\"publisher\":{\"@id\":\"https:\/\/floridaamendmentguide.com\/#organization\"},\"potentialAction\":[{\"@type\":\"SearchAction\",\"target\":{\"@type\":\"EntryPoint\",\"urlTemplate\":\"https:\/\/floridaamendmentguide.com\/?s={search_term_string}\"},\"query-input\":{\"@type\":\"PropertyValueSpecification\",\"valueRequired\":true,\"valueName\":\"search_term_string\"}}],\"inLanguage\":\"es\"},{\"@type\":\"Organization\",\"@id\":\"https:\/\/floridaamendmentguide.com\/#organization\",\"name\":\"Informed Voters\u2019 Guide to the Amendments\",\"url\":\"https:\/\/floridaamendmentguide.com\/\",\"logo\":{\"@type\":\"ImageObject\",\"inLanguage\":\"es\",\"@id\":\"https:\/\/floridaamendmentguide.com\/#\/schema\/logo\/image\/\",\"url\":\"https:\/\/floridaamendmentguide.com\/wp-content\/uploads\/2024\/08\/informevotersguide-fb-scaled.jpg\",\"contentUrl\":\"https:\/\/floridaamendmentguide.com\/wp-content\/uploads\/2024\/08\/informevotersguide-fb-scaled.jpg\",\"width\":2560,\"height\":1330,\"caption\":\"Informed Voters\u2019 Guide to the Amendments\"},\"image\":{\"@id\":\"https:\/\/floridaamendmentguide.com\/#\/schema\/logo\/image\/\"}}]}<\/script>\n<!-- \/ Yoast SEO plugin. -->","yoast_head_json":{"title":"Florida Amendment 3 - Informed Voters\u2019 Guide to the Amendments","robots":{"index":"index","follow":"follow","max-snippet":"max-snippet:-1","max-image-preview":"max-image-preview:large","max-video-preview":"max-video-preview:-1"},"canonical":"https:\/\/floridaamendmentguide.com\/es\/florida-amendment-3\/","og_locale":"es_MX","og_type":"article","og_title":"Florida Amendment 3 - Informed Voters\u2019 Guide to the Amendments","og_description":"Adult Personal Use of Marijuana The information on this page was provided by the nonpartisan League of Women Voters of Florida. Ballot Language Allows adults 21 years or older to possess, purchase, or use marijuana products and marijuana accessories for non-medical personal consumption by smoking, ingestion, or otherwise; allows Medical Marijuana Treatment Centers, and other [&hellip;]","og_url":"https:\/\/floridaamendmentguide.com\/es\/florida-amendment-3\/","og_site_name":"Informed Voters\u2019 Guide to the Amendments","article_modified_time":"2024-09-04T12:05:32+00:00","og_image":[{"width":1200,"height":630,"url":"https:\/\/floridaamendmentguide.com\/wp-content\/uploads\/2024\/08\/informed-voters-guide-social.jpg","type":"image\/jpeg"}],"twitter_card":"summary_large_image","twitter_image":"https:\/\/floridaamendmentguide.com\/wp-content\/uploads\/2024\/08\/informed-voters-guide-social.jpg","twitter_misc":{"Tiempo de lectura":"4 minutos"},"schema":{"@context":"https:\/\/schema.org","@graph":[{"@type":"WebPage","@id":"https:\/\/floridaamendmentguide.com\/florida-amendment-3\/","url":"https:\/\/floridaamendmentguide.com\/florida-amendment-3\/","name":"Florida Amendment 3 - Informed Voters\u2019 Guide to the Amendments","isPartOf":{"@id":"https:\/\/floridaamendmentguide.com\/#website"},"primaryImageOfPage":{"@id":"https:\/\/floridaamendmentguide.com\/florida-amendment-3\/#primaryimage"},"image":{"@id":"https:\/\/floridaamendmentguide.com\/florida-amendment-3\/#primaryimage"},"thumbnailUrl":"https:\/\/floridaamendmentguide.com\/wp-content\/uploads\/2024\/08\/vote411-logo.png","datePublished":"2024-08-13T13:35:10+00:00","dateModified":"2024-09-04T12:05:32+00:00","breadcrumb":{"@id":"https:\/\/floridaamendmentguide.com\/florida-amendment-3\/#breadcrumb"},"inLanguage":"es","potentialAction":[{"@type":"ReadAction","target":["https:\/\/floridaamendmentguide.com\/florida-amendment-3\/"]}]},{"@type":"ImageObject","inLanguage":"es","@id":"https:\/\/floridaamendmentguide.com\/florida-amendment-3\/#primaryimage","url":"https:\/\/floridaamendmentguide.com\/wp-content\/uploads\/2024\/08\/vote411-logo.png","contentUrl":"https:\/\/floridaamendmentguide.com\/wp-content\/uploads\/2024\/08\/vote411-logo.png"},{"@type":"BreadcrumbList","@id":"https:\/\/floridaamendmentguide.com\/florida-amendment-3\/#breadcrumb","itemListElement":[{"@type":"ListItem","position":1,"name":"Home","item":"https:\/\/floridaamendmentguide.com\/"},{"@type":"ListItem","position":2,"name":"Florida Amendment 3"}]},{"@type":"WebSite","@id":"https:\/\/floridaamendmentguide.com\/#website","url":"https:\/\/floridaamendmentguide.com\/","name":"Informed Voters\u2019 Guide to the Amendments","description":"","publisher":{"@id":"https:\/\/floridaamendmentguide.com\/#organization"},"potentialAction":[{"@type":"SearchAction","target":{"@type":"EntryPoint","urlTemplate":"https:\/\/floridaamendmentguide.com\/?s={search_term_string}"},"query-input":{"@type":"PropertyValueSpecification","valueRequired":true,"valueName":"search_term_string"}}],"inLanguage":"es"},{"@type":"Organization","@id":"https:\/\/floridaamendmentguide.com\/#organization","name":"Informed Voters\u2019 Guide to the Amendments","url":"https:\/\/floridaamendmentguide.com\/","logo":{"@type":"ImageObject","inLanguage":"es","@id":"https:\/\/floridaamendmentguide.com\/#\/schema\/logo\/image\/","url":"https:\/\/floridaamendmentguide.com\/wp-content\/uploads\/2024\/08\/informevotersguide-fb-scaled.jpg","contentUrl":"https:\/\/floridaamendmentguide.com\/wp-content\/uploads\/2024\/08\/informevotersguide-fb-scaled.jpg","width":2560,"height":1330,"caption":"Informed Voters\u2019 Guide to the Amendments"},"image":{"@id":"https:\/\/floridaamendmentguide.com\/#\/schema\/logo\/image\/"}}]}},"_links":{"self":[{"href":"https:\/\/floridaamendmentguide.com\/es\/wp-json\/wp\/v2\/pages\/222","targetHints":{"allow":["GET"]}}],"collection":[{"href":"https:\/\/floridaamendmentguide.com\/es\/wp-json\/wp\/v2\/pages"}],"about":[{"href":"https:\/\/floridaamendmentguide.com\/es\/wp-json\/wp\/v2\/types\/page"}],"author":[{"embeddable":true,"href":"https:\/\/floridaamendmentguide.com\/es\/wp-json\/wp\/v2\/users\/1"}],"replies":[{"embeddable":true,"href":"https:\/\/floridaamendmentguide.com\/es\/wp-json\/wp\/v2\/comments?post=222"}],"version-history":[{"count":22,"href":"https:\/\/floridaamendmentguide.com\/es\/wp-json\/wp\/v2\/pages\/222\/revisions"}],"predecessor-version":[{"id":500,"href":"https:\/\/floridaamendmentguide.com\/es\/wp-json\/wp\/v2\/pages\/222\/revisions\/500"}],"wp:attachment":[{"href":"https:\/\/floridaamendmentguide.com\/es\/wp-json\/wp\/v2\/media?parent=222"}],"curies":[{"name":"wp","href":"https:\/\/api.w.org\/{rel}","templated":true}]}}